{"id":6202,"date":"2026-02-11T06:32:45","date_gmt":"2026-02-11T03:32:45","guid":{"rendered":"https:\/\/movieix.com\/?page_id=6202"},"modified":"2026-05-13T08:07:05","modified_gmt":"2026-05-13T05:07:05","slug":"raccomandazioni-attore","status":"publish","type":"page","link":"https:\/\/movieix.com\/it\/actor-recommendations\/","title":{"rendered":"Raccomandazioni di attori"},"content":{"rendered":"<section class=\"wpb-content-wrapper\"><div class=\"vc_row wpb_row vc_row-fluid\" ><div class=\"wpb_column vc_column_container vc_col-sm-12\"><div class=\"vc_column-inner\"><div class=\"wpb_wrapper\"><div class=\"edgtf-blog-list-holder edgtf-bl-boxed edgtf-bl-three-columns edgtf-large-space  edgtf-bl-has-image edgtf-bl-pag-load-more\"  data-type=\"boxed\" data-number-of-posts=\"9\" data-number-of-columns=\"3\" data-space-between-items=\"large\" data-category=\"actors\" data-orderby=\"date\" data-order=\"DESC\" data-image-size=\"full\" data-title-tag=\"h4\" data-excerpt-length=\"40\" data-post-info-section=\"no\" data-post-info-image=\"yes\" data-post-info-author=\"yes\" data-post-info-date=\"yes\" data-post-info-category=\"yes\" data-post-info-comments=\"no\" data-post-info-like=\"no\" data-post-info-share=\"no\" data-post-read-more=\"yes\" data-pagination-type=\"load-more\" data-max-num-pages=\"2\" data-next-page=\"2\">\n\t<div class=\"edgtf-bl-wrapper edgtf-outer-space\">\n\t\t<ul class=\"edgtf-blog-list\">\n\t\t\t<li class=\"edgtf-bl-item edgtf-item-space clearfix\">\n\t<div class=\"edgtf-bli-inner\">\n\t\t\n\t<div class=\"edgtf-post-image\">\n\t\t            <a itemprop=\"url\" href=\"https:\/\/movieix.com\/it\/jim-carrey-10-best-movies\/\" title=\"Jim Carrey \u2013 I 10 migliori film\">\n\t\t\t\t\t<img loading=\"lazy\" decoding=\"async\" width=\"633\" height=\"841\" src=\"https:\/\/movieix.com\/wp-content\/uploads\/2026\/04\/jim-carrey.jpg\" class=\"attachment-full size-full wp-post-image\" alt=\"\" srcset=\"https:\/\/movieix.com\/wp-content\/uploads\/2026\/04\/jim-carrey.jpg 633w, https:\/\/movieix.com\/wp-content\/uploads\/2026\/04\/jim-carrey-226x300.jpg 226w, https:\/\/movieix.com\/wp-content\/uploads\/2026\/04\/jim-carrey-9x12.jpg 9w\" sizes=\"auto, (max-width: 633px) 100vw, 633px\" \/>\t\t\t\t\t\t\t\t\t<\/a>\n\t\t\t\t\t<\/div>\n        <div class=\"edgtf-bli-content\">\n            \t\n\t        \n<h4 itemprop=\"name\" class=\"entry-title edgtf-post-title\" >\n            <a itemprop=\"url\" href=\"https:\/\/movieix.com\/it\/jim-carrey-10-best-movies\/\" title=\"Jim Carrey \u2013 I 10 migliori film\">\n            Jim Carrey \u2013 I 10 migliori film            <\/a>\n    <\/h4>\t\n\t        <div class=\"edgtf-bli-excerpt\">\n\t\t        \t\t<div class=\"edgtf-post-excerpt-holder\">\n\t\t\t<p itemprop=\"description\" class=\"edgtf-post-excerpt\">\n\t\t\t\t\r\n\r\n\r\n\r\n\r\n\r\n\r\n\r\n\r\n\r\n\r\n\r\nPochi attori sono riusciti a bilanciare una comicit\u00e0 oltraggiosa e interpretazioni emotive profonde come Jim Carrey. Noto per la sua espressivit\u00e0 elastica e la sua energia ineguagliabile, Carrey \u00e8 diventato un volto iconico della commedia degli anni &#039;90 prima di evolversi in un rispettato attore drammatico. Ecco alcuni esempi.\t\t\t<\/p>\n\t\t<\/div>\n\t\t<div class=\"edgtf-post-read-more-button\">\n\t\t<a itemprop=\"url\" href=\"https:\/\/movieix.com\/it\/jim-carrey-10-best-movies\/\" target=\"_self\"  class=\"edgtf-btn edgtf-btn-medium edgtf-btn-simple edgtf-btn- edgtf-blog-list-button edgtf-hover-animation\"  >    <span class=\"edgtf-btn-text\">Read More<\/span>    <\/a>\t<\/div>\n\t        <\/div>\n        <\/div>\n\t<\/div>\n<\/li><li class=\"edgtf-bl-item edgtf-item-space clearfix\">\n\t<div class=\"edgtf-bli-inner\">\n\t\t\n\t<div class=\"edgtf-post-image\">\n\t\t            <a itemprop=\"url\" href=\"https:\/\/movieix.com\/it\/jean-reno-10-best-movies\/\" title=\"Jean Reno \u2013 I 10 migliori film\">\n\t\t\t\t\t<img loading=\"lazy\" decoding=\"async\" width=\"633\" height=\"841\" src=\"https:\/\/movieix.com\/wp-content\/uploads\/2026\/04\/Jean-Reno.jpg\" class=\"attachment-full size-full wp-post-image\" alt=\"\" srcset=\"https:\/\/movieix.com\/wp-content\/uploads\/2026\/04\/Jean-Reno.jpg 633w, https:\/\/movieix.com\/wp-content\/uploads\/2026\/04\/Jean-Reno-226x300.jpg 226w, https:\/\/movieix.com\/wp-content\/uploads\/2026\/04\/Jean-Reno-9x12.jpg 9w\" sizes=\"auto, (max-width: 633px) 100vw, 633px\" \/>\t\t\t\t\t\t\t\t\t<\/a>\n\t\t\t\t\t<\/div>\n        <div class=\"edgtf-bli-content\">\n            \t\n\t        \n<h4 itemprop=\"name\" class=\"entry-title edgtf-post-title\" >\n            <a itemprop=\"url\" href=\"https:\/\/movieix.com\/it\/jean-reno-10-best-movies\/\" title=\"Jean Reno \u2013 I 10 migliori film\">\n            Jean Reno \u2013 I 10 migliori film            <\/a>\n    <\/h4>\t\n\t        <div class=\"edgtf-bli-excerpt\">\n\t\t        \t\t<div class=\"edgtf-post-excerpt-holder\">\n\t\t\t<p itemprop=\"description\" class=\"edgtf-post-excerpt\">\n\t\t\t\t\r\n\r\n\r\n\r\n\r\n\r\n\r\n\r\n\r\n\r\n\r\n\r\nCon una carriera che abbraccia decenni, Jean Reno si \u00e8 costruito una reputazione come uno degli attori pi\u00f9 distintivi del cinema internazionale. Noto per la sua calma intensit\u00e0, la voce profonda e la profondit\u00e0 emotiva, si muove con disinvoltura tra i classici francesi e i blockbuster hollywoodiani. Da\t\t\t<\/p>\n\t\t<\/div>\n\t\t<div class=\"edgtf-post-read-more-button\">\n\t\t<a itemprop=\"url\" href=\"https:\/\/movieix.com\/it\/jean-reno-10-best-movies\/\" target=\"_self\"  class=\"edgtf-btn edgtf-btn-medium edgtf-btn-simple edgtf-btn- edgtf-blog-list-button edgtf-hover-animation\"  >    <span class=\"edgtf-btn-text\">Read More<\/span>    <\/a>\t<\/div>\n\t        <\/div>\n        <\/div>\n\t<\/div>\n<\/li><li class=\"edgtf-bl-item edgtf-item-space clearfix\">\n\t<div class=\"edgtf-bli-inner\">\n\t\t\n\t<div class=\"edgtf-post-image\">\n\t\t            <a itemprop=\"url\" href=\"https:\/\/movieix.com\/it\/richard-gere-and-julia-roberts\/\" title=\"Richard Gere e Julia Roberts: i migliori film\">\n\t\t\t\t\t<img loading=\"lazy\" decoding=\"async\" width=\"633\" height=\"841\" src=\"https:\/\/movieix.com\/wp-content\/uploads\/2025\/08\/Richard-Gere-and-Julia-Roberts.jpg\" class=\"attachment-full size-full wp-post-image\" alt=\"\" srcset=\"https:\/\/movieix.com\/wp-content\/uploads\/2025\/08\/Richard-Gere-and-Julia-Roberts.jpg 633w, https:\/\/movieix.com\/wp-content\/uploads\/2025\/08\/Richard-Gere-and-Julia-Roberts-226x300.jpg 226w, https:\/\/movieix.com\/wp-content\/uploads\/2025\/08\/Richard-Gere-and-Julia-Roberts-9x12.jpg 9w\" sizes=\"auto, (max-width: 633px) 100vw, 633px\" \/>\t\t\t\t\t\t\t\t\t<\/a>\n\t\t\t\t\t<\/div>\n        <div class=\"edgtf-bli-content\">\n            \t\n\t        \n<h4 itemprop=\"name\" class=\"entry-title edgtf-post-title\" >\n            <a itemprop=\"url\" href=\"https:\/\/movieix.com\/it\/richard-gere-and-julia-roberts\/\" title=\"Richard Gere e Julia Roberts: i migliori film\">\n            Richard Gere e Julia Roberts: i migliori film            <\/a>\n    <\/h4>\t\n\t        <div class=\"edgtf-bli-excerpt\">\n\t\t        \t\t<div class=\"edgtf-post-excerpt-holder\">\n\t\t\t<p itemprop=\"description\" class=\"edgtf-post-excerpt\">\n\t\t\t\t\r\n\r\n\r\n\r\n\r\n\r\n\r\n\r\n\r\n\r\n\r\n\r\n\r\nRichard Gere e Julia Roberts formano una delle coppie pi\u00f9 amate delle commedie romantiche, e le loro migliori interpretazioni insieme si trovano in due film di successo di Garry Marshall. In &quot;Pretty Woman&quot; (1990), la Roberts \u00e8 splendida nei panni di Vivian Ward, un&#039;arguta escort di Hollywood, al fianco dell&#039;affascinante raider aziendale interpretato da Gere.\t\t\t<\/p>\n\t\t<\/div>\n\t\t<div class=\"edgtf-post-read-more-button\">\n\t\t<a itemprop=\"url\" href=\"https:\/\/movieix.com\/it\/richard-gere-and-julia-roberts\/\" target=\"_self\"  class=\"edgtf-btn edgtf-btn-medium edgtf-btn-simple edgtf-btn- edgtf-blog-list-button edgtf-hover-animation\"  >    <span class=\"edgtf-btn-text\">Read More<\/span>    <\/a>\t<\/div>\n\t        <\/div>\n        <\/div>\n\t<\/div>\n<\/li><li class=\"edgtf-bl-item edgtf-item-space clearfix\">\n\t<div class=\"edgtf-bli-inner\">\n\t\t\n\t<div class=\"edgtf-post-image\">\n\t\t            <a itemprop=\"url\" href=\"https:\/\/movieix.com\/it\/best-adam-sandler-movies\/\" title=\"Adam Sandler \u2013 I 10 migliori film\">\n\t\t\t\t\t<img loading=\"lazy\" decoding=\"async\" width=\"633\" height=\"843\" src=\"https:\/\/movieix.com\/wp-content\/uploads\/2025\/05\/Adam-Sandler.jpg\" class=\"attachment-full size-full wp-post-image\" alt=\"\" srcset=\"https:\/\/movieix.com\/wp-content\/uploads\/2025\/05\/Adam-Sandler.jpg 633w, https:\/\/movieix.com\/wp-content\/uploads\/2025\/05\/Adam-Sandler-225x300.jpg 225w\" sizes=\"auto, (max-width: 633px) 100vw, 633px\" \/>\t\t\t\t\t\t\t\t\t<\/a>\n\t\t\t\t\t<\/div>\n        <div class=\"edgtf-bli-content\">\n            \t\n\t        \n<h4 itemprop=\"name\" class=\"entry-title edgtf-post-title\" >\n            <a itemprop=\"url\" href=\"https:\/\/movieix.com\/it\/best-adam-sandler-movies\/\" title=\"Adam Sandler \u2013 I 10 migliori film\">\n            Adam Sandler \u2013 I 10 migliori film            <\/a>\n    <\/h4>\t\n\t        <div class=\"edgtf-bli-excerpt\">\n\t\t        \t\t<div class=\"edgtf-post-excerpt-holder\">\n\t\t\t<p itemprop=\"description\" class=\"edgtf-post-excerpt\">\n\t\t\t\tI 10 migliori film degli esordi di Adam Sandler tracciano l&#039;ascesa di una voce comica singolare che ha portato cuore, assurdit\u00e0 e una nuova energia a Hollywood. Dal fascino stravagante di &quot;Billy Madison&quot; all&#039;inaspettata profondit\u00e0 emotiva di &quot;Punch-Drunk Love&quot;, ognuno\t\t\t<\/p>\n\t\t<\/div>\n\t\t<div class=\"edgtf-post-read-more-button\">\n\t\t<a itemprop=\"url\" href=\"https:\/\/movieix.com\/it\/best-adam-sandler-movies\/\" target=\"_self\"  class=\"edgtf-btn edgtf-btn-medium edgtf-btn-simple edgtf-btn- edgtf-blog-list-button edgtf-hover-animation\"  >    <span class=\"edgtf-btn-text\">Read More<\/span>    <\/a>\t<\/div>\n\t        <\/div>\n        <\/div>\n\t<\/div>\n<\/li><li class=\"edgtf-bl-item edgtf-item-space clearfix\">\n\t<div class=\"edgtf-bli-inner\">\n\t\t\n\t<div class=\"edgtf-post-image\">\n\t\t            <a itemprop=\"url\" href=\"https:\/\/movieix.com\/it\/ken-watanabe-10-best-movies\/\" title=\"Ken Watanabe \u2013 I 10 migliori film\">\n\t\t\t\t\t<img loading=\"lazy\" decoding=\"async\" width=\"633\" height=\"843\" src=\"https:\/\/movieix.com\/wp-content\/uploads\/2023\/11\/Ken-Watanabe-1.jpg\" class=\"attachment-full size-full wp-post-image\" alt=\"\" srcset=\"https:\/\/movieix.com\/wp-content\/uploads\/2023\/11\/Ken-Watanabe-1.jpg 633w, https:\/\/movieix.com\/wp-content\/uploads\/2023\/11\/Ken-Watanabe-1-225x300.jpg 225w\" sizes=\"auto, (max-width: 633px) 100vw, 633px\" \/>\t\t\t\t\t\t\t\t\t<\/a>\n\t\t\t\t\t<\/div>\n        <div class=\"edgtf-bli-content\">\n            \t\n\t        \n<h4 itemprop=\"name\" class=\"entry-title edgtf-post-title\" >\n            <a itemprop=\"url\" href=\"https:\/\/movieix.com\/it\/ken-watanabe-10-best-movies\/\" title=\"Ken Watanabe \u2013 I 10 migliori film\">\n            Ken Watanabe \u2013 I 10 migliori film            <\/a>\n    <\/h4>\t\n\t        <div class=\"edgtf-bli-excerpt\">\n\t\t        \t\t<div class=\"edgtf-post-excerpt-holder\">\n\t\t\t<p itemprop=\"description\" class=\"edgtf-post-excerpt\">\n\t\t\t\tI 10 migliori film di Ken Watanabe, acclamato attore giapponese noto per le sue interpretazioni avvincenti in una variet\u00e0 di pellicole. Con una carriera che spazia tra il cinema giapponese e quello internazionale, Watanabe ha lasciato un segno significativo nel settore. Film degni di nota\t\t\t<\/p>\n\t\t<\/div>\n\t\t<div class=\"edgtf-post-read-more-button\">\n\t\t<a itemprop=\"url\" href=\"https:\/\/movieix.com\/it\/ken-watanabe-10-best-movies\/\" target=\"_self\"  class=\"edgtf-btn edgtf-btn-medium edgtf-btn-simple edgtf-btn- edgtf-blog-list-button edgtf-hover-animation\"  >    <span class=\"edgtf-btn-text\">Read More<\/span>    <\/a>\t<\/div>\n\t        <\/div>\n        <\/div>\n\t<\/div>\n<\/li><li class=\"edgtf-bl-item edgtf-item-space clearfix\">\n\t<div class=\"edgtf-bli-inner\">\n\t\t\n\t<div class=\"edgtf-post-image\">\n\t\t            <a itemprop=\"url\" href=\"https:\/\/movieix.com\/it\/nicoletta-braschi-10-best-movies\/\" title=\"Nicoletta Braschi \u2013 10 migliori film\">\n\t\t\t\t\t<img loading=\"lazy\" decoding=\"async\" width=\"633\" height=\"841\" src=\"https:\/\/movieix.com\/wp-content\/uploads\/2023\/11\/nicoletta-braschi-1.jpg\" class=\"attachment-full size-full wp-post-image\" alt=\"\" srcset=\"https:\/\/movieix.com\/wp-content\/uploads\/2023\/11\/nicoletta-braschi-1.jpg 633w, https:\/\/movieix.com\/wp-content\/uploads\/2023\/11\/nicoletta-braschi-1-226x300.jpg 226w\" sizes=\"auto, (max-width: 633px) 100vw, 633px\" \/>\t\t\t\t\t\t\t\t\t<\/a>\n\t\t\t\t\t<\/div>\n        <div class=\"edgtf-bli-content\">\n            \t\n\t        \n<h4 itemprop=\"name\" class=\"entry-title edgtf-post-title\" >\n            <a itemprop=\"url\" href=\"https:\/\/movieix.com\/it\/nicoletta-braschi-10-best-movies\/\" title=\"Nicoletta Braschi \u2013 10 migliori film\">\n            Nicoletta Braschi \u2013 10 migliori film            <\/a>\n    <\/h4>\t\n\t        <div class=\"edgtf-bli-excerpt\">\n\t\t        \t\t<div class=\"edgtf-post-excerpt-holder\">\n\t\t\t<p itemprop=\"description\" class=\"edgtf-post-excerpt\">\n\t\t\t\t\r\n\r\n\r\n\r\n\r\n\r\n\r\n\r\n\r\nI 10 migliori film di Nicoletta Braschi: scopri le interpretazioni accattivanti e il talento versatile dell&#039;attrice in uno spettro di generi, dal fascino stravagante di &quot;La vita \u00e8 bella&quot; al dramma poetico di &quot;Il giardino dei Finzi-Contini&quot;, ogni film su\t\t\t<\/p>\n\t\t<\/div>\n\t\t<div class=\"edgtf-post-read-more-button\">\n\t\t<a itemprop=\"url\" href=\"https:\/\/movieix.com\/it\/nicoletta-braschi-10-best-movies\/\" target=\"_self\"  class=\"edgtf-btn edgtf-btn-medium edgtf-btn-simple edgtf-btn- edgtf-blog-list-button edgtf-hover-animation\"  >    <span class=\"edgtf-btn-text\">Read More<\/span>    <\/a>\t<\/div>\n\t        <\/div>\n        <\/div>\n\t<\/div>\n<\/li><li class=\"edgtf-bl-item edgtf-item-space clearfix\">\n\t<div class=\"edgtf-bli-inner\">\n\t\t\n\t<div class=\"edgtf-post-image\">\n\t\t            <a itemprop=\"url\" href=\"https:\/\/movieix.com\/it\/roberto-benigni-10-best-movies\/\" title=\"Roberto Benigni \u2013 10 migliori film\">\n\t\t\t\t\t<img loading=\"lazy\" decoding=\"async\" width=\"633\" height=\"841\" src=\"https:\/\/movieix.com\/wp-content\/uploads\/2023\/11\/roberto-benigni.jpg\" class=\"attachment-full size-full wp-post-image\" alt=\"\" srcset=\"https:\/\/movieix.com\/wp-content\/uploads\/2023\/11\/roberto-benigni.jpg 633w, https:\/\/movieix.com\/wp-content\/uploads\/2023\/11\/roberto-benigni-226x300.jpg 226w\" sizes=\"auto, (max-width: 633px) 100vw, 633px\" \/>\t\t\t\t\t\t\t\t\t<\/a>\n\t\t\t\t\t<\/div>\n        <div class=\"edgtf-bli-content\">\n            \t\n\t        \n<h4 itemprop=\"name\" class=\"entry-title edgtf-post-title\" >\n            <a itemprop=\"url\" href=\"https:\/\/movieix.com\/it\/roberto-benigni-10-best-movies\/\" title=\"Roberto Benigni \u2013 10 migliori film\">\n            Roberto Benigni \u2013 10 migliori film            <\/a>\n    <\/h4>\t\n\t        <div class=\"edgtf-bli-excerpt\">\n\t\t        \t\t<div class=\"edgtf-post-excerpt-holder\">\n\t\t\t<p itemprop=\"description\" class=\"edgtf-post-excerpt\">\n\t\t\t\t\r\n\r\n\r\n\r\n\r\n\r\n\r\n\r\n\r\nI 10 migliori film di Roberto Benigni, che svelano il talento eccezionale dell&#039;attore e le sue interpretazioni uniche in una vasta gamma di generi. Dal commovente e divertente &quot;La vita \u00e8 bella&quot; al fascino stravagante di &quot;Johnny Stecchino&quot;, ogni film della lista mette in mostra\t\t\t<\/p>\n\t\t<\/div>\n\t\t<div class=\"edgtf-post-read-more-button\">\n\t\t<a itemprop=\"url\" href=\"https:\/\/movieix.com\/it\/roberto-benigni-10-best-movies\/\" target=\"_self\"  class=\"edgtf-btn edgtf-btn-medium edgtf-btn-simple edgtf-btn- edgtf-blog-list-button edgtf-hover-animation\"  >    <span class=\"edgtf-btn-text\">Read More<\/span>    <\/a>\t<\/div>\n\t        <\/div>\n        <\/div>\n\t<\/div>\n<\/li><li class=\"edgtf-bl-item edgtf-item-space clearfix\">\n\t<div class=\"edgtf-bli-inner\">\n\t\t\n\t<div class=\"edgtf-post-image\">\n\t\t            <a itemprop=\"url\" href=\"https:\/\/movieix.com\/it\/pierre-richard-10-best-movies\/\" title=\"Pierre Richard \u2013 I 10 migliori film\">\n\t\t\t\t\t<img loading=\"lazy\" decoding=\"async\" width=\"633\" height=\"841\" src=\"https:\/\/movieix.com\/wp-content\/uploads\/2023\/11\/Pierre-Richard.jpg\" class=\"attachment-full size-full wp-post-image\" alt=\"\" srcset=\"https:\/\/movieix.com\/wp-content\/uploads\/2023\/11\/Pierre-Richard.jpg 633w, https:\/\/movieix.com\/wp-content\/uploads\/2023\/11\/Pierre-Richard-226x300.jpg 226w\" sizes=\"auto, (max-width: 633px) 100vw, 633px\" \/>\t\t\t\t\t\t\t\t\t<\/a>\n\t\t\t\t\t<\/div>\n        <div class=\"edgtf-bli-content\">\n            \t\n\t        \n<h4 itemprop=\"name\" class=\"entry-title edgtf-post-title\" >\n            <a itemprop=\"url\" href=\"https:\/\/movieix.com\/it\/pierre-richard-10-best-movies\/\" title=\"Pierre Richard \u2013 I 10 migliori film\">\n            Pierre Richard \u2013 I 10 migliori film            <\/a>\n    <\/h4>\t\n\t        <div class=\"edgtf-bli-excerpt\">\n\t\t        \t\t<div class=\"edgtf-post-excerpt-holder\">\n\t\t\t<p itemprop=\"description\" class=\"edgtf-post-excerpt\">\n\t\t\t\t\r\n\r\n\r\n\r\n\r\n\r\n\r\n\r\n\r\n\r\n\r\n\r\n\r\nI 10 migliori film di Pierre Richard, che rivelano il notevole talento dell&#039;attore e le sue deliziose interpretazioni, dal fascino comico di &quot;The Tall Blond Man with One Black Shoe&quot; al commovente &quot;La Chevre&quot;, ogni film della lista mette in mostra la capacit\u00e0 di Richard di\t\t\t<\/p>\n\t\t<\/div>\n\t\t<div class=\"edgtf-post-read-more-button\">\n\t\t<a itemprop=\"url\" href=\"https:\/\/movieix.com\/it\/pierre-richard-10-best-movies\/\" target=\"_self\"  class=\"edgtf-btn edgtf-btn-medium edgtf-btn-simple edgtf-btn- edgtf-blog-list-button edgtf-hover-animation\"  >    <span class=\"edgtf-btn-text\">Read More<\/span>    <\/a>\t<\/div>\n\t        <\/div>\n        <\/div>\n\t<\/div>\n<\/li><li class=\"edgtf-bl-item edgtf-item-space clearfix\">\n\t<div class=\"edgtf-bli-inner\">\n\t\t\n\t<div class=\"edgtf-post-image\">\n\t\t            <a itemprop=\"url\" href=\"https:\/\/movieix.com\/it\/marion-cotillard-10-best-movies\/\" title=\"Marion Cotillard \u2013 10 Migliori Film\">\n\t\t\t\t\t<img loading=\"lazy\" decoding=\"async\" width=\"633\" height=\"841\" src=\"https:\/\/movieix.com\/wp-content\/uploads\/2023\/11\/Marion-Cotillard.jpg\" class=\"attachment-full size-full wp-post-image\" alt=\"\" srcset=\"https:\/\/movieix.com\/wp-content\/uploads\/2023\/11\/Marion-Cotillard.jpg 633w, https:\/\/movieix.com\/wp-content\/uploads\/2023\/11\/Marion-Cotillard-226x300.jpg 226w\" sizes=\"auto, (max-width: 633px) 100vw, 633px\" \/>\t\t\t\t\t\t\t\t\t<\/a>\n\t\t\t\t\t<\/div>\n        <div class=\"edgtf-bli-content\">\n            \t\n\t        \n<h4 itemprop=\"name\" class=\"entry-title edgtf-post-title\" >\n            <a itemprop=\"url\" href=\"https:\/\/movieix.com\/it\/marion-cotillard-10-best-movies\/\" title=\"Marion Cotillard \u2013 10 Migliori Film\">\n            Marion Cotillard \u2013 10 Migliori Film            <\/a>\n    <\/h4>\t\n\t        <div class=\"edgtf-bli-excerpt\">\n\t\t        \t\t<div class=\"edgtf-post-excerpt-holder\">\n\t\t\t<p itemprop=\"description\" class=\"edgtf-post-excerpt\">\n\t\t\t\t\r\n\r\n\r\n\r\n\r\n\r\n\r\n\r\n\r\nLa compilation dei 10 migliori film di Marion Cotillard, che svela il talento eccezionale dell'attrice e le sue interpretazioni accattivanti in una vasta gamma di generi. Dal ruolo trasformativo ne \"La Vie en Rose\" all'ipnotico \"Inception\", ogni film della lista mostra\t\t\t<\/p>\n\t\t<\/div>\n\t\t<div class=\"edgtf-post-read-more-button\">\n\t\t<a itemprop=\"url\" href=\"https:\/\/movieix.com\/it\/marion-cotillard-10-best-movies\/\" target=\"_self\"  class=\"edgtf-btn edgtf-btn-medium edgtf-btn-simple edgtf-btn- edgtf-blog-list-button edgtf-hover-animation\"  >    <span class=\"edgtf-btn-text\">Read More<\/span>    <\/a>\t<\/div>\n\t        <\/div>\n        <\/div>\n\t<\/div>\n<\/li>\t\t<\/ul>\n\t<\/div>\n\t\t<div class=\"edgtf-blog-pag-loading\">\n\t\t<div class=\"edgtf-blog-pag-bounce1\"><\/div>\n\t\t<div class=\"edgtf-blog-pag-bounce2\"><\/div>\n\t\t<div class=\"edgtf-blog-pag-bounce3\"><\/div>\n\t<\/div>\n\t<div class=\"edgtf-blog-pag-load-more\">\n\t\t<a itemprop=\"url\" href=\"#\" target=\"_self\"  class=\"edgtf-btn edgtf-btn-medium edgtf-btn-outline edgtf-btn- edgtf-hover-animation\"  >    <span class=\"edgtf-btn-text\">Carica Altro<\/span>    <\/a>\t<\/div>\n<input type=\"hidden\" id=\"edgtf_blog_load_more_nonce_8384\" name=\"edgtf_blog_load_more_nonce_8384\" value=\"5262d19183\" \/><input type=\"hidden\" name=\"_wp_http_referer\" value=\"\/it\/wp-json\/wp\/v2\/pages\/6202\" \/><\/div><\/div><\/div><\/div><\/div>\n<\/section>","protected":false},"excerpt":{"rendered":"Marion Cotillard's compilation of top 10 films, uncovering the actress's exceptional talent and captivating performances across a diverse range of genres. From the transformative role in \"La Vie en Rose\" to the spellbinding \"Inception,\" each film on the list showcases [...]","protected":false},"author":1,"featured_media":0,"parent":0,"menu_order":0,"comment_status":"closed","ping_status":"closed","template":"","meta":{"footnotes":""},"class_list":["post-6202","page","type-page","status-publish","hentry"],"acf":[],"yoast_head":"<!-- This site is optimized with the Yoast SEO plugin v27.5 - https:\/\/yoast.com\/product\/yoast-seo-wordpress\/ -->\n<title>Actor Recommendations - Movieix<\/title>\n<meta name=\"robots\" content=\"index, follow, max-snippet:-1, max-image-preview:large, max-video-preview:-1\" \/>\n<link rel=\"canonical\" href=\"https:\/\/movieix.com\/it\/raccomandazioni-attore\/\" \/>\n<meta property=\"og:locale\" content=\"it_IT\" \/>\n<meta property=\"og:type\" content=\"article\" \/>\n<meta property=\"og:title\" content=\"Actor Recommendations - Movieix\" \/>\n<meta property=\"og:url\" content=\"https:\/\/movieix.com\/it\/raccomandazioni-attore\/\" \/>\n<meta property=\"og:site_name\" content=\"Movieix\" \/>\n<meta property=\"article:modified_time\" content=\"2026-05-13T05:07:05+00:00\" \/>\n<meta name=\"twitter:card\" content=\"summary_large_image\" \/>\n<meta name=\"twitter:label1\" content=\"Tempo di lettura stimato\" \/>\n\t<meta name=\"twitter:data1\" content=\"1 minuto\" \/>\n<script type=\"application\/ld+json\" class=\"yoast-schema-graph\">{\"@context\":\"https:\\\/\\\/schema.org\",\"@graph\":[{\"@type\":\"WebPage\",\"@id\":\"https:\\\/\\\/movieix.com\\\/actor-recommendations\\\/\",\"url\":\"https:\\\/\\\/movieix.com\\\/actor-recommendations\\\/\",\"name\":\"Actor Recommendations - Movieix\",\"isPartOf\":{\"@id\":\"https:\\\/\\\/movieix.com\\\/#website\"},\"datePublished\":\"2026-02-11T03:32:45+00:00\",\"dateModified\":\"2026-05-13T05:07:05+00:00\",\"breadcrumb\":{\"@id\":\"https:\\\/\\\/movieix.com\\\/actor-recommendations\\\/#breadcrumb\"},\"inLanguage\":\"it-IT\",\"potentialAction\":[{\"@type\":\"ReadAction\",\"target\":[\"https:\\\/\\\/movieix.com\\\/actor-recommendations\\\/\"]}]},{\"@type\":\"BreadcrumbList\",\"@id\":\"https:\\\/\\\/movieix.com\\\/actor-recommendations\\\/#breadcrumb\",\"itemListElement\":[{\"@type\":\"ListItem\",\"position\":1,\"name\":\"\u0413\u043b\u0430\u0432\u043d\u0430\u044f \u0441\u0442\u0440\u0430\u043d\u0438\u0446\u0430\",\"item\":\"https:\\\/\\\/movieix.com\\\/\"},{\"@type\":\"ListItem\",\"position\":2,\"name\":\"Actor Recommendations\"}]},{\"@type\":\"WebSite\",\"@id\":\"https:\\\/\\\/movieix.com\\\/#website\",\"url\":\"https:\\\/\\\/movieix.com\\\/\",\"name\":\"Movieix\",\"description\":\"\",\"potentialAction\":[{\"@type\":\"SearchAction\",\"target\":{\"@type\":\"EntryPoint\",\"urlTemplate\":\"https:\\\/\\\/movieix.com\\\/?s={search_term_string}\"},\"query-input\":{\"@type\":\"PropertyValueSpecification\",\"valueRequired\":true,\"valueName\":\"search_term_string\"}}],\"inLanguage\":\"it-IT\"}]}<\/script>\n<!-- \/ Yoast SEO plugin. -->","yoast_head_json":{"title":"Raccomandazioni Attori - Movieix","robots":{"index":"index","follow":"follow","max-snippet":"max-snippet:-1","max-image-preview":"max-image-preview:large","max-video-preview":"max-video-preview:-1"},"canonical":"https:\/\/movieix.com\/it\/raccomandazioni-attore\/","og_locale":"it_IT","og_type":"article","og_title":"Actor Recommendations - Movieix","og_url":"https:\/\/movieix.com\/it\/raccomandazioni-attore\/","og_site_name":"Movieix","article_modified_time":"2026-05-13T05:07:05+00:00","twitter_card":"summary_large_image","twitter_misc":{"Tempo di lettura stimato":"1 minuto"},"schema":{"@context":"https:\/\/schema.org","@graph":[{"@type":"WebPage","@id":"https:\/\/movieix.com\/actor-recommendations\/","url":"https:\/\/movieix.com\/actor-recommendations\/","name":"Raccomandazioni Attori - Movieix","isPartOf":{"@id":"https:\/\/movieix.com\/#website"},"datePublished":"2026-02-11T03:32:45+00:00","dateModified":"2026-05-13T05:07:05+00:00","breadcrumb":{"@id":"https:\/\/movieix.com\/actor-recommendations\/#breadcrumb"},"inLanguage":"it-IT","potentialAction":[{"@type":"ReadAction","target":["https:\/\/movieix.com\/actor-recommendations\/"]}]},{"@type":"BreadcrumbList","@id":"https:\/\/movieix.com\/actor-recommendations\/#breadcrumb","itemListElement":[{"@type":"ListItem","position":1,"name":"\u0413\u043b\u0430\u0432\u043d\u0430\u044f \u0441\u0442\u0440\u0430\u043d\u0438\u0446\u0430","item":"https:\/\/movieix.com\/"},{"@type":"ListItem","position":2,"name":"Actor Recommendations"}]},{"@type":"WebSite","@id":"https:\/\/movieix.com\/#website","url":"https:\/\/movieix.com\/","name":"Movieix","description":"","potentialAction":[{"@type":"SearchAction","target":{"@type":"EntryPoint","urlTemplate":"https:\/\/movieix.com\/?s={search_term_string}"},"query-input":{"@type":"PropertyValueSpecification","valueRequired":true,"valueName":"search_term_string"}}],"inLanguage":"it-IT"}]}},"_links":{"self":[{"href":"https:\/\/movieix.com\/it\/wp-json\/wp\/v2\/pages\/6202","targetHints":{"allow":["GET"]}}],"collection":[{"href":"https:\/\/movieix.com\/it\/wp-json\/wp\/v2\/pages"}],"about":[{"href":"https:\/\/movieix.com\/it\/wp-json\/wp\/v2\/types\/page"}],"author":[{"embeddable":true,"href":"https:\/\/movieix.com\/it\/wp-json\/wp\/v2\/users\/1"}],"replies":[{"embeddable":true,"href":"https:\/\/movieix.com\/it\/wp-json\/wp\/v2\/comments?post=6202"}],"version-history":[{"count":7,"href":"https:\/\/movieix.com\/it\/wp-json\/wp\/v2\/pages\/6202\/revisions"}],"predecessor-version":[{"id":6506,"href":"https:\/\/movieix.com\/it\/wp-json\/wp\/v2\/pages\/6202\/revisions\/6506"}],"wp:attachment":[{"href":"https:\/\/movieix.com\/it\/wp-json\/wp\/v2\/media?parent=6202"}],"curies":[{"name":"wp","href":"https:\/\/api.w.org\/{rel}","templated":true}]}}