{"id":5620,"date":"2023-12-09T21:50:39","date_gmt":"2023-12-09T18:50:39","guid":{"rendered":"https:\/\/movieix.com\/?page_id=5620"},"modified":"2023-12-10T09:59:33","modified_gmt":"2023-12-10T06:59:33","slug":"american-actors-recommendations","status":"publish","type":"page","link":"https:\/\/movieix.com\/it\/american-actors-recommendations\/","title":{"rendered":"American Actors Recommendations"},"content":{"rendered":"<section class=\"wpb-content-wrapper\"><div class=\"vc_row wpb_row vc_row-fluid\" ><div class=\"wpb_column vc_column_container vc_col-sm-12\"><div class=\"vc_column-inner\"><div class=\"wpb_wrapper\"><div class=\"edgtf-blog-list-holder edgtf-bl-boxed edgtf-bl-three-columns edgtf-large-space  edgtf-bl-has-image edgtf-bl-pag-load-more\"  data-type=\"boxed\" data-number-of-posts=\"9\" data-number-of-columns=\"3\" data-space-between-items=\"large\" data-category=\"us-actors\" data-orderby=\"date\" data-order=\"DESC\" data-image-size=\"full\" data-title-tag=\"h4\" data-excerpt-length=\"40\" data-post-info-section=\"no\" data-post-info-image=\"yes\" data-post-info-author=\"yes\" data-post-info-date=\"yes\" data-post-info-category=\"yes\" data-post-info-comments=\"no\" data-post-info-like=\"no\" data-post-info-share=\"no\" data-post-read-more=\"yes\" data-pagination-type=\"load-more\" data-max-num-pages=\"1\" data-next-page=\"2\">\n\t<div class=\"edgtf-bl-wrapper edgtf-outer-space\">\n\t\t<ul class=\"edgtf-blog-list\">\n\t\t\t<li class=\"edgtf-bl-item edgtf-item-space clearfix\">\n\t<div class=\"edgtf-bli-inner\">\n\t\t\n\t<div class=\"edgtf-post-image\">\n\t\t            <a itemprop=\"url\" href=\"https:\/\/movieix.com\/it\/rachel-mcadams-best-movies\/\" title=\"Rachel McAdams \u2013 I 10 migliori film\">\n\t\t\t\t\t<img loading=\"lazy\" decoding=\"async\" width=\"633\" height=\"841\" src=\"https:\/\/movieix.com\/wp-content\/uploads\/2026\/04\/Rachel-McAdams.jpg\" class=\"attachment-full size-full wp-post-image\" alt=\"\" srcset=\"https:\/\/movieix.com\/wp-content\/uploads\/2026\/04\/Rachel-McAdams.jpg 633w, https:\/\/movieix.com\/wp-content\/uploads\/2026\/04\/Rachel-McAdams-226x300.jpg 226w, https:\/\/movieix.com\/wp-content\/uploads\/2026\/04\/Rachel-McAdams-9x12.jpg 9w\" sizes=\"auto, (max-width: 633px) 100vw, 633px\" \/>\t\t\t\t\t\t\t\t\t<\/a>\n\t\t\t\t\t<\/div>\n        <div class=\"edgtf-bli-content\">\n            \t\n\t        \n<h4 itemprop=\"name\" class=\"entry-title edgtf-post-title\" >\n            <a itemprop=\"url\" href=\"https:\/\/movieix.com\/it\/rachel-mcadams-best-movies\/\" title=\"Rachel McAdams \u2013 I 10 migliori film\">\n            Rachel McAdams \u2013 I 10 migliori film            <\/a>\n    <\/h4>\t\n\t        <div class=\"edgtf-bli-excerpt\">\n\t\t        \t\t<div class=\"edgtf-post-excerpt-holder\">\n\t\t\t<p itemprop=\"description\" class=\"edgtf-post-excerpt\">\n\t\t\t\t\r\n\r\n\r\n\r\n\r\n\r\n\r\n\r\n\r\n\r\n\r\n\r\nFew actors balance charm, emotional depth, and versatility quite like Rachel McAdams. From iconic romantic dramas to gripping thrillers and blockbuster hits, she has built a career filled with unforgettable performances. Here are her 10 greatest movies, ranked.\t\t\t<\/p>\n\t\t<\/div>\n\t\t<div class=\"edgtf-post-read-more-button\">\n\t\t<a itemprop=\"url\" href=\"https:\/\/movieix.com\/it\/rachel-mcadams-best-movies\/\" target=\"_self\"  class=\"edgtf-btn edgtf-btn-medium edgtf-btn-simple edgtf-btn- edgtf-blog-list-button edgtf-hover-animation\"  >    <span class=\"edgtf-btn-text\">Read More<\/span>    <\/a>\t<\/div>\n\t        <\/div>\n        <\/div>\n\t<\/div>\n<\/li><li class=\"edgtf-bl-item edgtf-item-space clearfix\">\n\t<div class=\"edgtf-bli-inner\">\n\t\t\n\t<div class=\"edgtf-post-image\">\n\t\t            <a itemprop=\"url\" href=\"https:\/\/movieix.com\/it\/jim-carrey-10-best-movies\/\" title=\"Jim Carrey \u2013 I 10 migliori film\">\n\t\t\t\t\t<img loading=\"lazy\" decoding=\"async\" width=\"633\" height=\"841\" src=\"https:\/\/movieix.com\/wp-content\/uploads\/2026\/04\/jim-carrey.jpg\" class=\"attachment-full size-full wp-post-image\" alt=\"\" srcset=\"https:\/\/movieix.com\/wp-content\/uploads\/2026\/04\/jim-carrey.jpg 633w, https:\/\/movieix.com\/wp-content\/uploads\/2026\/04\/jim-carrey-226x300.jpg 226w, https:\/\/movieix.com\/wp-content\/uploads\/2026\/04\/jim-carrey-9x12.jpg 9w\" sizes=\"auto, (max-width: 633px) 100vw, 633px\" \/>\t\t\t\t\t\t\t\t\t<\/a>\n\t\t\t\t\t<\/div>\n        <div class=\"edgtf-bli-content\">\n            \t\n\t        \n<h4 itemprop=\"name\" class=\"entry-title edgtf-post-title\" >\n            <a itemprop=\"url\" href=\"https:\/\/movieix.com\/it\/jim-carrey-10-best-movies\/\" title=\"Jim Carrey \u2013 I 10 migliori film\">\n            Jim Carrey \u2013 I 10 migliori film            <\/a>\n    <\/h4>\t\n\t        <div class=\"edgtf-bli-excerpt\">\n\t\t        \t\t<div class=\"edgtf-post-excerpt-holder\">\n\t\t\t<p itemprop=\"description\" class=\"edgtf-post-excerpt\">\n\t\t\t\t\r\n\r\n\r\n\r\n\r\n\r\n\r\n\r\n\r\n\r\n\r\n\r\nPochi attori sono riusciti a bilanciare una comicit\u00e0 oltraggiosa e interpretazioni emotive profonde come Jim Carrey. Noto per la sua espressivit\u00e0 elastica e la sua energia ineguagliabile, Carrey \u00e8 diventato un volto iconico della commedia degli anni &#039;90 prima di evolversi in un rispettato attore drammatico. Ecco alcuni esempi.\t\t\t<\/p>\n\t\t<\/div>\n\t\t<div class=\"edgtf-post-read-more-button\">\n\t\t<a itemprop=\"url\" href=\"https:\/\/movieix.com\/it\/jim-carrey-10-best-movies\/\" target=\"_self\"  class=\"edgtf-btn edgtf-btn-medium edgtf-btn-simple edgtf-btn- edgtf-blog-list-button edgtf-hover-animation\"  >    <span class=\"edgtf-btn-text\">Read More<\/span>    <\/a>\t<\/div>\n\t        <\/div>\n        <\/div>\n\t<\/div>\n<\/li><li class=\"edgtf-bl-item edgtf-item-space clearfix\">\n\t<div class=\"edgtf-bli-inner\">\n\t\t\n\t<div class=\"edgtf-post-image\">\n\t\t            <a itemprop=\"url\" href=\"https:\/\/movieix.com\/it\/richard-gere-and-julia-roberts\/\" title=\"Richard Gere e Julia Roberts: i migliori film\">\n\t\t\t\t\t<img loading=\"lazy\" decoding=\"async\" width=\"633\" height=\"841\" src=\"https:\/\/movieix.com\/wp-content\/uploads\/2025\/08\/Richard-Gere-and-Julia-Roberts.jpg\" class=\"attachment-full size-full wp-post-image\" alt=\"\" srcset=\"https:\/\/movieix.com\/wp-content\/uploads\/2025\/08\/Richard-Gere-and-Julia-Roberts.jpg 633w, https:\/\/movieix.com\/wp-content\/uploads\/2025\/08\/Richard-Gere-and-Julia-Roberts-226x300.jpg 226w, https:\/\/movieix.com\/wp-content\/uploads\/2025\/08\/Richard-Gere-and-Julia-Roberts-9x12.jpg 9w\" sizes=\"auto, (max-width: 633px) 100vw, 633px\" \/>\t\t\t\t\t\t\t\t\t<\/a>\n\t\t\t\t\t<\/div>\n        <div class=\"edgtf-bli-content\">\n            \t\n\t        \n<h4 itemprop=\"name\" class=\"entry-title edgtf-post-title\" >\n            <a itemprop=\"url\" href=\"https:\/\/movieix.com\/it\/richard-gere-and-julia-roberts\/\" title=\"Richard Gere e Julia Roberts: i migliori film\">\n            Richard Gere e Julia Roberts: i migliori film            <\/a>\n    <\/h4>\t\n\t        <div class=\"edgtf-bli-excerpt\">\n\t\t        \t\t<div class=\"edgtf-post-excerpt-holder\">\n\t\t\t<p itemprop=\"description\" class=\"edgtf-post-excerpt\">\n\t\t\t\t\r\n\r\n\r\n\r\n\r\n\r\n\r\n\r\n\r\n\r\n\r\n\r\n\r\nRichard Gere e Julia Roberts formano una delle coppie pi\u00f9 amate delle commedie romantiche, e le loro migliori interpretazioni insieme si trovano in due film di successo di Garry Marshall. In &quot;Pretty Woman&quot; (1990), la Roberts \u00e8 splendida nei panni di Vivian Ward, un&#039;arguta escort di Hollywood, al fianco dell&#039;affascinante raider aziendale interpretato da Gere.\t\t\t<\/p>\n\t\t<\/div>\n\t\t<div class=\"edgtf-post-read-more-button\">\n\t\t<a itemprop=\"url\" href=\"https:\/\/movieix.com\/it\/richard-gere-and-julia-roberts\/\" target=\"_self\"  class=\"edgtf-btn edgtf-btn-medium edgtf-btn-simple edgtf-btn- edgtf-blog-list-button edgtf-hover-animation\"  >    <span class=\"edgtf-btn-text\">Read More<\/span>    <\/a>\t<\/div>\n\t        <\/div>\n        <\/div>\n\t<\/div>\n<\/li><li class=\"edgtf-bl-item edgtf-item-space clearfix\">\n\t<div class=\"edgtf-bli-inner\">\n\t\t\n\t<div class=\"edgtf-post-image\">\n\t\t            <a itemprop=\"url\" href=\"https:\/\/movieix.com\/it\/best-adam-sandler-movies\/\" title=\"Adam Sandler \u2013 I 10 migliori film\">\n\t\t\t\t\t<img loading=\"lazy\" decoding=\"async\" width=\"633\" height=\"843\" src=\"https:\/\/movieix.com\/wp-content\/uploads\/2025\/05\/Adam-Sandler.jpg\" class=\"attachment-full size-full wp-post-image\" alt=\"\" srcset=\"https:\/\/movieix.com\/wp-content\/uploads\/2025\/05\/Adam-Sandler.jpg 633w, https:\/\/movieix.com\/wp-content\/uploads\/2025\/05\/Adam-Sandler-225x300.jpg 225w\" sizes=\"auto, (max-width: 633px) 100vw, 633px\" \/>\t\t\t\t\t\t\t\t\t<\/a>\n\t\t\t\t\t<\/div>\n        <div class=\"edgtf-bli-content\">\n            \t\n\t        \n<h4 itemprop=\"name\" class=\"entry-title edgtf-post-title\" >\n            <a itemprop=\"url\" href=\"https:\/\/movieix.com\/it\/best-adam-sandler-movies\/\" title=\"Adam Sandler \u2013 I 10 migliori film\">\n            Adam Sandler \u2013 I 10 migliori film            <\/a>\n    <\/h4>\t\n\t        <div class=\"edgtf-bli-excerpt\">\n\t\t        \t\t<div class=\"edgtf-post-excerpt-holder\">\n\t\t\t<p itemprop=\"description\" class=\"edgtf-post-excerpt\">\n\t\t\t\tI 10 migliori film degli esordi di Adam Sandler tracciano l&#039;ascesa di una voce comica singolare che ha portato cuore, assurdit\u00e0 e una nuova energia a Hollywood. Dal fascino stravagante di &quot;Billy Madison&quot; all&#039;inaspettata profondit\u00e0 emotiva di &quot;Punch-Drunk Love&quot;, ognuno\t\t\t<\/p>\n\t\t<\/div>\n\t\t<div class=\"edgtf-post-read-more-button\">\n\t\t<a itemprop=\"url\" href=\"https:\/\/movieix.com\/it\/best-adam-sandler-movies\/\" target=\"_self\"  class=\"edgtf-btn edgtf-btn-medium edgtf-btn-simple edgtf-btn- edgtf-blog-list-button edgtf-hover-animation\"  >    <span class=\"edgtf-btn-text\">Read More<\/span>    <\/a>\t<\/div>\n\t        <\/div>\n        <\/div>\n\t<\/div>\n<\/li><li class=\"edgtf-bl-item edgtf-item-space clearfix\">\n\t<div class=\"edgtf-bli-inner\">\n\t\t\n\t<div class=\"edgtf-post-image\">\n\t\t            <a itemprop=\"url\" href=\"https:\/\/movieix.com\/it\/matt-damon-10-best-movies\/\" title=\"Matt Damon &#8211; 10 Best Movies\">\n\t\t\t\t\t<img loading=\"lazy\" decoding=\"async\" width=\"633\" height=\"841\" src=\"https:\/\/movieix.com\/wp-content\/uploads\/2023\/11\/Matt-Damon.jpg\" class=\"attachment-full size-full wp-post-image\" alt=\"\" srcset=\"https:\/\/movieix.com\/wp-content\/uploads\/2023\/11\/Matt-Damon.jpg 633w, https:\/\/movieix.com\/wp-content\/uploads\/2023\/11\/Matt-Damon-226x300.jpg 226w\" sizes=\"auto, (max-width: 633px) 100vw, 633px\" \/>\t\t\t\t\t\t\t\t\t<\/a>\n\t\t\t\t\t<\/div>\n        <div class=\"edgtf-bli-content\">\n            \t\n\t        \n<h4 itemprop=\"name\" class=\"entry-title edgtf-post-title\" >\n            <a itemprop=\"url\" href=\"https:\/\/movieix.com\/it\/matt-damon-10-best-movies\/\" title=\"Matt Damon &#8211; 10 Best Movies\">\n            Matt Damon &#8211; 10 Best Movies            <\/a>\n    <\/h4>\t\n\t        <div class=\"edgtf-bli-excerpt\">\n\t\t        \t\t<div class=\"edgtf-post-excerpt-holder\">\n\t\t\t<p itemprop=\"description\" class=\"edgtf-post-excerpt\">\n\t\t\t\t\r\n\r\n\r\n\r\n\r\n\r\n\r\n\r\n\r\n\r\n\r\n\r\n\r\nMatt Damon's top 10 films, from the gripping espionage of the \"Bourne\" series to the emotional resonance of \"Good Will Hunting,\" each film on the list showcases Damon's ability to inhabit diverse characters with authenticity and depth. Experience the intensity\t\t\t<\/p>\n\t\t<\/div>\n\t\t<div class=\"edgtf-post-read-more-button\">\n\t\t<a itemprop=\"url\" href=\"https:\/\/movieix.com\/it\/matt-damon-10-best-movies\/\" target=\"_self\"  class=\"edgtf-btn edgtf-btn-medium edgtf-btn-simple edgtf-btn- edgtf-blog-list-button edgtf-hover-animation\"  >    <span class=\"edgtf-btn-text\">Read More<\/span>    <\/a>\t<\/div>\n\t        <\/div>\n        <\/div>\n\t<\/div>\n<\/li><li class=\"edgtf-bl-item edgtf-item-space clearfix\">\n\t<div class=\"edgtf-bli-inner\">\n\t\t\n\t<div class=\"edgtf-post-image\">\n\t\t            <a itemprop=\"url\" href=\"https:\/\/movieix.com\/it\/julia-roberts-10-best-movies\/\" title=\"Julia Roberts &#8211; 10 Best Movies\">\n\t\t\t\t\t<img loading=\"lazy\" decoding=\"async\" width=\"633\" height=\"841\" src=\"https:\/\/movieix.com\/wp-content\/uploads\/2023\/11\/Julia-Roberts.jpg\" class=\"attachment-full size-full wp-post-image\" alt=\"\" srcset=\"https:\/\/movieix.com\/wp-content\/uploads\/2023\/11\/Julia-Roberts.jpg 633w, https:\/\/movieix.com\/wp-content\/uploads\/2023\/11\/Julia-Roberts-226x300.jpg 226w\" sizes=\"auto, (max-width: 633px) 100vw, 633px\" \/>\t\t\t\t\t\t\t\t\t<\/a>\n\t\t\t\t\t<\/div>\n        <div class=\"edgtf-bli-content\">\n            \t\n\t        \n<h4 itemprop=\"name\" class=\"entry-title edgtf-post-title\" >\n            <a itemprop=\"url\" href=\"https:\/\/movieix.com\/it\/julia-roberts-10-best-movies\/\" title=\"Julia Roberts &#8211; 10 Best Movies\">\n            Julia Roberts &#8211; 10 Best Movies            <\/a>\n    <\/h4>\t\n\t        <div class=\"edgtf-bli-excerpt\">\n\t\t        \t\t<div class=\"edgtf-post-excerpt-holder\">\n\t\t\t<p itemprop=\"description\" class=\"edgtf-post-excerpt\">\n\t\t\t\t\r\n\r\n\r\n\r\n\r\n\r\n\r\n\r\n\r\n\r\n\r\n\r\n\r\nJulia Roberts' top 10 films, revealing the actress's enduring talent and captivating performances across a diverse spectrum of genres. From the iconic romantic comedy \"Pretty Woman\" to the emotional depth of \"Erin Brockovich,\" each film on the list showcases Roberts'\t\t\t<\/p>\n\t\t<\/div>\n\t\t<div class=\"edgtf-post-read-more-button\">\n\t\t<a itemprop=\"url\" href=\"https:\/\/movieix.com\/it\/julia-roberts-10-best-movies\/\" target=\"_self\"  class=\"edgtf-btn edgtf-btn-medium edgtf-btn-simple edgtf-btn- edgtf-blog-list-button edgtf-hover-animation\"  >    <span class=\"edgtf-btn-text\">Read More<\/span>    <\/a>\t<\/div>\n\t        <\/div>\n        <\/div>\n\t<\/div>\n<\/li><li class=\"edgtf-bl-item edgtf-item-space clearfix\">\n\t<div class=\"edgtf-bli-inner\">\n\t\t\n\t<div class=\"edgtf-post-image\">\n\t\t            <a itemprop=\"url\" href=\"https:\/\/movieix.com\/it\/tom-hanks-10-best-movies\/\" title=\"Tom Hanks &#8211; 10 Best Movies\">\n\t\t\t\t\t<img loading=\"lazy\" decoding=\"async\" width=\"633\" height=\"843\" src=\"https:\/\/movieix.com\/wp-content\/uploads\/2023\/11\/tom-hanks-1.jpg\" class=\"attachment-full size-full wp-post-image\" alt=\"\" srcset=\"https:\/\/movieix.com\/wp-content\/uploads\/2023\/11\/tom-hanks-1.jpg 633w, https:\/\/movieix.com\/wp-content\/uploads\/2023\/11\/tom-hanks-1-225x300.jpg 225w\" sizes=\"auto, (max-width: 633px) 100vw, 633px\" \/>\t\t\t\t\t\t\t\t\t<\/a>\n\t\t\t\t\t<\/div>\n        <div class=\"edgtf-bli-content\">\n            \t\n\t        \n<h4 itemprop=\"name\" class=\"entry-title edgtf-post-title\" >\n            <a itemprop=\"url\" href=\"https:\/\/movieix.com\/it\/tom-hanks-10-best-movies\/\" title=\"Tom Hanks &#8211; 10 Best Movies\">\n            Tom Hanks &#8211; 10 Best Movies            <\/a>\n    <\/h4>\t\n\t        <div class=\"edgtf-bli-excerpt\">\n\t\t        \t\t<div class=\"edgtf-post-excerpt-holder\">\n\t\t\t<p itemprop=\"description\" class=\"edgtf-post-excerpt\">\n\t\t\t\tTom Hanks' top 10 films, unveiling the actor's enduring talent and compelling performances across a diverse range of genres. From the heartwarming classic \"Forrest Gump\" to the intense drama of \"Saving Private Ryan,\" each film on the list showcases Hanks'\t\t\t<\/p>\n\t\t<\/div>\n\t\t<div class=\"edgtf-post-read-more-button\">\n\t\t<a itemprop=\"url\" href=\"https:\/\/movieix.com\/it\/tom-hanks-10-best-movies\/\" target=\"_self\"  class=\"edgtf-btn edgtf-btn-medium edgtf-btn-simple edgtf-btn- edgtf-blog-list-button edgtf-hover-animation\"  >    <span class=\"edgtf-btn-text\">Read More<\/span>    <\/a>\t<\/div>\n\t        <\/div>\n        <\/div>\n\t<\/div>\n<\/li>\t\t<\/ul>\n\t<\/div>\n\t<\/div><\/div><\/div><\/div><\/div>\n<\/section>","protected":false},"excerpt":{"rendered":"Tom Hanks' top 10 films, unveiling the actor's enduring talent and compelling performances across a diverse range of genres. From the heartwarming classic \"Forrest Gump\" to the intense drama of \"Saving Private Ryan,\" each film on the list showcases Hanks' [...]","protected":false},"author":1,"featured_media":0,"parent":0,"menu_order":0,"comment_status":"closed","ping_status":"closed","template":"","meta":{"footnotes":""},"class_list":["post-5620","page","type-page","status-publish","hentry"],"acf":[],"yoast_head":"<!-- This site is optimized with the Yoast SEO plugin v27.5 - https:\/\/yoast.com\/product\/yoast-seo-wordpress\/ -->\n<title>Best American Actors Recommendations<\/title>\n<meta name=\"robots\" content=\"index, follow, max-snippet:-1, max-image-preview:large, max-video-preview:-1\" \/>\n<link rel=\"canonical\" href=\"https:\/\/movieix.com\/it\/american-actors-recommendations\/\" \/>\n<meta property=\"og:locale\" content=\"it_IT\" \/>\n<meta property=\"og:type\" content=\"article\" \/>\n<meta property=\"og:title\" content=\"Best American Actors Recommendations\" \/>\n<meta property=\"og:url\" content=\"https:\/\/movieix.com\/it\/american-actors-recommendations\/\" \/>\n<meta property=\"og:site_name\" content=\"Movieix\" \/>\n<meta property=\"article:modified_time\" content=\"2023-12-10T06:59:33+00:00\" \/>\n<meta name=\"twitter:card\" content=\"summary_large_image\" \/>\n<meta name=\"twitter:label1\" content=\"Tempo di lettura stimato\" \/>\n\t<meta name=\"twitter:data1\" content=\"1 minuto\" \/>\n<script type=\"application\/ld+json\" class=\"yoast-schema-graph\">{\"@context\":\"https:\\\/\\\/schema.org\",\"@graph\":[{\"@type\":\"WebPage\",\"@id\":\"https:\\\/\\\/movieix.com\\\/american-actors-recommendations\\\/\",\"url\":\"https:\\\/\\\/movieix.com\\\/american-actors-recommendations\\\/\",\"name\":\"Best American Actors Recommendations\",\"isPartOf\":{\"@id\":\"https:\\\/\\\/movieix.com\\\/#website\"},\"datePublished\":\"2023-12-09T18:50:39+00:00\",\"dateModified\":\"2023-12-10T06:59:33+00:00\",\"breadcrumb\":{\"@id\":\"https:\\\/\\\/movieix.com\\\/american-actors-recommendations\\\/#breadcrumb\"},\"inLanguage\":\"it-IT\",\"potentialAction\":[{\"@type\":\"ReadAction\",\"target\":[\"https:\\\/\\\/movieix.com\\\/american-actors-recommendations\\\/\"]}]},{\"@type\":\"BreadcrumbList\",\"@id\":\"https:\\\/\\\/movieix.com\\\/american-actors-recommendations\\\/#breadcrumb\",\"itemListElement\":[{\"@type\":\"ListItem\",\"position\":1,\"name\":\"\u0413\u043b\u0430\u0432\u043d\u0430\u044f \u0441\u0442\u0440\u0430\u043d\u0438\u0446\u0430\",\"item\":\"https:\\\/\\\/movieix.com\\\/\"},{\"@type\":\"ListItem\",\"position\":2,\"name\":\"American Actors Recommendations\"}]},{\"@type\":\"WebSite\",\"@id\":\"https:\\\/\\\/movieix.com\\\/#website\",\"url\":\"https:\\\/\\\/movieix.com\\\/\",\"name\":\"Movieix\",\"description\":\"\",\"potentialAction\":[{\"@type\":\"SearchAction\",\"target\":{\"@type\":\"EntryPoint\",\"urlTemplate\":\"https:\\\/\\\/movieix.com\\\/?s={search_term_string}\"},\"query-input\":{\"@type\":\"PropertyValueSpecification\",\"valueRequired\":true,\"valueName\":\"search_term_string\"}}],\"inLanguage\":\"it-IT\"}]}<\/script>\n<!-- \/ Yoast SEO plugin. -->","yoast_head_json":{"title":"Best American Actors Recommendations","robots":{"index":"index","follow":"follow","max-snippet":"max-snippet:-1","max-image-preview":"max-image-preview:large","max-video-preview":"max-video-preview:-1"},"canonical":"https:\/\/movieix.com\/it\/american-actors-recommendations\/","og_locale":"it_IT","og_type":"article","og_title":"Best American Actors Recommendations","og_url":"https:\/\/movieix.com\/it\/american-actors-recommendations\/","og_site_name":"Movieix","article_modified_time":"2023-12-10T06:59:33+00:00","twitter_card":"summary_large_image","twitter_misc":{"Tempo di lettura stimato":"1 minuto"},"schema":{"@context":"https:\/\/schema.org","@graph":[{"@type":"WebPage","@id":"https:\/\/movieix.com\/american-actors-recommendations\/","url":"https:\/\/movieix.com\/american-actors-recommendations\/","name":"Best American Actors Recommendations","isPartOf":{"@id":"https:\/\/movieix.com\/#website"},"datePublished":"2023-12-09T18:50:39+00:00","dateModified":"2023-12-10T06:59:33+00:00","breadcrumb":{"@id":"https:\/\/movieix.com\/american-actors-recommendations\/#breadcrumb"},"inLanguage":"it-IT","potentialAction":[{"@type":"ReadAction","target":["https:\/\/movieix.com\/american-actors-recommendations\/"]}]},{"@type":"BreadcrumbList","@id":"https:\/\/movieix.com\/american-actors-recommendations\/#breadcrumb","itemListElement":[{"@type":"ListItem","position":1,"name":"\u0413\u043b\u0430\u0432\u043d\u0430\u044f \u0441\u0442\u0440\u0430\u043d\u0438\u0446\u0430","item":"https:\/\/movieix.com\/"},{"@type":"ListItem","position":2,"name":"American Actors Recommendations"}]},{"@type":"WebSite","@id":"https:\/\/movieix.com\/#website","url":"https:\/\/movieix.com\/","name":"Movieix","description":"","potentialAction":[{"@type":"SearchAction","target":{"@type":"EntryPoint","urlTemplate":"https:\/\/movieix.com\/?s={search_term_string}"},"query-input":{"@type":"PropertyValueSpecification","valueRequired":true,"valueName":"search_term_string"}}],"inLanguage":"it-IT"}]}},"_links":{"self":[{"href":"https:\/\/movieix.com\/it\/wp-json\/wp\/v2\/pages\/5620","targetHints":{"allow":["GET"]}}],"collection":[{"href":"https:\/\/movieix.com\/it\/wp-json\/wp\/v2\/pages"}],"about":[{"href":"https:\/\/movieix.com\/it\/wp-json\/wp\/v2\/types\/page"}],"author":[{"embeddable":true,"href":"https:\/\/movieix.com\/it\/wp-json\/wp\/v2\/users\/1"}],"replies":[{"embeddable":true,"href":"https:\/\/movieix.com\/it\/wp-json\/wp\/v2\/comments?post=5620"}],"version-history":[{"count":3,"href":"https:\/\/movieix.com\/it\/wp-json\/wp\/v2\/pages\/5620\/revisions"}],"predecessor-version":[{"id":5722,"href":"https:\/\/movieix.com\/it\/wp-json\/wp\/v2\/pages\/5620\/revisions\/5722"}],"wp:attachment":[{"href":"https:\/\/movieix.com\/it\/wp-json\/wp\/v2\/media?parent=5620"}],"curies":[{"name":"wp","href":"https:\/\/api.w.org\/{rel}","templated":true}]}}