{"id":6394,"date":"2026-05-07T07:46:52","date_gmt":"2026-05-07T04:46:52","guid":{"rendered":"https:\/\/movieix.com\/?page_id=6394"},"modified":"2026-05-07T07:46:52","modified_gmt":"2026-05-07T04:46:52","slug":"about-us","status":"publish","type":"page","link":"https:\/\/movieix.com\/fr\/about-us\/","title":{"rendered":"\u00c0 propos de nous"},"content":{"rendered":"<h2 data-section-id=\"pfyjeq\" data-start=\"0\" data-end=\"15\">\u00c0 propos de Movieix<\/h2>\n<p data-start=\"17\" data-end=\"215\">Movieix est une publication ind\u00e9pendante d\u00e9di\u00e9e au cin\u00e9ma et au divertissement, visant \u00e0 aider les lecteurs \u00e0 d\u00e9couvrir des films de qualit\u00e9, \u00e0 explorer le cin\u00e9ma du monde entier et \u00e0 en apprendre davantage sur la narration \u00e0 travers le film.<\/p>\n<p data-start=\"217\" data-end=\"411\">Notre plateforme publie des articles originaux, des recommandations de films tri\u00e9es sur le volet, des guides de genres, des portraits d'acteurs et de r\u00e9alisateurs, ainsi que du contenu \u00e9ditorial con\u00e7u pour les passionn\u00e9s de cin\u00e9ma de tous niveaux.<\/p>\n<p data-start=\"413\" data-end=\"697\">Nous avons cr\u00e9\u00e9 Movieix pour rendre la d\u00e9couverte de films plus r\u00e9fl\u00e9chie et accessible. Au lieu de nous fier uniquement \u00e0 la popularit\u00e9 ou aux algorithmes, nous nous concentrons sur la fourniture d'un contenu utile, organis\u00e9 et engageant qui aide les lecteurs \u00e0 trouver des films en fonction de th\u00e8mes, de genres, de styles, d'humeurs et d'influences cin\u00e9matographiques.<\/p>\n<h3 data-section-id=\"15hwmw4\" data-start=\"699\" data-end=\"717\">Ce que nous publions<\/h3>\n<p data-start=\"719\" data-end=\"781\">Movieix couvre un large \u00e9ventail de sujets li\u00e9s au cin\u00e9ma, notamment :<\/p>\n<ul data-start=\"783\" data-end=\"1053\">\n<li data-section-id=\"vu7hy0\" data-start=\"783\" data-end=\"819\">Listes de films recommand\u00e9s, soigneusement s\u00e9lectionn\u00e9es<\/li>\n<li data-section-id=\"1ecroav\" data-start=\"820\" data-end=\"872\">Cin\u00e9ma international et guides cin\u00e9matographiques par pays<\/li>\n<li data-section-id=\"c2c9g3\" data-start=\"873\" data-end=\"910\">Collections de films classiques et modernes<\/li>\n<li data-section-id=\"sql089\" data-start=\"911\" data-end=\"942\">Recommandations ax\u00e9es sur le genre<\/li>\n<li data-section-id=\"khcid7\" data-start=\"943\" data-end=\"974\">Acteur et r\u00e9alisateur met en lumi\u00e8re<\/li>\n<li data-section-id=\"1dx84f\" data-start=\"975\" data-end=\"1017\">Discussions et analyses de films \u00e9ditoriales<\/li>\n<li data-section-id=\"1ku3ae\" data-start=\"1018\" data-end=\"1053\">Histoire du cin\u00e9ma et tendances cin\u00e9matographiques<\/li>\n<\/ul>\n<p data-start=\"1055\" data-end=\"1209\">Notre objectif est de cr\u00e9er du contenu informatif, facile \u00e0 naviguer et pr\u00e9cieux pour les lecteurs d\u00e9sireux de d\u00e9couvrir de nouveaux films et de mieux comprendre le cin\u00e9ma.<\/p>\n<h3 data-section-id=\"t00pig\" data-start=\"1211\" data-end=\"1233\">Normes \u00e9ditoriales<\/h3>\n<p data-start=\"1235\" data-end=\"1338\">Tout le contenu publi\u00e9 sur Movieix est revu et \u00e9dit\u00e9 pour maintenir la qualit\u00e9, la lisibilit\u00e9 et l'exactitude.<\/p>\n<p data-start=\"1340\" data-end=\"1350\">Nous visons \u00e0 :<\/p>\n<ul data-start=\"1351\" data-end=\"1591\">\n<li data-section-id=\"mwra3t\" data-start=\"1351\" data-end=\"1397\">cr\u00e9er du contenu original et centr\u00e9 sur le lecteur,<\/li>\n<li data-section-id=\"1m7yg7o\" data-start=\"1398\" data-end=\"1445\">organiser les informations de mani\u00e8re claire et responsable,<\/li>\n<li data-section-id=\"dkjjc5\" data-start=\"1446\" data-end=\"1488\">\u00e9viter le contenu trompeur ou sensationnel,<\/li>\n<li data-section-id=\"1x02rw2\" data-start=\"1489\" data-end=\"1529\">mettre \u00e0 jour r\u00e9guli\u00e8rement les articles quand n\u00e9cessaire,<\/li>\n<li data-section-id=\"d27ggj\" data-start=\"1530\" data-end=\"1591\">et am\u00e9liorer l'exp\u00e9rience utilisateur globale sur le site web.<\/li>\n<\/ul>\n<p data-start=\"1593\" data-end=\"1749\">Movieix n'h\u00e9berge, n'importe pas ou ne distribue pas de films ou de fichiers de streaming prot\u00e9g\u00e9s par le droit d'auteur.<br data-start=\"1676\" data-end=\"1679\" \/>Notre site web est destin\u00e9 \u00e0 des fins d'information et de publication uniquement.<\/p>\n<h3 data-section-id=\"12f9f5\" data-start=\"1751\" data-end=\"1766\">Ind\u00e9pendance<\/h3>\n<p data-start=\"1768\" data-end=\"1920\">Movieix est exploit\u00e9 de mani\u00e8re ind\u00e9pendante et n'est affili\u00e9 \u00e0 aucun studio de cin\u00e9ma, plateforme de streaming ou distributeur de divertissement, sauf indication contraire explicite.<\/p>\n<p data-start=\"1922\" data-end=\"2056\">Les opinions exprim\u00e9es dans les articles sont bas\u00e9es sur des recherches \u00e9ditoriales, des analyses et des informations publiques disponibles au moment de la publication.<\/p>\n<h3 data-section-id=\"qt4wa2\" data-start=\"2058\" data-end=\"2076\">Exp\u00e9rience utilisateur<\/h3>\n<p data-start=\"2078\" data-end=\"2110\">Nous nous engageons \u00e0 maintenir :<\/p>\n<ul data-start=\"2111\" data-end=\"2281\">\n<li data-section-id=\"iw1dhk\" data-start=\"2111\" data-end=\"2156\">une exp\u00e9rience de navigation propre et accessible,<\/li>\n<li data-section-id=\"sl33hp\" data-start=\"2157\" data-end=\"2195\">performance des sites web optimis\u00e9s pour mobile,<\/li>\n<li data-section-id=\"1exaen3\" data-start=\"2196\" data-end=\"2227\">politiques de site web transparentes,<\/li>\n<li data-section-id=\"z5g040\" data-start=\"2228\" data-end=\"2281\">et un contenu qui apporte une r\u00e9elle valeur ajout\u00e9e aux lecteurs.<\/li>\n<\/ul>\n<h3 data-section-id=\"d0jpe1\" data-start=\"2283\" data-end=\"2305\">Informations de contact<\/h3>\n<p data-start=\"2307\" data-end=\"2454\">Si vous souhaitez contacter Movieix pour des questions \u00e9ditoriales, des corrections, des partenariats ou des demandes g\u00e9n\u00e9rales, veuillez visiter notre <a href=\"https:\/\/movieix.com\/fr\/contact-us\/\">Page de contact<\/a>.<\/p>\n<p data-start=\"2456\" data-end=\"2555\" data-is-last-node=\"\" data-is-only-node=\"\">Merci de votre visite sur Movieix. Nous appr\u00e9cions votre soutien et votre int\u00e9r\u00eat pour le cin\u00e9ma et la culture cin\u00e9matographique.<\/p>","protected":false},"excerpt":{"rendered":"<p>About Movieix Movieix is an independent movie and entertainment publication focused on helping readers discover quality films, explore cinema from around the world, and learn more about storytelling through film. Our platform publishes original articles, curated movie recommendations, genre guides, [&hellip;]<\/p>\n","protected":false},"author":1,"featured_media":0,"parent":0,"menu_order":0,"comment_status":"closed","ping_status":"closed","template":"","meta":{"footnotes":""},"class_list":["post-6394","page","type-page","status-publish","hentry"],"acf":[],"yoast_head":"<!-- This site is optimized with the Yoast SEO plugin v27.5 - https:\/\/yoast.com\/product\/yoast-seo-wordpress\/ -->\n<title>About Us - Movieix<\/title>\n<meta name=\"robots\" content=\"index, follow, max-snippet:-1, max-image-preview:large, max-video-preview:-1\" \/>\n<link rel=\"canonical\" href=\"https:\/\/movieix.com\/fr\/about-us\/\" \/>\n<meta property=\"og:locale\" content=\"fr_FR\" \/>\n<meta property=\"og:type\" content=\"article\" \/>\n<meta property=\"og:title\" content=\"About Us - Movieix\" \/>\n<meta property=\"og:description\" content=\"About Movieix Movieix is an independent movie and entertainment publication focused on helping readers discover quality films, explore cinema from around the world, and learn more about storytelling through film. Our platform publishes original articles, curated movie recommendations, genre guides, [&hellip;]\" \/>\n<meta property=\"og:url\" content=\"https:\/\/movieix.com\/fr\/about-us\/\" \/>\n<meta property=\"og:site_name\" content=\"Movieix\" \/>\n<meta name=\"twitter:card\" content=\"summary_large_image\" \/>\n<meta name=\"twitter:label1\" content=\"Dur\u00e9e de lecture estim\u00e9e\" \/>\n\t<meta name=\"twitter:data1\" content=\"2 minutes\" \/>\n<script type=\"application\/ld+json\" class=\"yoast-schema-graph\">{\"@context\":\"https:\\\/\\\/schema.org\",\"@graph\":[{\"@type\":\"WebPage\",\"@id\":\"https:\\\/\\\/movieix.com\\\/about-us\\\/\",\"url\":\"https:\\\/\\\/movieix.com\\\/about-us\\\/\",\"name\":\"About Us - Movieix\",\"isPartOf\":{\"@id\":\"https:\\\/\\\/movieix.com\\\/#website\"},\"datePublished\":\"2026-05-07T04:46:52+00:00\",\"breadcrumb\":{\"@id\":\"https:\\\/\\\/movieix.com\\\/about-us\\\/#breadcrumb\"},\"inLanguage\":\"fr-FR\",\"potentialAction\":[{\"@type\":\"ReadAction\",\"target\":[\"https:\\\/\\\/movieix.com\\\/about-us\\\/\"]}]},{\"@type\":\"BreadcrumbList\",\"@id\":\"https:\\\/\\\/movieix.com\\\/about-us\\\/#breadcrumb\",\"itemListElement\":[{\"@type\":\"ListItem\",\"position\":1,\"name\":\"\u0413\u043b\u0430\u0432\u043d\u0430\u044f \u0441\u0442\u0440\u0430\u043d\u0438\u0446\u0430\",\"item\":\"https:\\\/\\\/movieix.com\\\/\"},{\"@type\":\"ListItem\",\"position\":2,\"name\":\"About Us\"}]},{\"@type\":\"WebSite\",\"@id\":\"https:\\\/\\\/movieix.com\\\/#website\",\"url\":\"https:\\\/\\\/movieix.com\\\/\",\"name\":\"Movieix\",\"description\":\"\",\"potentialAction\":[{\"@type\":\"SearchAction\",\"target\":{\"@type\":\"EntryPoint\",\"urlTemplate\":\"https:\\\/\\\/movieix.com\\\/?s={search_term_string}\"},\"query-input\":{\"@type\":\"PropertyValueSpecification\",\"valueRequired\":true,\"valueName\":\"search_term_string\"}}],\"inLanguage\":\"fr-FR\"}]}<\/script>\n<!-- \/ Yoast SEO plugin. -->","yoast_head_json":{"title":"About Us - Movieix","robots":{"index":"index","follow":"follow","max-snippet":"max-snippet:-1","max-image-preview":"max-image-preview:large","max-video-preview":"max-video-preview:-1"},"canonical":"https:\/\/movieix.com\/fr\/about-us\/","og_locale":"fr_FR","og_type":"article","og_title":"About Us - Movieix","og_description":"About Movieix Movieix is an independent movie and entertainment publication focused on helping readers discover quality films, explore cinema from around the world, and learn more about storytelling through film. Our platform publishes original articles, curated movie recommendations, genre guides, [&hellip;]","og_url":"https:\/\/movieix.com\/fr\/about-us\/","og_site_name":"Movieix","twitter_card":"summary_large_image","twitter_misc":{"Dur\u00e9e de lecture estim\u00e9e":"2 minutes"},"schema":{"@context":"https:\/\/schema.org","@graph":[{"@type":"WebPage","@id":"https:\/\/movieix.com\/about-us\/","url":"https:\/\/movieix.com\/about-us\/","name":"About Us - Movieix","isPartOf":{"@id":"https:\/\/movieix.com\/#website"},"datePublished":"2026-05-07T04:46:52+00:00","breadcrumb":{"@id":"https:\/\/movieix.com\/about-us\/#breadcrumb"},"inLanguage":"fr-FR","potentialAction":[{"@type":"ReadAction","target":["https:\/\/movieix.com\/about-us\/"]}]},{"@type":"BreadcrumbList","@id":"https:\/\/movieix.com\/about-us\/#breadcrumb","itemListElement":[{"@type":"ListItem","position":1,"name":"\u0413\u043b\u0430\u0432\u043d\u0430\u044f \u0441\u0442\u0440\u0430\u043d\u0438\u0446\u0430","item":"https:\/\/movieix.com\/"},{"@type":"ListItem","position":2,"name":"About Us"}]},{"@type":"WebSite","@id":"https:\/\/movieix.com\/#website","url":"https:\/\/movieix.com\/","name":"Movieix","description":"","potentialAction":[{"@type":"SearchAction","target":{"@type":"EntryPoint","urlTemplate":"https:\/\/movieix.com\/?s={search_term_string}"},"query-input":{"@type":"PropertyValueSpecification","valueRequired":true,"valueName":"search_term_string"}}],"inLanguage":"fr-FR"}]}},"_links":{"self":[{"href":"https:\/\/movieix.com\/fr\/wp-json\/wp\/v2\/pages\/6394","targetHints":{"allow":["GET"]}}],"collection":[{"href":"https:\/\/movieix.com\/fr\/wp-json\/wp\/v2\/pages"}],"about":[{"href":"https:\/\/movieix.com\/fr\/wp-json\/wp\/v2\/types\/page"}],"author":[{"embeddable":true,"href":"https:\/\/movieix.com\/fr\/wp-json\/wp\/v2\/users\/1"}],"replies":[{"embeddable":true,"href":"https:\/\/movieix.com\/fr\/wp-json\/wp\/v2\/comments?post=6394"}],"version-history":[{"count":2,"href":"https:\/\/movieix.com\/fr\/wp-json\/wp\/v2\/pages\/6394\/revisions"}],"predecessor-version":[{"id":6396,"href":"https:\/\/movieix.com\/fr\/wp-json\/wp\/v2\/pages\/6394\/revisions\/6396"}],"wp:attachment":[{"href":"https:\/\/movieix.com\/fr\/wp-json\/wp\/v2\/media?parent=6394"}],"curies":[{"name":"wp","href":"https:\/\/api.w.org\/{rel}","templated":true}]}}