{"id":6274,"date":"2026-04-08T08:13:38","date_gmt":"2026-04-08T05:13:38","guid":{"rendered":"https:\/\/movieix.com\/?page_id=6274"},"modified":"2026-04-08T08:13:38","modified_gmt":"2026-04-08T05:13:38","slug":"faq","status":"publish","type":"page","link":"https:\/\/movieix.com\/fr\/faq\/","title":{"rendered":"FAQ"},"content":{"rendered":"<h3 data-section-id=\"1eofepq\" data-start=\"178\" data-end=\"226\">Questions Fr\u00e9quemment Pos\u00e9es (FAQ) \u2013 Movieix.com<\/h3>\n<h4 data-section-id=\"9u3cr7\" data-start=\"228\" data-end=\"254\">1. Qu'est-ce que Movieix.com ?<\/h4>\n<p data-start=\"256\" data-end=\"328\">Movieix.com est un site web qui propose du contenu li\u00e9 aux films, notamment :<\/p>\n<ul data-start=\"329\" data-end=\"401\">\n<li data-section-id=\"1opswch\" data-start=\"329\" data-end=\"340\">Avis<\/li>\n<li data-section-id=\"1ae20jm\" data-start=\"341\" data-end=\"354\">Sommaires<\/li>\n<li data-section-id=\"1y4w4wi\" data-start=\"355\" data-end=\"374\">Recommandations<\/li>\n<li data-section-id=\"1k14s7p\" data-start=\"375\" data-end=\"401\">Aper\u00e7us du divertissement<\/li>\n<\/ul>\n<p data-start=\"403\" data-end=\"497\">Notre objectif est d'aider les utilisateurs \u00e0 d\u00e9couvrir et \u00e0 en apprendre davantage sur les films de mani\u00e8re simple et informative.<\/p>\n<hr data-start=\"499\" data-end=\"502\" \/>\n<h4 data-section-id=\"1pq02k7\" data-start=\"504\" data-end=\"549\">2. Movieix.com h\u00e9berge-t-il ou diffuse-t-il des films ?<\/h4>\n<p data-start=\"551\" data-end=\"611\">Non. Movieix.com le fait <strong data-start=\"572\" data-end=\"610\">ne pas h\u00e9berger, t\u00e9l\u00e9charger ou diffuser de films<\/strong>.<\/p>\n<p data-start=\"613\" data-end=\"733\">Nous fournissons uniquement du contenu informatif et \u00e9ditorial sur les films. Nous ne stockons ni ne distribuons de fichiers multim\u00e9dias prot\u00e9g\u00e9s par des droits d'auteur.<\/p>\n<hr data-start=\"735\" data-end=\"738\" \/>\n<h4 data-section-id=\"1wr5a2f\" data-start=\"740\" data-end=\"773\">3. Movieix.com est-il gratuit \u00e0 utiliser ?<\/h4>\n<p data-start=\"775\" data-end=\"835\">Oui. Movieix.com est enti\u00e8rement gratuit pour tous les utilisateurs.<\/p>\n<hr data-start=\"837\" data-end=\"840\" \/>\n<h4 data-section-id=\"1oo1o1l\" data-start=\"842\" data-end=\"880\">4. Comment Movieix.com gagne-t-il de l'argent ?<\/h4>\n<p data-start=\"882\" data-end=\"968\">Nous utilisons des services de publicit\u00e9 tiers, notamment <strong data-start=\"933\" data-end=\"951\">Google AdSense<\/strong>, pour afficher des publicit\u00e9s.<\/p>\n<p data-start=\"970\" data-end=\"988\">Ces publicit\u00e9s nous aident :<\/p>\n<ul data-start=\"989\" data-end=\"1076\">\n<li data-section-id=\"1g6kdir\" data-start=\"989\" data-end=\"1013\">Maintenir le site web<\/li>\n<li data-section-id=\"6a99d7\" data-start=\"1014\" data-end=\"1045\">Cr\u00e9er du contenu de haute qualit\u00e9<\/li>\n<li data-section-id=\"qw04a\" data-start=\"1046\" data-end=\"1076\">Garder l'acc\u00e8s gratuit pour les utilisateurs<\/li>\n<\/ul>\n<hr data-start=\"1078\" data-end=\"1081\" \/>\n<h4 data-section-id=\"tu0d38\" data-start=\"1083\" data-end=\"1124\">5. Pourquoi est-ce que je vois des publicit\u00e9s sur le site web ?<\/h4>\n<p data-start=\"1126\" data-end=\"1184\">Les publicit\u00e9s sont affich\u00e9es pour soutenir le fonctionnement du site web.<\/p>\n<p data-start=\"1186\" data-end=\"1232\">Google et ses partenaires peuvent afficher des publicit\u00e9s bas\u00e9es sur :<\/p>\n<ul data-start=\"1233\" data-end=\"1301\">\n<li data-section-id=\"1ra0zbi\" data-start=\"1233\" data-end=\"1259\">Your browsing behavior<\/li>\n<li data-section-id=\"9inqkd\" data-start=\"1260\" data-end=\"1273\">Int\u00e9r\u00eats<\/li>\n<li data-section-id=\"n0d3z4\" data-start=\"1274\" data-end=\"1301\">Visites pr\u00e9c\u00e9dentes du site web<\/li>\n<\/ul>\n<p data-start=\"1303\" data-end=\"1366\">Vous pouvez g\u00e9rer vos pr\u00e9f\u00e9rences publicitaires via les Param\u00e8tres Google Ads.<\/p>\n<hr data-start=\"1368\" data-end=\"1371\" \/>\n<h4 data-section-id=\"v9dbn3\" data-start=\"1373\" data-end=\"1418\">6. Movieix.com collecte-t-il des donn\u00e9es personnelles ?<\/h4>\n<p data-start=\"1420\" data-end=\"1463\">Nous pouvons collecter des informations limit\u00e9es telles que :<\/p>\n<ul data-start=\"1464\" data-end=\"1522\">\n<li data-section-id=\"1fduwkf\" data-start=\"1464\" data-end=\"1475\">Biscuits<\/li>\n<li data-section-id=\"84uu4n\" data-start=\"1476\" data-end=\"1522\">Donn\u00e9es d'utilisation (par exemple, pages visit\u00e9es, temps pass\u00e9)<\/li>\n<\/ul>\n<p data-start=\"1524\" data-end=\"1597\">Cela nous aide \u00e0 am\u00e9liorer l'exp\u00e9rience utilisateur et \u00e0 proposer du contenu et des publicit\u00e9s pertinents.<\/p>\n<p data-start=\"1599\" data-end=\"1650\">Pour plus de d\u00e9tails, veuillez consulter notre politique de confidentialit\u00e9.<\/p>\n<hr data-start=\"1652\" data-end=\"1655\" \/>\n<h4 data-section-id=\"qm5vvp\" data-start=\"1657\" data-end=\"1685\">7. Puis-je d\u00e9sactiver les cookies ?<\/h4>\n<p data-start=\"1687\" data-end=\"1746\">Oui. Vous pouvez d\u00e9sactiver les cookies via les param\u00e8tres de votre navigateur.<\/p>\n<p data-start=\"1748\" data-end=\"1839\">Veuillez noter que la d\u00e9sactivation des cookies peut affecter le fonctionnement de certaines fonctionnalit\u00e9s du site web.<\/p>\n<hr data-start=\"1841\" data-end=\"1844\" \/>\n<h4 data-section-id=\"4gd00n\" data-start=\"1846\" data-end=\"1891\">8. Le contenu sur Movieix.com est-il exact ?<\/h4>\n<p data-start=\"1893\" data-end=\"1959\">Nous nous effor\u00e7ons de fournir des informations exactes et \u00e0 jour. Cependant :<\/p>\n<ul data-start=\"1960\" data-end=\"2048\">\n<li data-section-id=\"c03zvc\" data-start=\"1960\" data-end=\"2006\">Le contenu est \u00e0 titre informatif uniquement<\/li>\n<li data-section-id=\"1qc4wve\" data-start=\"2007\" data-end=\"2048\">Nous ne garantissons pas une exactitude compl\u00e8te<\/li>\n<\/ul>\n<p data-start=\"2050\" data-end=\"2111\">Les utilisateurs doivent v\u00e9rifier les informations de mani\u00e8re ind\u00e9pendante lorsque cela est n\u00e9cessaire.<\/p>\n<hr data-start=\"2113\" data-end=\"2116\" \/>\n<h4 data-section-id=\"1q6fl4i\" data-start=\"2118\" data-end=\"2159\">9. Puis-je utiliser du contenu de Movieix.com ?<\/h4>\n<p data-start=\"2161\" data-end=\"2214\">Tout le contenu de Movieix.com est prot\u00e9g\u00e9 par le droit d'auteur.<\/p>\n<p data-start=\"2216\" data-end=\"2224\">Vous pouvez :<\/p>\n<ul data-start=\"2225\" data-end=\"2278\">\n<li data-section-id=\"6mxj3y\" data-start=\"2225\" data-end=\"2278\">Utiliser le contenu pour des usages personnels et non commerciaux<\/li>\n<\/ul>\n<p data-start=\"2280\" data-end=\"2292\">Vous ne pouvez pas :<\/p>\n<ul data-start=\"2293\" data-end=\"2356\">\n<li data-section-id=\"12zc5ub\" data-start=\"2293\" data-end=\"2356\">Copier, reproduire ou redistribuer du contenu sans autorisation<\/li>\n<\/ul>\n<hr data-start=\"2358\" data-end=\"2361\" \/>\n<h4 data-section-id=\"2w1hlb\" data-start=\"2363\" data-end=\"2410\">10. Comment puis-je signaler une violation du droit d'auteur ?<\/h4>\n<p data-start=\"2412\" data-end=\"2502\">Si vous pensez que le contenu sur Movieix.com enfreint les lois sur le droit d'auteur, veuillez nous contacter avec\u00a0:<\/p>\n<ul data-start=\"2503\" data-end=\"2606\">\n<li data-section-id=\"1rdje7p\" data-start=\"2503\" data-end=\"2531\">Vos coordonn\u00e9es<\/li>\n<li data-section-id=\"l23fmd\" data-start=\"2532\" data-end=\"2571\">D\u00e9tails du mat\u00e9riel prot\u00e9g\u00e9 par copyright<\/li>\n<li data-section-id=\"o09utv\" data-start=\"2572\" data-end=\"2606\">URL du contenu concern\u00e9<\/li>\n<\/ul>\n<p data-start=\"2608\" data-end=\"2651\">Nous examinerons et prendrons les mesures appropri\u00e9es.<\/p>\n<hr data-start=\"2653\" data-end=\"2656\" \/>\n<h4 data-section-id=\"1wdmcc\" data-start=\"2658\" data-end=\"2711\">11. Movieix.com renvoie-t-il vers des sites web tiers ?<\/h4>\n<p data-start=\"2713\" data-end=\"2790\">Oui, nous pouvons inclure des liens vers des sites Web tiers pour des informations suppl\u00e9mentaires.<\/p>\n<p data-start=\"2792\" data-end=\"2837\">Nous ne contr\u00f4lons ni ne prenons la responsabilit\u00e9 de :<\/p>\n<ul data-start=\"2838\" data-end=\"2883\">\n<li data-section-id=\"1j2ug2r\" data-start=\"2838\" data-end=\"2855\">Leur contenu<\/li>\n<li data-section-id=\"x2tk78\" data-start=\"2856\" data-end=\"2883\">Leurs pratiques en mati\u00e8re de confidentialit\u00e9<\/li>\n<\/ul>\n<hr data-start=\"2885\" data-end=\"2888\" \/>\n<h4 data-section-id=\"gwaybm\" data-start=\"2890\" data-end=\"2924\">12. Movieix.com est-il s\u00fbr \u00e0 utiliser ?<\/h4>\n<p data-start=\"2926\" data-end=\"2976\">Oui. Nous visons \u00e0 offrir une exp\u00e9rience de navigation s\u00e9curis\u00e9e.<\/p>\n<p data-start=\"2978\" data-end=\"3000\">Cependant, les utilisateurs devraient :<\/p>\n<ul data-start=\"3001\" data-end=\"3095\">\n<li data-section-id=\"170wf2m\" data-start=\"3001\" data-end=\"3051\">\u00c9vitez de cliquer sur des liens suspects de tiers<\/li>\n<li data-section-id=\"1pnim2f\" data-start=\"3052\" data-end=\"3095\">Utilisez des navigateurs et des outils de s\u00e9curit\u00e9 \u00e0 jour<\/li>\n<\/ul>\n<hr data-start=\"3097\" data-end=\"3100\" \/>\n<h4 data-section-id=\"1atnmnp\" data-start=\"3102\" data-end=\"3135\">13. Puis-je contacter Movieix.com ?<\/h4>\n<p data-start=\"3137\" data-end=\"3221\">Oui ! Si vous avez des questions, des commentaires ou des demandes commerciales, vous pouvez nous contacter via :<\/p>\n<p data-start=\"3223\" data-end=\"3285\"><strong data-start=\"3223\" data-end=\"3233\">Courriel<\/strong> <strong data-start=\"4791\" data-end=\"4814\"><a class=\"decorated-link cursor-pointer\" rel=\"noopener\" data-start=\"4793\" data-end=\"4812\">info@movieix.com<\/a><\/strong><br data-start=\"3248\" data-end=\"3251\" \/><strong data-start=\"3251\" data-end=\"3263\">Site Web<\/strong> <a class=\"decorated-link\" href=\"https:\/\/movieix.com\/fr\/\" target=\"_new\" rel=\"noopener\" data-start=\"3264\" data-end=\"3283\">https:\/\/movieix.com<\/a><\/p>\n<hr data-start=\"3287\" data-end=\"3290\" \/>\n<h4 data-section-id=\"xtr9pz\" data-start=\"3292\" data-end=\"3326\">14. Ces FAQ seront-elles mises \u00e0 jour ?<\/h4>\n<p data-start=\"3328\" data-end=\"3384\">Oui. Il se peut que nous mettions \u00e0 jour cette page de FAQ au fur et \u00e0 mesure de l'\u00e9volution du site web.<\/p>\n<p data-start=\"3386\" data-end=\"3446\">Nous encourageons les utilisateurs \u00e0 consulter cette page r\u00e9guli\u00e8rement pour les mises \u00e0 jour.<\/p>","protected":false},"excerpt":{"rendered":"<p>Frequently Asked Questions (FAQ) \u2013 Movieix.com 1. What is Movieix.com? Movieix.com is a website that provides movie-related content, including: Reviews Summaries Recommendations Entertainment insights Our goal is to help users discover and learn more about movies in an easy and [&hellip;]<\/p>\n","protected":false},"author":1,"featured_media":0,"parent":0,"menu_order":0,"comment_status":"closed","ping_status":"closed","template":"","meta":{"footnotes":""},"class_list":["post-6274","page","type-page","status-publish","hentry"],"acf":[],"yoast_head":"<!-- This site is optimized with the Yoast SEO plugin v27.5 - https:\/\/yoast.com\/product\/yoast-seo-wordpress\/ -->\n<title>FAQ - Movieix<\/title>\n<meta name=\"robots\" content=\"index, follow, max-snippet:-1, max-image-preview:large, max-video-preview:-1\" \/>\n<link rel=\"canonical\" href=\"https:\/\/movieix.com\/fr\/faq\/\" \/>\n<meta property=\"og:locale\" content=\"fr_FR\" \/>\n<meta property=\"og:type\" content=\"article\" \/>\n<meta property=\"og:title\" content=\"FAQ - Movieix\" \/>\n<meta property=\"og:description\" content=\"Frequently Asked Questions (FAQ) \u2013 Movieix.com 1. What is Movieix.com? Movieix.com is a website that provides movie-related content, including: Reviews Summaries Recommendations Entertainment insights Our goal is to help users discover and learn more about movies in an easy and [&hellip;]\" \/>\n<meta property=\"og:url\" content=\"https:\/\/movieix.com\/fr\/faq\/\" \/>\n<meta property=\"og:site_name\" content=\"Movieix\" \/>\n<meta name=\"twitter:card\" content=\"summary_large_image\" \/>\n<meta name=\"twitter:label1\" content=\"Dur\u00e9e de lecture estim\u00e9e\" \/>\n\t<meta name=\"twitter:data1\" content=\"3 minutes\" \/>\n<script type=\"application\/ld+json\" class=\"yoast-schema-graph\">{\"@context\":\"https:\\\/\\\/schema.org\",\"@graph\":[{\"@type\":\"WebPage\",\"@id\":\"https:\\\/\\\/movieix.com\\\/faq\\\/\",\"url\":\"https:\\\/\\\/movieix.com\\\/faq\\\/\",\"name\":\"FAQ - Movieix\",\"isPartOf\":{\"@id\":\"https:\\\/\\\/movieix.com\\\/#website\"},\"datePublished\":\"2026-04-08T05:13:38+00:00\",\"breadcrumb\":{\"@id\":\"https:\\\/\\\/movieix.com\\\/faq\\\/#breadcrumb\"},\"inLanguage\":\"fr-FR\",\"potentialAction\":[{\"@type\":\"ReadAction\",\"target\":[\"https:\\\/\\\/movieix.com\\\/faq\\\/\"]}]},{\"@type\":\"BreadcrumbList\",\"@id\":\"https:\\\/\\\/movieix.com\\\/faq\\\/#breadcrumb\",\"itemListElement\":[{\"@type\":\"ListItem\",\"position\":1,\"name\":\"\u0413\u043b\u0430\u0432\u043d\u0430\u044f \u0441\u0442\u0440\u0430\u043d\u0438\u0446\u0430\",\"item\":\"https:\\\/\\\/movieix.com\\\/\"},{\"@type\":\"ListItem\",\"position\":2,\"name\":\"FAQ\"}]},{\"@type\":\"WebSite\",\"@id\":\"https:\\\/\\\/movieix.com\\\/#website\",\"url\":\"https:\\\/\\\/movieix.com\\\/\",\"name\":\"Movieix\",\"description\":\"\",\"potentialAction\":[{\"@type\":\"SearchAction\",\"target\":{\"@type\":\"EntryPoint\",\"urlTemplate\":\"https:\\\/\\\/movieix.com\\\/?s={search_term_string}\"},\"query-input\":{\"@type\":\"PropertyValueSpecification\",\"valueRequired\":true,\"valueName\":\"search_term_string\"}}],\"inLanguage\":\"fr-FR\"}]}<\/script>\n<!-- \/ Yoast SEO plugin. -->","yoast_head_json":{"title":"FAQ - Movieix","robots":{"index":"index","follow":"follow","max-snippet":"max-snippet:-1","max-image-preview":"max-image-preview:large","max-video-preview":"max-video-preview:-1"},"canonical":"https:\/\/movieix.com\/fr\/faq\/","og_locale":"fr_FR","og_type":"article","og_title":"FAQ - Movieix","og_description":"Frequently Asked Questions (FAQ) \u2013 Movieix.com 1. What is Movieix.com? Movieix.com is a website that provides movie-related content, including: Reviews Summaries Recommendations Entertainment insights Our goal is to help users discover and learn more about movies in an easy and [&hellip;]","og_url":"https:\/\/movieix.com\/fr\/faq\/","og_site_name":"Movieix","twitter_card":"summary_large_image","twitter_misc":{"Dur\u00e9e de lecture estim\u00e9e":"3 minutes"},"schema":{"@context":"https:\/\/schema.org","@graph":[{"@type":"WebPage","@id":"https:\/\/movieix.com\/faq\/","url":"https:\/\/movieix.com\/faq\/","name":"FAQ - Movieix","isPartOf":{"@id":"https:\/\/movieix.com\/#website"},"datePublished":"2026-04-08T05:13:38+00:00","breadcrumb":{"@id":"https:\/\/movieix.com\/faq\/#breadcrumb"},"inLanguage":"fr-FR","potentialAction":[{"@type":"ReadAction","target":["https:\/\/movieix.com\/faq\/"]}]},{"@type":"BreadcrumbList","@id":"https:\/\/movieix.com\/faq\/#breadcrumb","itemListElement":[{"@type":"ListItem","position":1,"name":"\u0413\u043b\u0430\u0432\u043d\u0430\u044f \u0441\u0442\u0440\u0430\u043d\u0438\u0446\u0430","item":"https:\/\/movieix.com\/"},{"@type":"ListItem","position":2,"name":"FAQ"}]},{"@type":"WebSite","@id":"https:\/\/movieix.com\/#website","url":"https:\/\/movieix.com\/","name":"Movieix","description":"","potentialAction":[{"@type":"SearchAction","target":{"@type":"EntryPoint","urlTemplate":"https:\/\/movieix.com\/?s={search_term_string}"},"query-input":{"@type":"PropertyValueSpecification","valueRequired":true,"valueName":"search_term_string"}}],"inLanguage":"fr-FR"}]}},"_links":{"self":[{"href":"https:\/\/movieix.com\/fr\/wp-json\/wp\/v2\/pages\/6274","targetHints":{"allow":["GET"]}}],"collection":[{"href":"https:\/\/movieix.com\/fr\/wp-json\/wp\/v2\/pages"}],"about":[{"href":"https:\/\/movieix.com\/fr\/wp-json\/wp\/v2\/types\/page"}],"author":[{"embeddable":true,"href":"https:\/\/movieix.com\/fr\/wp-json\/wp\/v2\/users\/1"}],"replies":[{"embeddable":true,"href":"https:\/\/movieix.com\/fr\/wp-json\/wp\/v2\/comments?post=6274"}],"version-history":[{"count":1,"href":"https:\/\/movieix.com\/fr\/wp-json\/wp\/v2\/pages\/6274\/revisions"}],"predecessor-version":[{"id":6275,"href":"https:\/\/movieix.com\/fr\/wp-json\/wp\/v2\/pages\/6274\/revisions\/6275"}],"wp:attachment":[{"href":"https:\/\/movieix.com\/fr\/wp-json\/wp\/v2\/media?parent=6274"}],"curies":[{"name":"wp","href":"https:\/\/api.w.org\/{rel}","templated":true}]}}