{"id":6202,"date":"2026-02-11T06:32:45","date_gmt":"2026-02-11T03:32:45","guid":{"rendered":"https:\/\/movieix.com\/?page_id=6202"},"modified":"2026-05-13T08:07:05","modified_gmt":"2026-05-13T05:07:05","slug":"actor-recommendations","status":"publish","type":"page","link":"https:\/\/movieix.com\/fr\/actor-recommendations\/","title":{"rendered":"Recommandations d'acteurs"},"content":{"rendered":"<section class=\"wpb-content-wrapper\"><div class=\"vc_row wpb_row vc_row-fluid\" ><div class=\"wpb_column vc_column_container vc_col-sm-12\"><div class=\"vc_column-inner\"><div class=\"wpb_wrapper\"><div class=\"edgtf-blog-list-holder edgtf-bl-boxed edgtf-bl-three-columns edgtf-large-space  edgtf-bl-has-image edgtf-bl-pag-load-more\"  data-type=\"boxed\" data-number-of-posts=\"9\" data-number-of-columns=\"3\" data-space-between-items=\"large\" data-category=\"actors\" data-orderby=\"date\" data-order=\"DESC\" data-image-size=\"full\" data-title-tag=\"h4\" data-excerpt-length=\"40\" data-post-info-section=\"no\" data-post-info-image=\"yes\" data-post-info-author=\"yes\" data-post-info-date=\"yes\" data-post-info-category=\"yes\" data-post-info-comments=\"no\" data-post-info-like=\"no\" data-post-info-share=\"no\" data-post-read-more=\"yes\" data-pagination-type=\"load-more\" data-max-num-pages=\"2\" data-next-page=\"2\">\n\t<div class=\"edgtf-bl-wrapper edgtf-outer-space\">\n\t\t<ul class=\"edgtf-blog-list\">\n\t\t\t<li class=\"edgtf-bl-item edgtf-item-space clearfix\">\n\t<div class=\"edgtf-bli-inner\">\n\t\t\n\t<div class=\"edgtf-post-image\">\n\t\t            <a itemprop=\"url\" href=\"https:\/\/movieix.com\/fr\/jim-carrey-10-best-movies\/\" title=\"Jim Carrey \u2013 10 meilleurs films\">\n\t\t\t\t\t<img loading=\"lazy\" decoding=\"async\" width=\"633\" height=\"841\" src=\"https:\/\/movieix.com\/wp-content\/uploads\/2026\/04\/jim-carrey.jpg\" class=\"attachment-full size-full wp-post-image\" alt=\"\" srcset=\"https:\/\/movieix.com\/wp-content\/uploads\/2026\/04\/jim-carrey.jpg 633w, https:\/\/movieix.com\/wp-content\/uploads\/2026\/04\/jim-carrey-226x300.jpg 226w, https:\/\/movieix.com\/wp-content\/uploads\/2026\/04\/jim-carrey-9x12.jpg 9w\" sizes=\"auto, (max-width: 633px) 100vw, 633px\" \/>\t\t\t\t\t\t\t\t\t<\/a>\n\t\t\t\t\t<\/div>\n        <div class=\"edgtf-bli-content\">\n            \t\n\t        \n<h4 itemprop=\"name\" class=\"entry-title edgtf-post-title\" >\n            <a itemprop=\"url\" href=\"https:\/\/movieix.com\/fr\/jim-carrey-10-best-movies\/\" title=\"Jim Carrey \u2013 10 meilleurs films\">\n            Jim Carrey \u2013 10 meilleurs films            <\/a>\n    <\/h4>\t\n\t        <div class=\"edgtf-bli-excerpt\">\n\t\t        \t\t<div class=\"edgtf-post-excerpt-holder\">\n\t\t\t<p itemprop=\"description\" class=\"edgtf-post-excerpt\">\n\t\t\t\t\r\n\r\n\r\n\r\n\r\n\r\n\r\n\r\n\r\n\r\n\r\n\r\nPeu d&#039;acteurs ont su allier avec autant de brio com\u00e9die d\u00e9brid\u00e9e et performances \u00e9motionnelles profondes que Jim Carrey. Reconnu pour son expressivit\u00e9 et son \u00e9nergie hors du commun, Carrey est devenu une figure embl\u00e9matique de la com\u00e9die des ann\u00e9es 1990 avant de s&#039;imposer comme un acteur dramatique respect\u00e9. Voici quelques exemples.\t\t\t<\/p>\n\t\t<\/div>\n\t\t<div class=\"edgtf-post-read-more-button\">\n\t\t<a itemprop=\"url\" href=\"https:\/\/movieix.com\/fr\/jim-carrey-10-best-movies\/\" target=\"_self\"  class=\"edgtf-btn edgtf-btn-medium edgtf-btn-simple edgtf-btn- edgtf-blog-list-button edgtf-hover-animation\"  >    <span class=\"edgtf-btn-text\">Read More<\/span>    <\/a>\t<\/div>\n\t        <\/div>\n        <\/div>\n\t<\/div>\n<\/li><li class=\"edgtf-bl-item edgtf-item-space clearfix\">\n\t<div class=\"edgtf-bli-inner\">\n\t\t\n\t<div class=\"edgtf-post-image\">\n\t\t            <a itemprop=\"url\" href=\"https:\/\/movieix.com\/fr\/jean-reno-10-best-movies\/\" title=\"Jean Reno \u2013 10 meilleurs films\">\n\t\t\t\t\t<img loading=\"lazy\" decoding=\"async\" width=\"633\" height=\"841\" src=\"https:\/\/movieix.com\/wp-content\/uploads\/2026\/04\/Jean-Reno.jpg\" class=\"attachment-full size-full wp-post-image\" alt=\"\" srcset=\"https:\/\/movieix.com\/wp-content\/uploads\/2026\/04\/Jean-Reno.jpg 633w, https:\/\/movieix.com\/wp-content\/uploads\/2026\/04\/Jean-Reno-226x300.jpg 226w, https:\/\/movieix.com\/wp-content\/uploads\/2026\/04\/Jean-Reno-9x12.jpg 9w\" sizes=\"auto, (max-width: 633px) 100vw, 633px\" \/>\t\t\t\t\t\t\t\t\t<\/a>\n\t\t\t\t\t<\/div>\n        <div class=\"edgtf-bli-content\">\n            \t\n\t        \n<h4 itemprop=\"name\" class=\"entry-title edgtf-post-title\" >\n            <a itemprop=\"url\" href=\"https:\/\/movieix.com\/fr\/jean-reno-10-best-movies\/\" title=\"Jean Reno \u2013 10 meilleurs films\">\n            Jean Reno \u2013 10 meilleurs films            <\/a>\n    <\/h4>\t\n\t        <div class=\"edgtf-bli-excerpt\">\n\t\t        \t\t<div class=\"edgtf-post-excerpt-holder\">\n\t\t\t<p itemprop=\"description\" class=\"edgtf-post-excerpt\">\n\t\t\t\t\r\n\r\n\r\n\r\n\r\n\r\n\r\n\r\n\r\n\r\n\r\n\r\nAvec une carri\u00e8re s&#039;\u00e9talant sur plusieurs d\u00e9cennies, Jean Reno s&#039;est forg\u00e9 une r\u00e9putation d&#039;acteur parmi les plus singuliers du cin\u00e9ma international. Reconnu pour son intensit\u00e9 calme, sa voix grave et sa profondeur \u00e9motionnelle, il passe avec aisance des classiques fran\u00e7ais aux superproductions hollywoodiennes.\t\t\t<\/p>\n\t\t<\/div>\n\t\t<div class=\"edgtf-post-read-more-button\">\n\t\t<a itemprop=\"url\" href=\"https:\/\/movieix.com\/fr\/jean-reno-10-best-movies\/\" target=\"_self\"  class=\"edgtf-btn edgtf-btn-medium edgtf-btn-simple edgtf-btn- edgtf-blog-list-button edgtf-hover-animation\"  >    <span class=\"edgtf-btn-text\">Read More<\/span>    <\/a>\t<\/div>\n\t        <\/div>\n        <\/div>\n\t<\/div>\n<\/li><li class=\"edgtf-bl-item edgtf-item-space clearfix\">\n\t<div class=\"edgtf-bli-inner\">\n\t\t\n\t<div class=\"edgtf-post-image\">\n\t\t            <a itemprop=\"url\" href=\"https:\/\/movieix.com\/fr\/richard-gere-and-julia-roberts\/\" title=\"Richard Gere et Julia Roberts \u2013 Meilleurs films\">\n\t\t\t\t\t<img loading=\"lazy\" decoding=\"async\" width=\"633\" height=\"841\" src=\"https:\/\/movieix.com\/wp-content\/uploads\/2025\/08\/Richard-Gere-and-Julia-Roberts.jpg\" class=\"attachment-full size-full wp-post-image\" alt=\"\" srcset=\"https:\/\/movieix.com\/wp-content\/uploads\/2025\/08\/Richard-Gere-and-Julia-Roberts.jpg 633w, https:\/\/movieix.com\/wp-content\/uploads\/2025\/08\/Richard-Gere-and-Julia-Roberts-226x300.jpg 226w, https:\/\/movieix.com\/wp-content\/uploads\/2025\/08\/Richard-Gere-and-Julia-Roberts-9x12.jpg 9w\" sizes=\"auto, (max-width: 633px) 100vw, 633px\" \/>\t\t\t\t\t\t\t\t\t<\/a>\n\t\t\t\t\t<\/div>\n        <div class=\"edgtf-bli-content\">\n            \t\n\t        \n<h4 itemprop=\"name\" class=\"entry-title edgtf-post-title\" >\n            <a itemprop=\"url\" href=\"https:\/\/movieix.com\/fr\/richard-gere-and-julia-roberts\/\" title=\"Richard Gere et Julia Roberts \u2013 Meilleurs films\">\n            Richard Gere et Julia Roberts \u2013 Meilleurs films            <\/a>\n    <\/h4>\t\n\t        <div class=\"edgtf-bli-excerpt\">\n\t\t        \t\t<div class=\"edgtf-post-excerpt-holder\">\n\t\t\t<p itemprop=\"description\" class=\"edgtf-post-excerpt\">\n\t\t\t\t\r\n\r\n\r\n\r\n\r\n\r\n\r\n\r\n\r\n\r\n\r\n\r\n\r\nRichard Gere et Julia Roberts forment l&#039;un des duos les plus appr\u00e9ci\u00e9s de la com\u00e9die romantique, et leur meilleure collaboration se trouve dans deux films \u00e0 succ\u00e8s de Garry Marshall. Dans #PrettyWoman (1990), Roberts brille dans le r\u00f4le de Vivian Ward, une escort-girl hollywoodienne \u00e0 l&#039;esprit vif, face \u00e0 Gere, qui incarne un requin de la finance \u00e9l\u00e9gant.\t\t\t<\/p>\n\t\t<\/div>\n\t\t<div class=\"edgtf-post-read-more-button\">\n\t\t<a itemprop=\"url\" href=\"https:\/\/movieix.com\/fr\/richard-gere-and-julia-roberts\/\" target=\"_self\"  class=\"edgtf-btn edgtf-btn-medium edgtf-btn-simple edgtf-btn- edgtf-blog-list-button edgtf-hover-animation\"  >    <span class=\"edgtf-btn-text\">Read More<\/span>    <\/a>\t<\/div>\n\t        <\/div>\n        <\/div>\n\t<\/div>\n<\/li><li class=\"edgtf-bl-item edgtf-item-space clearfix\">\n\t<div class=\"edgtf-bli-inner\">\n\t\t\n\t<div class=\"edgtf-post-image\">\n\t\t            <a itemprop=\"url\" href=\"https:\/\/movieix.com\/fr\/best-adam-sandler-movies\/\" title=\"Adam Sandler \u2013 10 meilleurs films\">\n\t\t\t\t\t<img loading=\"lazy\" decoding=\"async\" width=\"633\" height=\"843\" src=\"https:\/\/movieix.com\/wp-content\/uploads\/2025\/05\/Adam-Sandler.jpg\" class=\"attachment-full size-full wp-post-image\" alt=\"\" srcset=\"https:\/\/movieix.com\/wp-content\/uploads\/2025\/05\/Adam-Sandler.jpg 633w, https:\/\/movieix.com\/wp-content\/uploads\/2025\/05\/Adam-Sandler-225x300.jpg 225w\" sizes=\"auto, (max-width: 633px) 100vw, 633px\" \/>\t\t\t\t\t\t\t\t\t<\/a>\n\t\t\t\t\t<\/div>\n        <div class=\"edgtf-bli-content\">\n            \t\n\t        \n<h4 itemprop=\"name\" class=\"entry-title edgtf-post-title\" >\n            <a itemprop=\"url\" href=\"https:\/\/movieix.com\/fr\/best-adam-sandler-movies\/\" title=\"Adam Sandler \u2013 10 meilleurs films\">\n            Adam Sandler \u2013 10 meilleurs films            <\/a>\n    <\/h4>\t\n\t        <div class=\"edgtf-bli-excerpt\">\n\t\t        \t\t<div class=\"edgtf-post-excerpt-holder\">\n\t\t\t<p itemprop=\"description\" class=\"edgtf-post-excerpt\">\n\t\t\t\tLe top 10 des premiers films d&#039;Adam Sandler retrace l&#039;ascension d&#039;une voix comique unique qui a insuffl\u00e9 \u00e9motion, absurdit\u00e9 et une \u00e9nergie nouvelle \u00e0 Hollywood. Du charme loufoque de \u201c Billy Madison \u201d \u00e0 la profondeur \u00e9motionnelle inattendue de \u201c Punch-Drunk Love \u201d, chaque film est un incontournable.\t\t\t<\/p>\n\t\t<\/div>\n\t\t<div class=\"edgtf-post-read-more-button\">\n\t\t<a itemprop=\"url\" href=\"https:\/\/movieix.com\/fr\/best-adam-sandler-movies\/\" target=\"_self\"  class=\"edgtf-btn edgtf-btn-medium edgtf-btn-simple edgtf-btn- edgtf-blog-list-button edgtf-hover-animation\"  >    <span class=\"edgtf-btn-text\">Read More<\/span>    <\/a>\t<\/div>\n\t        <\/div>\n        <\/div>\n\t<\/div>\n<\/li><li class=\"edgtf-bl-item edgtf-item-space clearfix\">\n\t<div class=\"edgtf-bli-inner\">\n\t\t\n\t<div class=\"edgtf-post-image\">\n\t\t            <a itemprop=\"url\" href=\"https:\/\/movieix.com\/fr\/ken-watanabe-10-best-movies\/\" title=\"Ken Watanabe \u2013 10 meilleurs films\">\n\t\t\t\t\t<img loading=\"lazy\" decoding=\"async\" width=\"633\" height=\"843\" src=\"https:\/\/movieix.com\/wp-content\/uploads\/2023\/11\/Ken-Watanabe-1.jpg\" class=\"attachment-full size-full wp-post-image\" alt=\"\" srcset=\"https:\/\/movieix.com\/wp-content\/uploads\/2023\/11\/Ken-Watanabe-1.jpg 633w, https:\/\/movieix.com\/wp-content\/uploads\/2023\/11\/Ken-Watanabe-1-225x300.jpg 225w\" sizes=\"auto, (max-width: 633px) 100vw, 633px\" \/>\t\t\t\t\t\t\t\t\t<\/a>\n\t\t\t\t\t<\/div>\n        <div class=\"edgtf-bli-content\">\n            \t\n\t        \n<h4 itemprop=\"name\" class=\"entry-title edgtf-post-title\" >\n            <a itemprop=\"url\" href=\"https:\/\/movieix.com\/fr\/ken-watanabe-10-best-movies\/\" title=\"Ken Watanabe \u2013 10 meilleurs films\">\n            Ken Watanabe \u2013 10 meilleurs films            <\/a>\n    <\/h4>\t\n\t        <div class=\"edgtf-bli-excerpt\">\n\t\t        \t\t<div class=\"edgtf-post-excerpt-holder\">\n\t\t\t<p itemprop=\"description\" class=\"edgtf-post-excerpt\">\n\t\t\t\tLes 10 meilleurs films de Ken Watanabe, acteur japonais de renom reconnu pour ses performances remarquables dans des films tr\u00e8s vari\u00e9s. Sa carri\u00e8re, qui s&#039;\u00e9tend sur le cin\u00e9ma japonais et international, a profond\u00e9ment marqu\u00e9 l&#039;industrie. Films notables\t\t\t<\/p>\n\t\t<\/div>\n\t\t<div class=\"edgtf-post-read-more-button\">\n\t\t<a itemprop=\"url\" href=\"https:\/\/movieix.com\/fr\/ken-watanabe-10-best-movies\/\" target=\"_self\"  class=\"edgtf-btn edgtf-btn-medium edgtf-btn-simple edgtf-btn- edgtf-blog-list-button edgtf-hover-animation\"  >    <span class=\"edgtf-btn-text\">Read More<\/span>    <\/a>\t<\/div>\n\t        <\/div>\n        <\/div>\n\t<\/div>\n<\/li><li class=\"edgtf-bl-item edgtf-item-space clearfix\">\n\t<div class=\"edgtf-bli-inner\">\n\t\t\n\t<div class=\"edgtf-post-image\">\n\t\t            <a itemprop=\"url\" href=\"https:\/\/movieix.com\/fr\/nicoletta-braschi-10-best-movies\/\" title=\"Nicoletta Braschi \u2013 10 meilleurs films\">\n\t\t\t\t\t<img loading=\"lazy\" decoding=\"async\" width=\"633\" height=\"841\" src=\"https:\/\/movieix.com\/wp-content\/uploads\/2023\/11\/nicoletta-braschi-1.jpg\" class=\"attachment-full size-full wp-post-image\" alt=\"\" srcset=\"https:\/\/movieix.com\/wp-content\/uploads\/2023\/11\/nicoletta-braschi-1.jpg 633w, https:\/\/movieix.com\/wp-content\/uploads\/2023\/11\/nicoletta-braschi-1-226x300.jpg 226w\" sizes=\"auto, (max-width: 633px) 100vw, 633px\" \/>\t\t\t\t\t\t\t\t\t<\/a>\n\t\t\t\t\t<\/div>\n        <div class=\"edgtf-bli-content\">\n            \t\n\t        \n<h4 itemprop=\"name\" class=\"entry-title edgtf-post-title\" >\n            <a itemprop=\"url\" href=\"https:\/\/movieix.com\/fr\/nicoletta-braschi-10-best-movies\/\" title=\"Nicoletta Braschi \u2013 10 meilleurs films\">\n            Nicoletta Braschi \u2013 10 meilleurs films            <\/a>\n    <\/h4>\t\n\t        <div class=\"edgtf-bli-excerpt\">\n\t\t        \t\t<div class=\"edgtf-post-excerpt-holder\">\n\t\t\t<p itemprop=\"description\" class=\"edgtf-post-excerpt\">\n\t\t\t\t\r\n\r\n\r\n\r\n\r\n\r\n\r\n\r\n\r\nLes 10 meilleurs films de Nicoletta Braschi\u00a0: d\u00e9couvrez les performances captivantes et le talent polyvalent de l\u2019actrice \u00e0 travers un large \u00e9ventail de genres, du charme onirique de \"\u00a0La vie est belle\u00a0\" au drame po\u00e9tique du \"\u00a0Jardin des Finzi-Contini\u00a0\".\t\t\t<\/p>\n\t\t<\/div>\n\t\t<div class=\"edgtf-post-read-more-button\">\n\t\t<a itemprop=\"url\" href=\"https:\/\/movieix.com\/fr\/nicoletta-braschi-10-best-movies\/\" target=\"_self\"  class=\"edgtf-btn edgtf-btn-medium edgtf-btn-simple edgtf-btn- edgtf-blog-list-button edgtf-hover-animation\"  >    <span class=\"edgtf-btn-text\">Read More<\/span>    <\/a>\t<\/div>\n\t        <\/div>\n        <\/div>\n\t<\/div>\n<\/li><li class=\"edgtf-bl-item edgtf-item-space clearfix\">\n\t<div class=\"edgtf-bli-inner\">\n\t\t\n\t<div class=\"edgtf-post-image\">\n\t\t            <a itemprop=\"url\" href=\"https:\/\/movieix.com\/fr\/roberto-benigni-10-best-movies\/\" title=\"Roberto Benigni \u2013 10 meilleurs films\">\n\t\t\t\t\t<img loading=\"lazy\" decoding=\"async\" width=\"633\" height=\"841\" src=\"https:\/\/movieix.com\/wp-content\/uploads\/2023\/11\/roberto-benigni.jpg\" class=\"attachment-full size-full wp-post-image\" alt=\"\" srcset=\"https:\/\/movieix.com\/wp-content\/uploads\/2023\/11\/roberto-benigni.jpg 633w, https:\/\/movieix.com\/wp-content\/uploads\/2023\/11\/roberto-benigni-226x300.jpg 226w\" sizes=\"auto, (max-width: 633px) 100vw, 633px\" \/>\t\t\t\t\t\t\t\t\t<\/a>\n\t\t\t\t\t<\/div>\n        <div class=\"edgtf-bli-content\">\n            \t\n\t        \n<h4 itemprop=\"name\" class=\"entry-title edgtf-post-title\" >\n            <a itemprop=\"url\" href=\"https:\/\/movieix.com\/fr\/roberto-benigni-10-best-movies\/\" title=\"Roberto Benigni \u2013 10 meilleurs films\">\n            Roberto Benigni \u2013 10 meilleurs films            <\/a>\n    <\/h4>\t\n\t        <div class=\"edgtf-bli-excerpt\">\n\t\t        \t\t<div class=\"edgtf-post-excerpt-holder\">\n\t\t\t<p itemprop=\"description\" class=\"edgtf-post-excerpt\">\n\t\t\t\t\r\n\r\n\r\n\r\n\r\n\r\n\r\n\r\n\r\nLes 10 meilleurs films de Roberto Benigni, r\u00e9v\u00e9lant le talent exceptionnel de l&#039;acteur et ses performances uniques \u00e0 travers une grande vari\u00e9t\u00e9 de genres. De la com\u00e9die touchante \" La vie est belle \" au charme fantaisiste de \" Johnny Stecchino \", chaque film de cette liste met en lumi\u00e8re\u2026\t\t\t<\/p>\n\t\t<\/div>\n\t\t<div class=\"edgtf-post-read-more-button\">\n\t\t<a itemprop=\"url\" href=\"https:\/\/movieix.com\/fr\/roberto-benigni-10-best-movies\/\" target=\"_self\"  class=\"edgtf-btn edgtf-btn-medium edgtf-btn-simple edgtf-btn- edgtf-blog-list-button edgtf-hover-animation\"  >    <span class=\"edgtf-btn-text\">Read More<\/span>    <\/a>\t<\/div>\n\t        <\/div>\n        <\/div>\n\t<\/div>\n<\/li><li class=\"edgtf-bl-item edgtf-item-space clearfix\">\n\t<div class=\"edgtf-bli-inner\">\n\t\t\n\t<div class=\"edgtf-post-image\">\n\t\t            <a itemprop=\"url\" href=\"https:\/\/movieix.com\/fr\/pierre-richard-10-best-movies\/\" title=\"Pierre Richard \u2013 10 meilleurs films\">\n\t\t\t\t\t<img loading=\"lazy\" decoding=\"async\" width=\"633\" height=\"841\" src=\"https:\/\/movieix.com\/wp-content\/uploads\/2023\/11\/Pierre-Richard.jpg\" class=\"attachment-full size-full wp-post-image\" alt=\"\" srcset=\"https:\/\/movieix.com\/wp-content\/uploads\/2023\/11\/Pierre-Richard.jpg 633w, https:\/\/movieix.com\/wp-content\/uploads\/2023\/11\/Pierre-Richard-226x300.jpg 226w\" sizes=\"auto, (max-width: 633px) 100vw, 633px\" \/>\t\t\t\t\t\t\t\t\t<\/a>\n\t\t\t\t\t<\/div>\n        <div class=\"edgtf-bli-content\">\n            \t\n\t        \n<h4 itemprop=\"name\" class=\"entry-title edgtf-post-title\" >\n            <a itemprop=\"url\" href=\"https:\/\/movieix.com\/fr\/pierre-richard-10-best-movies\/\" title=\"Pierre Richard \u2013 10 meilleurs films\">\n            Pierre Richard \u2013 10 meilleurs films            <\/a>\n    <\/h4>\t\n\t        <div class=\"edgtf-bli-excerpt\">\n\t\t        \t\t<div class=\"edgtf-post-excerpt-holder\">\n\t\t\t<p itemprop=\"description\" class=\"edgtf-post-excerpt\">\n\t\t\t\t\r\n\r\n\r\n\r\n\r\n\r\n\r\n\r\n\r\n\r\n\r\n\r\n\r\nLes 10 meilleurs films de Pierre Richard, r\u00e9v\u00e9lant le talent remarquable de l&#039;acteur et ses performances exceptionnelles, du charme comique du \" Grand Blond \u00e0 la chaussure noire \" au touchant \" La Ch\u00e8vre \", chaque film de la liste met en valeur la capacit\u00e9 de Richard \u00e0\t\t\t<\/p>\n\t\t<\/div>\n\t\t<div class=\"edgtf-post-read-more-button\">\n\t\t<a itemprop=\"url\" href=\"https:\/\/movieix.com\/fr\/pierre-richard-10-best-movies\/\" target=\"_self\"  class=\"edgtf-btn edgtf-btn-medium edgtf-btn-simple edgtf-btn- edgtf-blog-list-button edgtf-hover-animation\"  >    <span class=\"edgtf-btn-text\">Read More<\/span>    <\/a>\t<\/div>\n\t        <\/div>\n        <\/div>\n\t<\/div>\n<\/li><li class=\"edgtf-bl-item edgtf-item-space clearfix\">\n\t<div class=\"edgtf-bli-inner\">\n\t\t\n\t<div class=\"edgtf-post-image\">\n\t\t            <a itemprop=\"url\" href=\"https:\/\/movieix.com\/fr\/marion-cotillard-10-best-movies\/\" title=\"Marion Cotillard \u2013 10 meilleurs films\">\n\t\t\t\t\t<img loading=\"lazy\" decoding=\"async\" width=\"633\" height=\"841\" src=\"https:\/\/movieix.com\/wp-content\/uploads\/2023\/11\/Marion-Cotillard.jpg\" class=\"attachment-full size-full wp-post-image\" alt=\"\" srcset=\"https:\/\/movieix.com\/wp-content\/uploads\/2023\/11\/Marion-Cotillard.jpg 633w, https:\/\/movieix.com\/wp-content\/uploads\/2023\/11\/Marion-Cotillard-226x300.jpg 226w\" sizes=\"auto, (max-width: 633px) 100vw, 633px\" \/>\t\t\t\t\t\t\t\t\t<\/a>\n\t\t\t\t\t<\/div>\n        <div class=\"edgtf-bli-content\">\n            \t\n\t        \n<h4 itemprop=\"name\" class=\"entry-title edgtf-post-title\" >\n            <a itemprop=\"url\" href=\"https:\/\/movieix.com\/fr\/marion-cotillard-10-best-movies\/\" title=\"Marion Cotillard \u2013 10 meilleurs films\">\n            Marion Cotillard \u2013 10 meilleurs films            <\/a>\n    <\/h4>\t\n\t        <div class=\"edgtf-bli-excerpt\">\n\t\t        \t\t<div class=\"edgtf-post-excerpt-holder\">\n\t\t\t<p itemprop=\"description\" class=\"edgtf-post-excerpt\">\n\t\t\t\t\r\n\r\n\r\n\r\n\r\n\r\n\r\n\r\n\r\nLa compilation des 10 meilleurs films de Marion Cotillard, d\u00e9voilant le talent exceptionnel de l'actrice et ses performances captivantes dans une gamme de genres diversifi\u00e9e. Du r\u00f4le transformateur dans \"La Vie en Rose\" au envo\u00fbtant \"Inception\", chaque film de la liste met en valeur\t\t\t<\/p>\n\t\t<\/div>\n\t\t<div class=\"edgtf-post-read-more-button\">\n\t\t<a itemprop=\"url\" href=\"https:\/\/movieix.com\/fr\/marion-cotillard-10-best-movies\/\" target=\"_self\"  class=\"edgtf-btn edgtf-btn-medium edgtf-btn-simple edgtf-btn- edgtf-blog-list-button edgtf-hover-animation\"  >    <span class=\"edgtf-btn-text\">Read More<\/span>    <\/a>\t<\/div>\n\t        <\/div>\n        <\/div>\n\t<\/div>\n<\/li>\t\t<\/ul>\n\t<\/div>\n\t\t<div class=\"edgtf-blog-pag-loading\">\n\t\t<div class=\"edgtf-blog-pag-bounce1\"><\/div>\n\t\t<div class=\"edgtf-blog-pag-bounce2\"><\/div>\n\t\t<div class=\"edgtf-blog-pag-bounce3\"><\/div>\n\t<\/div>\n\t<div class=\"edgtf-blog-pag-load-more\">\n\t\t<a itemprop=\"url\" href=\"#\" target=\"_self\"  class=\"edgtf-btn edgtf-btn-medium edgtf-btn-outline edgtf-btn- edgtf-hover-animation\"  >    <span class=\"edgtf-btn-text\">Charger plus<\/span>    <\/a>\t<\/div>\n<input type=\"hidden\" id=\"edgtf_blog_load_more_nonce_6742\" name=\"edgtf_blog_load_more_nonce_6742\" value=\"6df560094d\" \/><input type=\"hidden\" name=\"_wp_http_referer\" value=\"\/fr\/wp-json\/wp\/v2\/pages\/6202\" \/><\/div><\/div><\/div><\/div><\/div>\n<\/section>","protected":false},"excerpt":{"rendered":"Marion Cotillard's compilation of top 10 films, uncovering the actress's exceptional talent and captivating performances across a diverse range of genres. From the transformative role in \"La Vie en Rose\" to the spellbinding \"Inception,\" each film on the list showcases [...]","protected":false},"author":1,"featured_media":0,"parent":0,"menu_order":0,"comment_status":"closed","ping_status":"closed","template":"","meta":{"footnotes":""},"class_list":["post-6202","page","type-page","status-publish","hentry"],"acf":[],"yoast_head":"<!-- This site is optimized with the Yoast SEO plugin v27.5 - https:\/\/yoast.com\/product\/yoast-seo-wordpress\/ -->\n<title>Actor Recommendations - Movieix<\/title>\n<meta name=\"robots\" content=\"index, follow, max-snippet:-1, max-image-preview:large, max-video-preview:-1\" \/>\n<link rel=\"canonical\" href=\"https:\/\/movieix.com\/fr\/actor-recommendations\/\" \/>\n<meta property=\"og:locale\" content=\"fr_FR\" \/>\n<meta property=\"og:type\" content=\"article\" \/>\n<meta property=\"og:title\" content=\"Actor Recommendations - Movieix\" \/>\n<meta property=\"og:url\" content=\"https:\/\/movieix.com\/fr\/actor-recommendations\/\" \/>\n<meta property=\"og:site_name\" content=\"Movieix\" \/>\n<meta property=\"article:modified_time\" content=\"2026-05-13T05:07:05+00:00\" \/>\n<meta name=\"twitter:card\" content=\"summary_large_image\" \/>\n<meta name=\"twitter:label1\" content=\"Dur\u00e9e de lecture estim\u00e9e\" \/>\n\t<meta name=\"twitter:data1\" content=\"1 minute\" \/>\n<script type=\"application\/ld+json\" class=\"yoast-schema-graph\">{\"@context\":\"https:\\\/\\\/schema.org\",\"@graph\":[{\"@type\":\"WebPage\",\"@id\":\"https:\\\/\\\/movieix.com\\\/actor-recommendations\\\/\",\"url\":\"https:\\\/\\\/movieix.com\\\/actor-recommendations\\\/\",\"name\":\"Actor Recommendations - Movieix\",\"isPartOf\":{\"@id\":\"https:\\\/\\\/movieix.com\\\/#website\"},\"datePublished\":\"2026-02-11T03:32:45+00:00\",\"dateModified\":\"2026-05-13T05:07:05+00:00\",\"breadcrumb\":{\"@id\":\"https:\\\/\\\/movieix.com\\\/actor-recommendations\\\/#breadcrumb\"},\"inLanguage\":\"fr-FR\",\"potentialAction\":[{\"@type\":\"ReadAction\",\"target\":[\"https:\\\/\\\/movieix.com\\\/actor-recommendations\\\/\"]}]},{\"@type\":\"BreadcrumbList\",\"@id\":\"https:\\\/\\\/movieix.com\\\/actor-recommendations\\\/#breadcrumb\",\"itemListElement\":[{\"@type\":\"ListItem\",\"position\":1,\"name\":\"\u0413\u043b\u0430\u0432\u043d\u0430\u044f \u0441\u0442\u0440\u0430\u043d\u0438\u0446\u0430\",\"item\":\"https:\\\/\\\/movieix.com\\\/\"},{\"@type\":\"ListItem\",\"position\":2,\"name\":\"Actor Recommendations\"}]},{\"@type\":\"WebSite\",\"@id\":\"https:\\\/\\\/movieix.com\\\/#website\",\"url\":\"https:\\\/\\\/movieix.com\\\/\",\"name\":\"Movieix\",\"description\":\"\",\"potentialAction\":[{\"@type\":\"SearchAction\",\"target\":{\"@type\":\"EntryPoint\",\"urlTemplate\":\"https:\\\/\\\/movieix.com\\\/?s={search_term_string}\"},\"query-input\":{\"@type\":\"PropertyValueSpecification\",\"valueRequired\":true,\"valueName\":\"search_term_string\"}}],\"inLanguage\":\"fr-FR\"}]}<\/script>\n<!-- \/ Yoast SEO plugin. -->","yoast_head_json":{"title":"Actor Recommendations - Movieix","robots":{"index":"index","follow":"follow","max-snippet":"max-snippet:-1","max-image-preview":"max-image-preview:large","max-video-preview":"max-video-preview:-1"},"canonical":"https:\/\/movieix.com\/fr\/actor-recommendations\/","og_locale":"fr_FR","og_type":"article","og_title":"Actor Recommendations - Movieix","og_url":"https:\/\/movieix.com\/fr\/actor-recommendations\/","og_site_name":"Movieix","article_modified_time":"2026-05-13T05:07:05+00:00","twitter_card":"summary_large_image","twitter_misc":{"Dur\u00e9e de lecture estim\u00e9e":"1 minute"},"schema":{"@context":"https:\/\/schema.org","@graph":[{"@type":"WebPage","@id":"https:\/\/movieix.com\/actor-recommendations\/","url":"https:\/\/movieix.com\/actor-recommendations\/","name":"Actor Recommendations - Movieix","isPartOf":{"@id":"https:\/\/movieix.com\/#website"},"datePublished":"2026-02-11T03:32:45+00:00","dateModified":"2026-05-13T05:07:05+00:00","breadcrumb":{"@id":"https:\/\/movieix.com\/actor-recommendations\/#breadcrumb"},"inLanguage":"fr-FR","potentialAction":[{"@type":"ReadAction","target":["https:\/\/movieix.com\/actor-recommendations\/"]}]},{"@type":"BreadcrumbList","@id":"https:\/\/movieix.com\/actor-recommendations\/#breadcrumb","itemListElement":[{"@type":"ListItem","position":1,"name":"\u0413\u043b\u0430\u0432\u043d\u0430\u044f \u0441\u0442\u0440\u0430\u043d\u0438\u0446\u0430","item":"https:\/\/movieix.com\/"},{"@type":"ListItem","position":2,"name":"Actor Recommendations"}]},{"@type":"WebSite","@id":"https:\/\/movieix.com\/#website","url":"https:\/\/movieix.com\/","name":"Movieix","description":"","potentialAction":[{"@type":"SearchAction","target":{"@type":"EntryPoint","urlTemplate":"https:\/\/movieix.com\/?s={search_term_string}"},"query-input":{"@type":"PropertyValueSpecification","valueRequired":true,"valueName":"search_term_string"}}],"inLanguage":"fr-FR"}]}},"_links":{"self":[{"href":"https:\/\/movieix.com\/fr\/wp-json\/wp\/v2\/pages\/6202","targetHints":{"allow":["GET"]}}],"collection":[{"href":"https:\/\/movieix.com\/fr\/wp-json\/wp\/v2\/pages"}],"about":[{"href":"https:\/\/movieix.com\/fr\/wp-json\/wp\/v2\/types\/page"}],"author":[{"embeddable":true,"href":"https:\/\/movieix.com\/fr\/wp-json\/wp\/v2\/users\/1"}],"replies":[{"embeddable":true,"href":"https:\/\/movieix.com\/fr\/wp-json\/wp\/v2\/comments?post=6202"}],"version-history":[{"count":7,"href":"https:\/\/movieix.com\/fr\/wp-json\/wp\/v2\/pages\/6202\/revisions"}],"predecessor-version":[{"id":6506,"href":"https:\/\/movieix.com\/fr\/wp-json\/wp\/v2\/pages\/6202\/revisions\/6506"}],"wp:attachment":[{"href":"https:\/\/movieix.com\/fr\/wp-json\/wp\/v2\/media?parent=6202"}],"curies":[{"name":"wp","href":"https:\/\/api.w.org\/{rel}","templated":true}]}}