{"id":5931,"date":"2025-10-21T07:13:09","date_gmt":"2025-10-21T04:13:09","guid":{"rendered":"https:\/\/movieix.com\/?page_id=5931"},"modified":"2026-04-08T08:01:56","modified_gmt":"2026-04-08T05:01:56","slug":"privacy-policy","status":"publish","type":"page","link":"https:\/\/movieix.com\/fr\/privacy-policy\/","title":{"rendered":"Politique de confidentialit\u00e9"},"content":{"rendered":"<h3 data-start=\"344\" data-end=\"380\"><strong data-start=\"346\" data-end=\"380\">Politique de confidentialit\u00e9 pour Movieix.com<\/strong><\/h3>\n<p data-start=\"382\" data-end=\"418\"><strong data-start=\"382\" data-end=\"399\">Derni\u00e8re mise \u00e0 jour :<\/strong> Le 21 mars 2026<\/p>\n<p data-start=\"420\" data-end=\"684\">\u00c0 <strong data-start=\"423\" data-end=\"438\">Movieix.com<\/strong>, nous accordons de l'importance \u00e0 votre vie priv\u00e9e et nous nous engageons \u00e0 prot\u00e9ger vos informations personnelles.<br data-start=\"520\" data-end=\"523\" \/>Cette politique de confidentialit\u00e9 explique comment nous collectons, utilisons et prot\u00e9geons les donn\u00e9es lorsque vous visitez ou interagissez avec <strong data-start=\"624\" data-end=\"670\"><a class=\"decorated-link\" href=\"https:\/\/movieix.com\/fr\/\" target=\"_new\" rel=\"noopener\" data-start=\"626\" data-end=\"668\">https:\/\/movieix.com<\/a><\/strong> (le \u201c Site \u201d).<\/p>\n<p data-start=\"686\" data-end=\"805\">En utilisant notre Site, vous acceptez la pr\u00e9sente Politique de confidentialit\u00e9 ainsi que notre utilisation des cookies et technologies similaires, tels que d\u00e9crits ci-dessous.<\/p>\n<hr data-start=\"807\" data-end=\"810\" \/>\n<h4 data-start=\"812\" data-end=\"844\"><strong data-start=\"815\" data-end=\"844\">1. Informations que nous collectons<\/strong><\/h4>\n<p data-start=\"846\" data-end=\"895\">Nous pouvons collecter des informations des mani\u00e8res suivantes :<\/p>\n<h5 data-start=\"897\" data-end=\"931\"><strong data-start=\"901\" data-end=\"931\">a. Informations que vous fournissez<\/strong><\/h5>\n<p data-start=\"934\" data-end=\"1077\">Lorsque vous nous contactez, vous inscrivez \u00e0 des mises \u00e0 jour ou soumettez des formulaires, nous pouvons collecter votre nom, votre adresse e-mail et tout autre d\u00e9tail que vous choisissez de partager.<\/p>\n<h5 data-start=\"1079\" data-end=\"1125\"><strong data-start=\"1083\" data-end=\"1125\">b. Informations collect\u00e9es automatiquement<\/strong><\/h5>\n<p data-start=\"1126\" data-end=\"1210\">Lorsque vous visitez Movieix.com, certaines informations sont collect\u00e9es automatiquement, telles que :<\/p>\n<p data-start=\"1213\" data-end=\"1313\">Adresse IP, type de navigateur, syst\u00e8me d'exploitation, identifiants de p\u00e9riph\u00e9rique, URL de r\u00e9f\u00e9rencement et pages visit\u00e9es.<\/p>\n<p data-start=\"1316\" data-end=\"1395\">Donn\u00e9es d'interaction telles que le temps pass\u00e9 sur les pages, les clics et le comportement de d\u00e9filement.<\/p>\n<p data-start=\"1398\" data-end=\"1517\">Cookies et autres technologies de suivi qui aident \u00e0 am\u00e9liorer l'exp\u00e9rience utilisateur et \u00e0 proposer du contenu ou des publicit\u00e9s pertinents.<\/p>\n<hr data-start=\"1519\" data-end=\"1522\" \/>\n<h4 data-start=\"1524\" data-end=\"1556\"><strong data-start=\"1527\" data-end=\"1556\">2. Comment nous utilisons les informations<\/strong><\/h4>\n<p data-start=\"1558\" data-end=\"1583\">Nous utilisons les donn\u00e9es collect\u00e9es pour :<\/p>\n<p data-start=\"1586\" data-end=\"1645\">Exploiter, entretenir et am\u00e9liorer le Site et ses fonctionnalit\u00e9s.<\/p>\n<p data-start=\"1648\" data-end=\"1694\">Personnaliser l'exp\u00e9rience utilisateur et la publicit\u00e9.<\/p>\n<p data-start=\"1648\" data-end=\"1694\">Analyser l'utilisation et les performances du site web.<\/p>\n<p data-start=\"1740\" data-end=\"1790\">Communiquer avec les utilisateurs et r\u00e9pondre aux demandes.<\/p>\n<p data-start=\"1793\" data-end=\"1853\">D\u00e9tecter, pr\u00e9venir et r\u00e9soudre les probl\u00e8mes de s\u00e9curit\u00e9 ou techniques.<\/p>\n<hr data-start=\"1855\" data-end=\"1858\" \/>\n<h4 data-start=\"1860\" data-end=\"1893\"><strong data-start=\"1863\" data-end=\"1893\">3. Publicit\u00e9 et cookies<\/strong><\/h4>\n<p data-start=\"1895\" data-end=\"2096\">Notre site travaille avec des partenaires publicitaires et analytiques de confiance qui peuvent utiliser des cookies, des pixels ou des technologies similaires pour afficher des publicit\u00e9s pertinentes, suivre les performances des campagnes et comprendre le comportement des visiteurs.<\/p>\n<p data-start=\"2098\" data-end=\"2124\">Ces cookies peuvent collecter :<\/p>\n<p data-start=\"2127\" data-end=\"2190\">Votre activit\u00e9 de navigation sur Movieix.com et d'autres sites Web.<\/p>\n<p data-start=\"2193\" data-end=\"2269\">Identificateurs non personnels tels que la localisation, le navigateur ou les informations sur l'appareil.<\/p>\n<p data-start=\"2272\" data-end=\"2317\">Centres d'int\u00e9r\u00eat d\u00e9duits de vos habitudes de navigation.<\/p>\n<p data-start=\"2319\" data-end=\"2635\">Vous pouvez choisir de d\u00e9sactiver ou de supprimer les cookies via les param\u00e8tres de votre navigateur.<\/p>\n<hr data-start=\"2637\" data-end=\"2640\" \/>\n<h4 data-start=\"2642\" data-end=\"2695\"><strong data-start=\"2645\" data-end=\"2695\">4. Avis de consentement (RGPD et lois mondiales sur la protection de la vie priv\u00e9e)<\/strong><\/h4>\n<p data-start=\"2697\" data-end=\"2918\">Lorsque vous visitez Movieix.com pour la premi\u00e8re fois, un <strong data-start=\"2733\" data-end=\"2758\">banni\u00e8re de consentement aux cookies<\/strong> peuvent appara\u00eetre pour vous informer que nous utilisons des cookies et des technologies similaires.<br data-start=\"2829\" data-end=\"2832\" \/>En continuant \u00e0 naviguer, vous consentez \u00e0 leur utilisation telle que d\u00e9crite dans la pr\u00e9sente Politique de confidentialit\u00e9.<\/p>\n<p data-start=\"2920\" data-end=\"3056\">Les visiteurs des r\u00e9gions dot\u00e9es de lois sur la protection des donn\u00e9es (y compris les <strong data-start=\"2983\" data-end=\"2993\">UE\/EEE<\/strong>, <strong data-start=\"2995\" data-end=\"3001\">Royaume-Uni<\/strong>, <strong data-start=\"3003\" data-end=\"3013\">Canada<\/strong>, et <strong data-start=\"3019\" data-end=\"3033\">Californie<\/strong>) ont des droits sp\u00e9cifiques :<\/p>\n<p data-start=\"3059\" data-end=\"3144\"><strong data-start=\"3059\" data-end=\"3079\">Droit d'acc\u00e8s :<\/strong> Vous pouvez demander une copie des donn\u00e9es personnelles que nous d\u00e9tenons \u00e0 votre sujet.<\/p>\n<p data-start=\"3147\" data-end=\"3224\"><strong data-start=\"3147\" data-end=\"3174\">Droit de rectification<\/strong> Vous pouvez demander des corrections aux donn\u00e9es inexactes.<\/p>\n<p data-start=\"3227\" data-end=\"3316\"><strong data-start=\"3227\" data-end=\"3248\">Droit \u00e0 l'effacement<\/strong> Vous pouvez nous demander de supprimer vos donn\u00e9es, sous r\u00e9serve des obligations l\u00e9gales.<\/p>\n<p data-start=\"3319\" data-end=\"3407\"><strong data-start=\"3319\" data-end=\"3349\">Droit de retirer son consentement<\/strong> Vous pouvez modifier vos pr\u00e9f\u00e9rences en mati\u00e8re de cookies ou de donn\u00e9es \u00e0 tout moment.<\/p>\n<p data-start=\"3409\" data-end=\"3473\">Pour exercer ces droits, contactez-nous \u00e0 <strong data-start=\"3449\" data-end=\"3472\"><a class=\"decorated-link cursor-pointer\" rel=\"noopener\" data-start=\"3451\" data-end=\"3470\">info@movieix.com<\/a><\/strong>.<\/p>\n<hr data-start=\"3475\" data-end=\"3478\" \/>\n<h4 data-start=\"3480\" data-end=\"3520\"><strong data-start=\"3483\" data-end=\"3520\">5. Liens et services tiers<\/strong><\/h4>\n<p data-start=\"3522\" data-end=\"3829\">Notre site web peut inclure des liens vers des sites tiers, tels que des bases de donn\u00e9es de films, des services de streaming ou des plateformes sociales.<br data-start=\"3639\" data-end=\"3642\" \/>Nous ne sommes pas responsables du contenu ou des pratiques de confidentialit\u00e9 de ces sites externes.<br data-start=\"3729\" data-end=\"3732\" \/>Nous vous recommandons de consulter leurs politiques de confidentialit\u00e9 individuelles avant de partager des informations personnelles.<\/p>\n<hr data-start=\"3831\" data-end=\"3834\" \/>\n<h4 data-start=\"3836\" data-end=\"3873\"><strong data-start=\"3839\" data-end=\"3873\">6. Conservation et s\u00e9curit\u00e9 des donn\u00e9es<\/strong><\/h4>\n<p data-start=\"3875\" data-end=\"4164\">Nous conservons les donn\u00e9es personnelles uniquement aussi longtemps que n\u00e9cessaire pour atteindre les objectifs d\u00e9crits ci-dessus ou selon les exigences l\u00e9gales.<br data-start=\"3987\" data-end=\"3990\" \/>Des mesures de s\u00e9curit\u00e9 administratives et techniques raisonnables sont utilis\u00e9es pour prot\u00e9ger vos donn\u00e9es.<br data-start=\"4071\" data-end=\"4074\" \/>Cependant, aucun syst\u00e8me en ligne n'est enti\u00e8rement s\u00e9curis\u00e9, et nous ne pouvons garantir une protection absolue.<\/p>\n<hr data-start=\"4166\" data-end=\"4169\" \/>\n<h4 data-start=\"4171\" data-end=\"4199\"><strong data-start=\"4174\" data-end=\"4199\">7. Protection de la vie priv\u00e9e des enfants<\/strong><\/h4>\n<p data-start=\"4201\" data-end=\"4391\">Movieix.com fait <strong data-start=\"4218\" data-end=\"4301\">ne pas collecter sciemment d'informations personnelles d'enfants de moins de 13 ans.<\/strong><br data-start=\"4301\" data-end=\"4304\" \/>Si nous prenons conscience d'avoir re\u00e7u des donn\u00e9es d'un enfant, nous les supprimerons rapidement.<\/p>\n<hr data-start=\"4393\" data-end=\"4396\" \/>\n<h4 data-start=\"4398\" data-end=\"4430\"><strong data-start=\"4401\" data-end=\"4430\">8. Modifications de cette politique<\/strong><\/h4>\n<p data-start=\"4432\" data-end=\"4649\">Nous pouvons mettre \u00e0 jour la pr\u00e9sente politique de confidentialit\u00e9 de temps \u00e0 autre afin de tenir compte des exigences l\u00e9gales ou des modifications apport\u00e9es \u00e0 nos services.<br data-start=\"4528\" data-end=\"4531\" \/>Des mises \u00e0 jour seront publi\u00e9es sur cette page avec une date de \u201c Derni\u00e8re mise \u00e0 jour \u201d r\u00e9vis\u00e9e.<br data-start=\"4602\" data-end=\"4605\" \/>Veuillez l'examiner r\u00e9guli\u00e8rement pour rester inform\u00e9.<\/p>\n<hr data-start=\"4651\" data-end=\"4654\" \/>\n<h4 data-start=\"4656\" data-end=\"4676\"><strong data-start=\"4659\" data-end=\"4676\">9. Contactez-nous<\/strong><\/h4>\n<p data-start=\"4678\" data-end=\"4862\">Si vous avez des questions concernant cette politique de confidentialit\u00e9 ou si vous souhaitez exercer vos droits en mati\u00e8re de confidentialit\u00e9, veuillez nous contacter :<br data-start=\"4785\" data-end=\"4788\" \/>\ud83d\udce7 <strong data-start=\"4791\" data-end=\"4814\"><a class=\"decorated-link cursor-pointer\" rel=\"noopener\" data-start=\"4793\" data-end=\"4812\">info@movieix.com<\/a><\/strong><br data-start=\"4814\" data-end=\"4817\" \/>\ud83c\udf10 <a class=\"decorated-link\" href=\"https:\/\/movieix.com\/fr\/\" target=\"_new\" rel=\"noopener\" data-start=\"4820\" data-end=\"4862\">https:\/\/movieix.com<\/a><\/p>","protected":false},"excerpt":{"rendered":"<p>Privacy Policy for Movieix.com Last updated: March 21, 2026 At Movieix.com, we value your privacy and are committed to protecting your personal information.This Privacy Policy explains how we collect, use, and safeguard data when you visit or interact with https:\/\/movieix.com [&hellip;]<\/p>\n","protected":false},"author":1,"featured_media":0,"parent":0,"menu_order":0,"comment_status":"closed","ping_status":"closed","template":"","meta":{"footnotes":""},"class_list":["post-5931","page","type-page","status-publish","hentry"],"acf":[],"yoast_head":"<!-- This site is optimized with the Yoast SEO plugin v27.5 - https:\/\/yoast.com\/product\/yoast-seo-wordpress\/ -->\n<title>Privacy policy - Movieix<\/title>\n<meta name=\"robots\" content=\"index, follow, max-snippet:-1, max-image-preview:large, max-video-preview:-1\" \/>\n<link rel=\"canonical\" href=\"https:\/\/movieix.com\/fr\/privacy-policy\/\" \/>\n<meta property=\"og:locale\" content=\"fr_FR\" \/>\n<meta property=\"og:type\" content=\"article\" \/>\n<meta property=\"og:title\" content=\"Privacy policy - Movieix\" \/>\n<meta property=\"og:description\" content=\"Privacy Policy for Movieix.com Last updated: March 21, 2026 At Movieix.com, we value your privacy and are committed to protecting your personal information.This Privacy Policy explains how we collect, use, and safeguard data when you visit or interact with https:\/\/movieix.com [&hellip;]\" \/>\n<meta property=\"og:url\" content=\"https:\/\/movieix.com\/fr\/privacy-policy\/\" \/>\n<meta property=\"og:site_name\" content=\"Movieix\" \/>\n<meta property=\"article:modified_time\" content=\"2026-04-08T05:01:56+00:00\" \/>\n<meta name=\"twitter:card\" content=\"summary_large_image\" \/>\n<meta name=\"twitter:label1\" content=\"Dur\u00e9e de lecture estim\u00e9e\" \/>\n\t<meta name=\"twitter:data1\" content=\"3 minutes\" \/>\n<script type=\"application\/ld+json\" class=\"yoast-schema-graph\">{\"@context\":\"https:\\\/\\\/schema.org\",\"@graph\":[{\"@type\":\"WebPage\",\"@id\":\"https:\\\/\\\/movieix.com\\\/privacy-policy\\\/\",\"url\":\"https:\\\/\\\/movieix.com\\\/privacy-policy\\\/\",\"name\":\"Privacy policy - Movieix\",\"isPartOf\":{\"@id\":\"https:\\\/\\\/movieix.com\\\/#website\"},\"datePublished\":\"2025-10-21T04:13:09+00:00\",\"dateModified\":\"2026-04-08T05:01:56+00:00\",\"breadcrumb\":{\"@id\":\"https:\\\/\\\/movieix.com\\\/privacy-policy\\\/#breadcrumb\"},\"inLanguage\":\"fr-FR\",\"potentialAction\":[{\"@type\":\"ReadAction\",\"target\":[\"https:\\\/\\\/movieix.com\\\/privacy-policy\\\/\"]}]},{\"@type\":\"BreadcrumbList\",\"@id\":\"https:\\\/\\\/movieix.com\\\/privacy-policy\\\/#breadcrumb\",\"itemListElement\":[{\"@type\":\"ListItem\",\"position\":1,\"name\":\"\u0413\u043b\u0430\u0432\u043d\u0430\u044f \u0441\u0442\u0440\u0430\u043d\u0438\u0446\u0430\",\"item\":\"https:\\\/\\\/movieix.com\\\/\"},{\"@type\":\"ListItem\",\"position\":2,\"name\":\"Privacy policy\"}]},{\"@type\":\"WebSite\",\"@id\":\"https:\\\/\\\/movieix.com\\\/#website\",\"url\":\"https:\\\/\\\/movieix.com\\\/\",\"name\":\"Movieix\",\"description\":\"\",\"potentialAction\":[{\"@type\":\"SearchAction\",\"target\":{\"@type\":\"EntryPoint\",\"urlTemplate\":\"https:\\\/\\\/movieix.com\\\/?s={search_term_string}\"},\"query-input\":{\"@type\":\"PropertyValueSpecification\",\"valueRequired\":true,\"valueName\":\"search_term_string\"}}],\"inLanguage\":\"fr-FR\"}]}<\/script>\n<!-- \/ Yoast SEO plugin. -->","yoast_head_json":{"title":"Privacy policy - Movieix","robots":{"index":"index","follow":"follow","max-snippet":"max-snippet:-1","max-image-preview":"max-image-preview:large","max-video-preview":"max-video-preview:-1"},"canonical":"https:\/\/movieix.com\/fr\/privacy-policy\/","og_locale":"fr_FR","og_type":"article","og_title":"Privacy policy - Movieix","og_description":"Privacy Policy for Movieix.com Last updated: March 21, 2026 At Movieix.com, we value your privacy and are committed to protecting your personal information.This Privacy Policy explains how we collect, use, and safeguard data when you visit or interact with https:\/\/movieix.com [&hellip;]","og_url":"https:\/\/movieix.com\/fr\/privacy-policy\/","og_site_name":"Movieix","article_modified_time":"2026-04-08T05:01:56+00:00","twitter_card":"summary_large_image","twitter_misc":{"Dur\u00e9e de lecture estim\u00e9e":"3 minutes"},"schema":{"@context":"https:\/\/schema.org","@graph":[{"@type":"WebPage","@id":"https:\/\/movieix.com\/privacy-policy\/","url":"https:\/\/movieix.com\/privacy-policy\/","name":"Privacy policy - Movieix","isPartOf":{"@id":"https:\/\/movieix.com\/#website"},"datePublished":"2025-10-21T04:13:09+00:00","dateModified":"2026-04-08T05:01:56+00:00","breadcrumb":{"@id":"https:\/\/movieix.com\/privacy-policy\/#breadcrumb"},"inLanguage":"fr-FR","potentialAction":[{"@type":"ReadAction","target":["https:\/\/movieix.com\/privacy-policy\/"]}]},{"@type":"BreadcrumbList","@id":"https:\/\/movieix.com\/privacy-policy\/#breadcrumb","itemListElement":[{"@type":"ListItem","position":1,"name":"\u0413\u043b\u0430\u0432\u043d\u0430\u044f \u0441\u0442\u0440\u0430\u043d\u0438\u0446\u0430","item":"https:\/\/movieix.com\/"},{"@type":"ListItem","position":2,"name":"Privacy policy"}]},{"@type":"WebSite","@id":"https:\/\/movieix.com\/#website","url":"https:\/\/movieix.com\/","name":"Movieix","description":"","potentialAction":[{"@type":"SearchAction","target":{"@type":"EntryPoint","urlTemplate":"https:\/\/movieix.com\/?s={search_term_string}"},"query-input":{"@type":"PropertyValueSpecification","valueRequired":true,"valueName":"search_term_string"}}],"inLanguage":"fr-FR"}]}},"_links":{"self":[{"href":"https:\/\/movieix.com\/fr\/wp-json\/wp\/v2\/pages\/5931","targetHints":{"allow":["GET"]}}],"collection":[{"href":"https:\/\/movieix.com\/fr\/wp-json\/wp\/v2\/pages"}],"about":[{"href":"https:\/\/movieix.com\/fr\/wp-json\/wp\/v2\/types\/page"}],"author":[{"embeddable":true,"href":"https:\/\/movieix.com\/fr\/wp-json\/wp\/v2\/users\/1"}],"replies":[{"embeddable":true,"href":"https:\/\/movieix.com\/fr\/wp-json\/wp\/v2\/comments?post=5931"}],"version-history":[{"count":5,"href":"https:\/\/movieix.com\/fr\/wp-json\/wp\/v2\/pages\/5931\/revisions"}],"predecessor-version":[{"id":6271,"href":"https:\/\/movieix.com\/fr\/wp-json\/wp\/v2\/pages\/5931\/revisions\/6271"}],"wp:attachment":[{"href":"https:\/\/movieix.com\/fr\/wp-json\/wp\/v2\/media?parent=5931"}],"curies":[{"name":"wp","href":"https:\/\/api.w.org\/{rel}","templated":true}]}}