{"id":5629,"date":"2023-12-09T21:58:49","date_gmt":"2023-12-09T18:58:49","guid":{"rendered":"https:\/\/movieix.com\/?page_id=5629"},"modified":"2023-12-10T09:19:30","modified_gmt":"2023-12-10T06:19:30","slug":"italian-actors-recommendations","status":"publish","type":"page","link":"https:\/\/movieix.com\/fr\/italian-actors-recommendations\/","title":{"rendered":"Italian Actors Recommendations"},"content":{"rendered":"<section class=\"wpb-content-wrapper\"><div class=\"vc_row wpb_row vc_row-fluid\" ><div class=\"wpb_column vc_column_container vc_col-sm-12\"><div class=\"vc_column-inner\"><div class=\"wpb_wrapper\"><div class=\"edgtf-blog-list-holder edgtf-bl-boxed edgtf-bl-three-columns edgtf-large-space  edgtf-bl-has-image edgtf-bl-pag-load-more\"  data-type=\"boxed\" data-number-of-posts=\"9\" data-number-of-columns=\"3\" data-space-between-items=\"large\" data-category=\"it-actors\" data-orderby=\"date\" data-order=\"DESC\" data-image-size=\"full\" data-title-tag=\"h4\" data-excerpt-length=\"40\" data-post-info-section=\"no\" data-post-info-image=\"yes\" data-post-info-author=\"yes\" data-post-info-date=\"yes\" data-post-info-category=\"yes\" data-post-info-comments=\"no\" data-post-info-like=\"no\" data-post-info-share=\"no\" data-post-read-more=\"yes\" data-pagination-type=\"load-more\" data-max-num-pages=\"1\" data-next-page=\"2\">\n\t<div class=\"edgtf-bl-wrapper edgtf-outer-space\">\n\t\t<ul class=\"edgtf-blog-list\">\n\t\t\t<li class=\"edgtf-bl-item edgtf-item-space clearfix\">\n\t<div class=\"edgtf-bli-inner\">\n\t\t\n\t<div class=\"edgtf-post-image\">\n\t\t            <a itemprop=\"url\" href=\"https:\/\/movieix.com\/fr\/nicoletta-braschi-10-best-movies\/\" title=\"Nicoletta Braschi \u2013 10 meilleurs films\">\n\t\t\t\t\t<img loading=\"lazy\" decoding=\"async\" width=\"633\" height=\"841\" src=\"https:\/\/movieix.com\/wp-content\/uploads\/2023\/11\/nicoletta-braschi-1.jpg\" class=\"attachment-full size-full wp-post-image\" alt=\"\" srcset=\"https:\/\/movieix.com\/wp-content\/uploads\/2023\/11\/nicoletta-braschi-1.jpg 633w, https:\/\/movieix.com\/wp-content\/uploads\/2023\/11\/nicoletta-braschi-1-226x300.jpg 226w\" sizes=\"auto, (max-width: 633px) 100vw, 633px\" \/>\t\t\t\t\t\t\t\t\t<\/a>\n\t\t\t\t\t<\/div>\n        <div class=\"edgtf-bli-content\">\n            \t\n\t        \n<h4 itemprop=\"name\" class=\"entry-title edgtf-post-title\" >\n            <a itemprop=\"url\" href=\"https:\/\/movieix.com\/fr\/nicoletta-braschi-10-best-movies\/\" title=\"Nicoletta Braschi \u2013 10 meilleurs films\">\n            Nicoletta Braschi \u2013 10 meilleurs films            <\/a>\n    <\/h4>\t\n\t        <div class=\"edgtf-bli-excerpt\">\n\t\t        \t\t<div class=\"edgtf-post-excerpt-holder\">\n\t\t\t<p itemprop=\"description\" class=\"edgtf-post-excerpt\">\n\t\t\t\t\r\n\r\n\r\n\r\n\r\n\r\n\r\n\r\n\r\nLes 10 meilleurs films de Nicoletta Braschi\u00a0: d\u00e9couvrez les performances captivantes et le talent polyvalent de l\u2019actrice \u00e0 travers un large \u00e9ventail de genres, du charme onirique de \"\u00a0La vie est belle\u00a0\" au drame po\u00e9tique du \"\u00a0Jardin des Finzi-Contini\u00a0\".\t\t\t<\/p>\n\t\t<\/div>\n\t\t<div class=\"edgtf-post-read-more-button\">\n\t\t<a itemprop=\"url\" href=\"https:\/\/movieix.com\/fr\/nicoletta-braschi-10-best-movies\/\" target=\"_self\"  class=\"edgtf-btn edgtf-btn-medium edgtf-btn-simple edgtf-btn- edgtf-blog-list-button edgtf-hover-animation\"  >    <span class=\"edgtf-btn-text\">Read More<\/span>    <\/a>\t<\/div>\n\t        <\/div>\n        <\/div>\n\t<\/div>\n<\/li><li class=\"edgtf-bl-item edgtf-item-space clearfix\">\n\t<div class=\"edgtf-bli-inner\">\n\t\t\n\t<div class=\"edgtf-post-image\">\n\t\t            <a itemprop=\"url\" href=\"https:\/\/movieix.com\/fr\/monica-bellucci-10-best-movies\/\" title=\"Monica Bellucci &#8211; 10 Best Movies\">\n\t\t\t\t\t<img loading=\"lazy\" decoding=\"async\" width=\"633\" height=\"843\" src=\"https:\/\/movieix.com\/wp-content\/uploads\/2023\/11\/Monica-Bellucci12.jpg\" class=\"attachment-full size-full wp-post-image\" alt=\"\" srcset=\"https:\/\/movieix.com\/wp-content\/uploads\/2023\/11\/Monica-Bellucci12.jpg 633w, https:\/\/movieix.com\/wp-content\/uploads\/2023\/11\/Monica-Bellucci12-225x300.jpg 225w, https:\/\/movieix.com\/wp-content\/uploads\/2023\/11\/Monica-Bellucci12-9x12.jpg 9w\" sizes=\"auto, (max-width: 633px) 100vw, 633px\" \/>\t\t\t\t\t\t\t\t\t<\/a>\n\t\t\t\t\t<\/div>\n        <div class=\"edgtf-bli-content\">\n            \t\n\t        \n<h4 itemprop=\"name\" class=\"entry-title edgtf-post-title\" >\n            <a itemprop=\"url\" href=\"https:\/\/movieix.com\/fr\/monica-bellucci-10-best-movies\/\" title=\"Monica Bellucci &#8211; 10 Best Movies\">\n            Monica Bellucci &#8211; 10 Best Movies            <\/a>\n    <\/h4>\t\n\t        <div class=\"edgtf-bli-excerpt\">\n\t\t        \t\t<div class=\"edgtf-post-excerpt-holder\">\n\t\t\t<p itemprop=\"description\" class=\"edgtf-post-excerpt\">\n\t\t\t\t\r\n\r\n\r\n\r\n\r\n\r\n\r\n\r\n\r\nMonica Bellucci's top 10 films, uncovering the actress's captivating performances and versatile talent across a diverse range of genres. From the sensual drama of \"Irreversible\" to the epic fantasy of \"The Matrix Reloaded,\" each film on the list showcases Bellucci's\t\t\t<\/p>\n\t\t<\/div>\n\t\t<div class=\"edgtf-post-read-more-button\">\n\t\t<a itemprop=\"url\" href=\"https:\/\/movieix.com\/fr\/monica-bellucci-10-best-movies\/\" target=\"_self\"  class=\"edgtf-btn edgtf-btn-medium edgtf-btn-simple edgtf-btn- edgtf-blog-list-button edgtf-hover-animation\"  >    <span class=\"edgtf-btn-text\">Read More<\/span>    <\/a>\t<\/div>\n\t        <\/div>\n        <\/div>\n\t<\/div>\n<\/li><li class=\"edgtf-bl-item edgtf-item-space clearfix\">\n\t<div class=\"edgtf-bli-inner\">\n\t\t\n\t<div class=\"edgtf-post-image\">\n\t\t            <a itemprop=\"url\" href=\"https:\/\/movieix.com\/fr\/roberto-benigni-10-best-movies\/\" title=\"Roberto Benigni \u2013 10 meilleurs films\">\n\t\t\t\t\t<img loading=\"lazy\" decoding=\"async\" width=\"633\" height=\"841\" src=\"https:\/\/movieix.com\/wp-content\/uploads\/2023\/11\/roberto-benigni.jpg\" class=\"attachment-full size-full wp-post-image\" alt=\"\" srcset=\"https:\/\/movieix.com\/wp-content\/uploads\/2023\/11\/roberto-benigni.jpg 633w, https:\/\/movieix.com\/wp-content\/uploads\/2023\/11\/roberto-benigni-226x300.jpg 226w\" sizes=\"auto, (max-width: 633px) 100vw, 633px\" \/>\t\t\t\t\t\t\t\t\t<\/a>\n\t\t\t\t\t<\/div>\n        <div class=\"edgtf-bli-content\">\n            \t\n\t        \n<h4 itemprop=\"name\" class=\"entry-title edgtf-post-title\" >\n            <a itemprop=\"url\" href=\"https:\/\/movieix.com\/fr\/roberto-benigni-10-best-movies\/\" title=\"Roberto Benigni \u2013 10 meilleurs films\">\n            Roberto Benigni \u2013 10 meilleurs films            <\/a>\n    <\/h4>\t\n\t        <div class=\"edgtf-bli-excerpt\">\n\t\t        \t\t<div class=\"edgtf-post-excerpt-holder\">\n\t\t\t<p itemprop=\"description\" class=\"edgtf-post-excerpt\">\n\t\t\t\t\r\n\r\n\r\n\r\n\r\n\r\n\r\n\r\n\r\nLes 10 meilleurs films de Roberto Benigni, r\u00e9v\u00e9lant le talent exceptionnel de l&#039;acteur et ses performances uniques \u00e0 travers une grande vari\u00e9t\u00e9 de genres. De la com\u00e9die touchante \" La vie est belle \" au charme fantaisiste de \" Johnny Stecchino \", chaque film de cette liste met en lumi\u00e8re\u2026\t\t\t<\/p>\n\t\t<\/div>\n\t\t<div class=\"edgtf-post-read-more-button\">\n\t\t<a itemprop=\"url\" href=\"https:\/\/movieix.com\/fr\/roberto-benigni-10-best-movies\/\" target=\"_self\"  class=\"edgtf-btn edgtf-btn-medium edgtf-btn-simple edgtf-btn- edgtf-blog-list-button edgtf-hover-animation\"  >    <span class=\"edgtf-btn-text\">Read More<\/span>    <\/a>\t<\/div>\n\t        <\/div>\n        <\/div>\n\t<\/div>\n<\/li>\t\t<\/ul>\n\t<\/div>\n\t<\/div><\/div><\/div><\/div><\/div>\n<\/section>","protected":false},"excerpt":{"rendered":"Roberto Benigni's top 10 films, uncovering the actor's exceptional talent and unique performances across a diverse array of genres. From the heartwarming and comedic \"Life is Beautiful\" to the whimsical charm of \"Johnny Stecchino,\" each film on the list showcases [...]","protected":false},"author":1,"featured_media":0,"parent":0,"menu_order":0,"comment_status":"closed","ping_status":"closed","template":"","meta":{"footnotes":""},"class_list":["post-5629","page","type-page","status-publish","hentry"],"acf":[],"yoast_head":"<!-- This site is optimized with the Yoast SEO plugin v27.5 - https:\/\/yoast.com\/product\/yoast-seo-wordpress\/ -->\n<title>Italian Actors Recommendations - Movieix<\/title>\n<meta name=\"robots\" content=\"index, follow, max-snippet:-1, max-image-preview:large, max-video-preview:-1\" \/>\n<link rel=\"canonical\" href=\"https:\/\/movieix.com\/fr\/italian-actors-recommendations\/\" \/>\n<meta property=\"og:locale\" content=\"fr_FR\" \/>\n<meta property=\"og:type\" content=\"article\" \/>\n<meta property=\"og:title\" content=\"Italian Actors Recommendations - Movieix\" \/>\n<meta property=\"og:url\" content=\"https:\/\/movieix.com\/fr\/italian-actors-recommendations\/\" \/>\n<meta property=\"og:site_name\" content=\"Movieix\" \/>\n<meta property=\"article:modified_time\" content=\"2023-12-10T06:19:30+00:00\" \/>\n<meta name=\"twitter:card\" content=\"summary_large_image\" \/>\n<meta name=\"twitter:label1\" content=\"Dur\u00e9e de lecture estim\u00e9e\" \/>\n\t<meta name=\"twitter:data1\" content=\"1 minute\" \/>\n<script type=\"application\/ld+json\" class=\"yoast-schema-graph\">{\"@context\":\"https:\\\/\\\/schema.org\",\"@graph\":[{\"@type\":\"WebPage\",\"@id\":\"https:\\\/\\\/movieix.com\\\/italian-actors-recommendations\\\/\",\"url\":\"https:\\\/\\\/movieix.com\\\/italian-actors-recommendations\\\/\",\"name\":\"Italian Actors Recommendations - Movieix\",\"isPartOf\":{\"@id\":\"https:\\\/\\\/movieix.com\\\/#website\"},\"datePublished\":\"2023-12-09T18:58:49+00:00\",\"dateModified\":\"2023-12-10T06:19:30+00:00\",\"breadcrumb\":{\"@id\":\"https:\\\/\\\/movieix.com\\\/italian-actors-recommendations\\\/#breadcrumb\"},\"inLanguage\":\"fr-FR\",\"potentialAction\":[{\"@type\":\"ReadAction\",\"target\":[\"https:\\\/\\\/movieix.com\\\/italian-actors-recommendations\\\/\"]}]},{\"@type\":\"BreadcrumbList\",\"@id\":\"https:\\\/\\\/movieix.com\\\/italian-actors-recommendations\\\/#breadcrumb\",\"itemListElement\":[{\"@type\":\"ListItem\",\"position\":1,\"name\":\"\u0413\u043b\u0430\u0432\u043d\u0430\u044f \u0441\u0442\u0440\u0430\u043d\u0438\u0446\u0430\",\"item\":\"https:\\\/\\\/movieix.com\\\/\"},{\"@type\":\"ListItem\",\"position\":2,\"name\":\"Italian Actors Recommendations\"}]},{\"@type\":\"WebSite\",\"@id\":\"https:\\\/\\\/movieix.com\\\/#website\",\"url\":\"https:\\\/\\\/movieix.com\\\/\",\"name\":\"Movieix\",\"description\":\"\",\"potentialAction\":[{\"@type\":\"SearchAction\",\"target\":{\"@type\":\"EntryPoint\",\"urlTemplate\":\"https:\\\/\\\/movieix.com\\\/?s={search_term_string}\"},\"query-input\":{\"@type\":\"PropertyValueSpecification\",\"valueRequired\":true,\"valueName\":\"search_term_string\"}}],\"inLanguage\":\"fr-FR\"}]}<\/script>\n<!-- \/ Yoast SEO plugin. -->","yoast_head_json":{"title":"Italian Actors Recommendations - Movieix","robots":{"index":"index","follow":"follow","max-snippet":"max-snippet:-1","max-image-preview":"max-image-preview:large","max-video-preview":"max-video-preview:-1"},"canonical":"https:\/\/movieix.com\/fr\/italian-actors-recommendations\/","og_locale":"fr_FR","og_type":"article","og_title":"Italian Actors Recommendations - Movieix","og_url":"https:\/\/movieix.com\/fr\/italian-actors-recommendations\/","og_site_name":"Movieix","article_modified_time":"2023-12-10T06:19:30+00:00","twitter_card":"summary_large_image","twitter_misc":{"Dur\u00e9e de lecture estim\u00e9e":"1 minute"},"schema":{"@context":"https:\/\/schema.org","@graph":[{"@type":"WebPage","@id":"https:\/\/movieix.com\/italian-actors-recommendations\/","url":"https:\/\/movieix.com\/italian-actors-recommendations\/","name":"Italian Actors Recommendations - Movieix","isPartOf":{"@id":"https:\/\/movieix.com\/#website"},"datePublished":"2023-12-09T18:58:49+00:00","dateModified":"2023-12-10T06:19:30+00:00","breadcrumb":{"@id":"https:\/\/movieix.com\/italian-actors-recommendations\/#breadcrumb"},"inLanguage":"fr-FR","potentialAction":[{"@type":"ReadAction","target":["https:\/\/movieix.com\/italian-actors-recommendations\/"]}]},{"@type":"BreadcrumbList","@id":"https:\/\/movieix.com\/italian-actors-recommendations\/#breadcrumb","itemListElement":[{"@type":"ListItem","position":1,"name":"\u0413\u043b\u0430\u0432\u043d\u0430\u044f \u0441\u0442\u0440\u0430\u043d\u0438\u0446\u0430","item":"https:\/\/movieix.com\/"},{"@type":"ListItem","position":2,"name":"Italian Actors Recommendations"}]},{"@type":"WebSite","@id":"https:\/\/movieix.com\/#website","url":"https:\/\/movieix.com\/","name":"Movieix","description":"","potentialAction":[{"@type":"SearchAction","target":{"@type":"EntryPoint","urlTemplate":"https:\/\/movieix.com\/?s={search_term_string}"},"query-input":{"@type":"PropertyValueSpecification","valueRequired":true,"valueName":"search_term_string"}}],"inLanguage":"fr-FR"}]}},"_links":{"self":[{"href":"https:\/\/movieix.com\/fr\/wp-json\/wp\/v2\/pages\/5629","targetHints":{"allow":["GET"]}}],"collection":[{"href":"https:\/\/movieix.com\/fr\/wp-json\/wp\/v2\/pages"}],"about":[{"href":"https:\/\/movieix.com\/fr\/wp-json\/wp\/v2\/types\/page"}],"author":[{"embeddable":true,"href":"https:\/\/movieix.com\/fr\/wp-json\/wp\/v2\/users\/1"}],"replies":[{"embeddable":true,"href":"https:\/\/movieix.com\/fr\/wp-json\/wp\/v2\/comments?post=5629"}],"version-history":[{"count":3,"href":"https:\/\/movieix.com\/fr\/wp-json\/wp\/v2\/pages\/5629\/revisions"}],"predecessor-version":[{"id":5720,"href":"https:\/\/movieix.com\/fr\/wp-json\/wp\/v2\/pages\/5629\/revisions\/5720"}],"wp:attachment":[{"href":"https:\/\/movieix.com\/fr\/wp-json\/wp\/v2\/media?parent=5629"}],"curies":[{"name":"wp","href":"https:\/\/api.w.org\/{rel}","templated":true}]}}