{"id":5605,"date":"2023-12-09T10:42:44","date_gmt":"2023-12-09T07:42:44","guid":{"rendered":"https:\/\/movieix.com\/?page_id=5605"},"modified":"2023-12-10T09:18:11","modified_gmt":"2023-12-10T06:18:11","slug":"japanese-movie-recommendations","status":"publish","type":"page","link":"https:\/\/movieix.com\/es\/japanese-movie-recommendations\/","title":{"rendered":"Japanese Movie Recommendations"},"content":{"rendered":"<section class=\"wpb-content-wrapper\"><div class=\"vc_row wpb_row vc_row-fluid\" ><div class=\"wpb_column vc_column_container vc_col-sm-12\"><div class=\"vc_column-inner\"><div class=\"wpb_wrapper\"><div class=\"edgtf-blog-list-holder edgtf-bl-boxed edgtf-bl-three-columns edgtf-large-space  edgtf-bl-has-image edgtf-bl-pag-load-more\"  data-type=\"boxed\" data-number-of-posts=\"9\" data-number-of-columns=\"3\" data-space-between-items=\"large\" data-category=\"japan\" data-orderby=\"date\" data-order=\"DESC\" data-image-size=\"full\" data-title-tag=\"h4\" data-excerpt-length=\"40\" data-post-info-section=\"no\" data-post-info-image=\"yes\" data-post-info-author=\"yes\" data-post-info-date=\"yes\" data-post-info-category=\"yes\" data-post-info-comments=\"no\" data-post-info-like=\"no\" data-post-info-share=\"no\" data-post-read-more=\"yes\" data-pagination-type=\"load-more\" data-max-num-pages=\"1\" data-next-page=\"2\">\n\t<div class=\"edgtf-bl-wrapper edgtf-outer-space\">\n\t\t<ul class=\"edgtf-blog-list\">\n\t\t\t<li class=\"edgtf-bl-item edgtf-item-space clearfix\">\n\t<div class=\"edgtf-bli-inner\">\n\t\t\n\t<div class=\"edgtf-post-image\">\n\t\t            <a itemprop=\"url\" href=\"https:\/\/movieix.com\/es\/best-20-japanese-anime-movies\/\" title=\"Las 20 mejores pel\u00edculas de anime japon\u00e9s\">\n\t\t\t\t\t<img loading=\"lazy\" decoding=\"async\" width=\"633\" height=\"841\" src=\"https:\/\/movieix.com\/wp-content\/uploads\/2023\/11\/Spirited-Away-2001.jpg\" class=\"attachment-full size-full wp-post-image\" alt=\"\" srcset=\"https:\/\/movieix.com\/wp-content\/uploads\/2023\/11\/Spirited-Away-2001.jpg 633w, https:\/\/movieix.com\/wp-content\/uploads\/2023\/11\/Spirited-Away-2001-226x300.jpg 226w\" sizes=\"auto, (max-width: 633px) 100vw, 633px\" \/>\t\t\t\t\t\t\t\t\t<\/a>\n\t\t\t\t\t<\/div>\n        <div class=\"edgtf-bli-content\">\n            \t\n\t        \n<h4 itemprop=\"name\" class=\"entry-title edgtf-post-title\" >\n            <a itemprop=\"url\" href=\"https:\/\/movieix.com\/es\/best-20-japanese-anime-movies\/\" title=\"Las 20 mejores pel\u00edculas de anime japon\u00e9s\">\n            Las 20 mejores pel\u00edculas de anime japon\u00e9s            <\/a>\n    <\/h4>\t\n\t        <div class=\"edgtf-bli-excerpt\">\n\t\t        \t\t<div class=\"edgtf-post-excerpt-holder\">\n\t\t\t<p itemprop=\"description\" class=\"edgtf-post-excerpt\">\n\t\t\t\tSum\u00e9rgete en el cautivador mundo de la animaci\u00f3n japonesa, donde la creatividad no tiene l\u00edmites. Esta colecci\u00f3n presenta una diversa gama de obras maestras del anime, desde cl\u00e1sicos ic\u00f3nicos hasta joyas contempor\u00e1neas.\t\t\t<\/p>\n\t\t<\/div>\n\t\t<div class=\"edgtf-post-read-more-button\">\n\t\t<a itemprop=\"url\" href=\"https:\/\/movieix.com\/es\/best-20-japanese-anime-movies\/\" target=\"_self\"  class=\"edgtf-btn edgtf-btn-medium edgtf-btn-simple edgtf-btn- edgtf-blog-list-button edgtf-hover-animation\"  >    <span class=\"edgtf-btn-text\">Read More<\/span>    <\/a>\t<\/div>\n\t        <\/div>\n        <\/div>\n\t<\/div>\n<\/li><li class=\"edgtf-bl-item edgtf-item-space clearfix\">\n\t<div class=\"edgtf-bli-inner\">\n\t\t\n\t<div class=\"edgtf-post-image\">\n\t\t            <a itemprop=\"url\" href=\"https:\/\/movieix.com\/es\/best-20-japanese-action-movies\/\" title=\"Las 20 mejores pel\u00edculas de acci\u00f3n japonesas\">\n\t\t\t\t\t<img loading=\"lazy\" decoding=\"async\" width=\"633\" height=\"841\" src=\"https:\/\/movieix.com\/wp-content\/uploads\/2023\/11\/Sonatine-1993.jpg\" class=\"attachment-full size-full wp-post-image\" alt=\"\" srcset=\"https:\/\/movieix.com\/wp-content\/uploads\/2023\/11\/Sonatine-1993.jpg 633w, https:\/\/movieix.com\/wp-content\/uploads\/2023\/11\/Sonatine-1993-226x300.jpg 226w\" sizes=\"auto, (max-width: 633px) 100vw, 633px\" \/>\t\t\t\t\t\t\t\t\t<\/a>\n\t\t\t\t\t<\/div>\n        <div class=\"edgtf-bli-content\">\n            \t\n\t        \n<h4 itemprop=\"name\" class=\"entry-title edgtf-post-title\" >\n            <a itemprop=\"url\" href=\"https:\/\/movieix.com\/es\/best-20-japanese-action-movies\/\" title=\"Las 20 mejores pel\u00edculas de acci\u00f3n japonesas\">\n            Las 20 mejores pel\u00edculas de acci\u00f3n japonesas            <\/a>\n    <\/h4>\t\n\t        <div class=\"edgtf-bli-excerpt\">\n\t\t        \t\t<div class=\"edgtf-post-excerpt-holder\">\n\t\t\t<p itemprop=\"description\" class=\"edgtf-post-excerpt\">\n\t\t\t\tExplora en el vertiginoso mundo del cine japon\u00e9s, donde la adrenalina se une a la destreza narrativa. Esta colecci\u00f3n presenta una gama din\u00e1mica de pel\u00edculas llenas de acci\u00f3n, desde \u00e9picas cl\u00e1sicas de artes marciales hasta obras maestras modernas de alta octanaje.\t\t\t<\/p>\n\t\t<\/div>\n\t\t<div class=\"edgtf-post-read-more-button\">\n\t\t<a itemprop=\"url\" href=\"https:\/\/movieix.com\/es\/best-20-japanese-action-movies\/\" target=\"_self\"  class=\"edgtf-btn edgtf-btn-medium edgtf-btn-simple edgtf-btn- edgtf-blog-list-button edgtf-hover-animation\"  >    <span class=\"edgtf-btn-text\">Read More<\/span>    <\/a>\t<\/div>\n\t        <\/div>\n        <\/div>\n\t<\/div>\n<\/li><li class=\"edgtf-bl-item edgtf-item-space clearfix\">\n\t<div class=\"edgtf-bli-inner\">\n\t\t\n\t<div class=\"edgtf-post-image\">\n\t\t            <a itemprop=\"url\" href=\"https:\/\/movieix.com\/es\/best-20-japanese-drama-movies\/\" title=\"Las 20 mejores pel\u00edculas de drama japonesas\">\n\t\t\t\t\t<img loading=\"lazy\" decoding=\"async\" width=\"633\" height=\"841\" src=\"https:\/\/movieix.com\/wp-content\/uploads\/2023\/11\/Departures-2008.jpg\" class=\"attachment-full size-full wp-post-image\" alt=\"\" srcset=\"https:\/\/movieix.com\/wp-content\/uploads\/2023\/11\/Departures-2008.jpg 633w, https:\/\/movieix.com\/wp-content\/uploads\/2023\/11\/Departures-2008-226x300.jpg 226w\" sizes=\"auto, (max-width: 633px) 100vw, 633px\" \/>\t\t\t\t\t\t\t\t\t<\/a>\n\t\t\t\t\t<\/div>\n        <div class=\"edgtf-bli-content\">\n            \t\n\t        \n<h4 itemprop=\"name\" class=\"entry-title edgtf-post-title\" >\n            <a itemprop=\"url\" href=\"https:\/\/movieix.com\/es\/best-20-japanese-drama-movies\/\" title=\"Las 20 mejores pel\u00edculas de drama japonesas\">\n            Las 20 mejores pel\u00edculas de drama japonesas            <\/a>\n    <\/h4>\t\n\t        <div class=\"edgtf-bli-excerpt\">\n\t\t        \t\t<div class=\"edgtf-post-excerpt-holder\">\n\t\t\t<p itemprop=\"description\" class=\"edgtf-post-excerpt\">\n\t\t\t\tEsta cuidada selecci\u00f3n presenta 20 extraordinarias pel\u00edculas dram\u00e1ticas japonesas dirigidas por prestigiosos cineastas del pa\u00eds. Cada pel\u00edcula se adentra en el complejo mundo de las emociones humanas, captando la esencia del amor, la fortaleza y la transformaci\u00f3n personal.\t\t\t<\/p>\n\t\t<\/div>\n\t\t<div class=\"edgtf-post-read-more-button\">\n\t\t<a itemprop=\"url\" href=\"https:\/\/movieix.com\/es\/best-20-japanese-drama-movies\/\" target=\"_self\"  class=\"edgtf-btn edgtf-btn-medium edgtf-btn-simple edgtf-btn- edgtf-blog-list-button edgtf-hover-animation\"  >    <span class=\"edgtf-btn-text\">Read More<\/span>    <\/a>\t<\/div>\n\t        <\/div>\n        <\/div>\n\t<\/div>\n<\/li>\t\t<\/ul>\n\t<\/div>\n\t<\/div><\/div><\/div><\/div><\/div>\n<\/section>","protected":false},"excerpt":{"rendered":"This thoughtfully curated selection showcases 20 remarkable Japanese drama movies directed by esteemed Japanese filmmakers. Each film delves into the intricate realm of human emotions, capturing the essence of love, resilience, and personal transformation. These narratives are deeply nuanced, often [...]","protected":false},"author":1,"featured_media":0,"parent":0,"menu_order":0,"comment_status":"closed","ping_status":"closed","template":"","meta":{"footnotes":""},"class_list":["post-5605","page","type-page","status-publish","hentry"],"acf":[],"yoast_head":"<!-- This site is optimized with the Yoast SEO plugin v27.5 - https:\/\/yoast.com\/product\/yoast-seo-wordpress\/ -->\n<title>Japanese Movie Recommendations - Movieix<\/title>\n<meta name=\"robots\" content=\"index, follow, max-snippet:-1, max-image-preview:large, max-video-preview:-1\" \/>\n<link rel=\"canonical\" href=\"https:\/\/movieix.com\/es\/japanese-movie-recommendations\/\" \/>\n<meta property=\"og:locale\" content=\"es_ES\" \/>\n<meta property=\"og:type\" content=\"article\" \/>\n<meta property=\"og:title\" content=\"Japanese Movie Recommendations - Movieix\" \/>\n<meta property=\"og:url\" content=\"https:\/\/movieix.com\/es\/japanese-movie-recommendations\/\" \/>\n<meta property=\"og:site_name\" content=\"Movieix\" \/>\n<meta property=\"article:modified_time\" content=\"2023-12-10T06:18:11+00:00\" \/>\n<meta name=\"twitter:card\" content=\"summary_large_image\" \/>\n<meta name=\"twitter:label1\" content=\"Tiempo de lectura\" \/>\n\t<meta name=\"twitter:data1\" content=\"1 minuto\" \/>\n<script type=\"application\/ld+json\" class=\"yoast-schema-graph\">{\"@context\":\"https:\\\/\\\/schema.org\",\"@graph\":[{\"@type\":\"WebPage\",\"@id\":\"https:\\\/\\\/movieix.com\\\/japanese-movie-recommendations\\\/\",\"url\":\"https:\\\/\\\/movieix.com\\\/japanese-movie-recommendations\\\/\",\"name\":\"Japanese Movie Recommendations - Movieix\",\"isPartOf\":{\"@id\":\"https:\\\/\\\/movieix.com\\\/#website\"},\"datePublished\":\"2023-12-09T07:42:44+00:00\",\"dateModified\":\"2023-12-10T06:18:11+00:00\",\"breadcrumb\":{\"@id\":\"https:\\\/\\\/movieix.com\\\/japanese-movie-recommendations\\\/#breadcrumb\"},\"inLanguage\":\"es\",\"potentialAction\":[{\"@type\":\"ReadAction\",\"target\":[\"https:\\\/\\\/movieix.com\\\/japanese-movie-recommendations\\\/\"]}]},{\"@type\":\"BreadcrumbList\",\"@id\":\"https:\\\/\\\/movieix.com\\\/japanese-movie-recommendations\\\/#breadcrumb\",\"itemListElement\":[{\"@type\":\"ListItem\",\"position\":1,\"name\":\"\u0413\u043b\u0430\u0432\u043d\u0430\u044f \u0441\u0442\u0440\u0430\u043d\u0438\u0446\u0430\",\"item\":\"https:\\\/\\\/movieix.com\\\/\"},{\"@type\":\"ListItem\",\"position\":2,\"name\":\"Japanese Movie Recommendations\"}]},{\"@type\":\"WebSite\",\"@id\":\"https:\\\/\\\/movieix.com\\\/#website\",\"url\":\"https:\\\/\\\/movieix.com\\\/\",\"name\":\"Movieix\",\"description\":\"\",\"potentialAction\":[{\"@type\":\"SearchAction\",\"target\":{\"@type\":\"EntryPoint\",\"urlTemplate\":\"https:\\\/\\\/movieix.com\\\/?s={search_term_string}\"},\"query-input\":{\"@type\":\"PropertyValueSpecification\",\"valueRequired\":true,\"valueName\":\"search_term_string\"}}],\"inLanguage\":\"es\"}]}<\/script>\n<!-- \/ Yoast SEO plugin. -->","yoast_head_json":{"title":"Japanese Movie Recommendations - Movieix","robots":{"index":"index","follow":"follow","max-snippet":"max-snippet:-1","max-image-preview":"max-image-preview:large","max-video-preview":"max-video-preview:-1"},"canonical":"https:\/\/movieix.com\/es\/japanese-movie-recommendations\/","og_locale":"es_ES","og_type":"article","og_title":"Japanese Movie Recommendations - Movieix","og_url":"https:\/\/movieix.com\/es\/japanese-movie-recommendations\/","og_site_name":"Movieix","article_modified_time":"2023-12-10T06:18:11+00:00","twitter_card":"summary_large_image","twitter_misc":{"Tiempo de lectura":"1 minuto"},"schema":{"@context":"https:\/\/schema.org","@graph":[{"@type":"WebPage","@id":"https:\/\/movieix.com\/japanese-movie-recommendations\/","url":"https:\/\/movieix.com\/japanese-movie-recommendations\/","name":"Japanese Movie Recommendations - Movieix","isPartOf":{"@id":"https:\/\/movieix.com\/#website"},"datePublished":"2023-12-09T07:42:44+00:00","dateModified":"2023-12-10T06:18:11+00:00","breadcrumb":{"@id":"https:\/\/movieix.com\/japanese-movie-recommendations\/#breadcrumb"},"inLanguage":"es","potentialAction":[{"@type":"ReadAction","target":["https:\/\/movieix.com\/japanese-movie-recommendations\/"]}]},{"@type":"BreadcrumbList","@id":"https:\/\/movieix.com\/japanese-movie-recommendations\/#breadcrumb","itemListElement":[{"@type":"ListItem","position":1,"name":"\u0413\u043b\u0430\u0432\u043d\u0430\u044f \u0441\u0442\u0440\u0430\u043d\u0438\u0446\u0430","item":"https:\/\/movieix.com\/"},{"@type":"ListItem","position":2,"name":"Japanese Movie Recommendations"}]},{"@type":"WebSite","@id":"https:\/\/movieix.com\/#website","url":"https:\/\/movieix.com\/","name":"Movieix","description":"","potentialAction":[{"@type":"SearchAction","target":{"@type":"EntryPoint","urlTemplate":"https:\/\/movieix.com\/?s={search_term_string}"},"query-input":{"@type":"PropertyValueSpecification","valueRequired":true,"valueName":"search_term_string"}}],"inLanguage":"es"}]}},"_links":{"self":[{"href":"https:\/\/movieix.com\/es\/wp-json\/wp\/v2\/pages\/5605","targetHints":{"allow":["GET"]}}],"collection":[{"href":"https:\/\/movieix.com\/es\/wp-json\/wp\/v2\/pages"}],"about":[{"href":"https:\/\/movieix.com\/es\/wp-json\/wp\/v2\/types\/page"}],"author":[{"embeddable":true,"href":"https:\/\/movieix.com\/es\/wp-json\/wp\/v2\/users\/1"}],"replies":[{"embeddable":true,"href":"https:\/\/movieix.com\/es\/wp-json\/wp\/v2\/comments?post=5605"}],"version-history":[{"count":4,"href":"https:\/\/movieix.com\/es\/wp-json\/wp\/v2\/pages\/5605\/revisions"}],"predecessor-version":[{"id":5716,"href":"https:\/\/movieix.com\/es\/wp-json\/wp\/v2\/pages\/5605\/revisions\/5716"}],"wp:attachment":[{"href":"https:\/\/movieix.com\/es\/wp-json\/wp\/v2\/media?parent=5605"}],"curies":[{"name":"wp","href":"https:\/\/api.w.org\/{rel}","templated":true}]}}