{"id":6274,"date":"2026-04-08T08:13:38","date_gmt":"2026-04-08T05:13:38","guid":{"rendered":"https:\/\/movieix.com\/?page_id=6274"},"modified":"2026-04-08T08:13:38","modified_gmt":"2026-04-08T05:13:38","slug":"faq","status":"publish","type":"page","link":"https:\/\/movieix.com\/de\/faq\/","title":{"rendered":"H\u00e4ufig gestellte Fragen"},"content":{"rendered":"<h3 data-section-id=\"1eofepq\" data-start=\"178\" data-end=\"226\">H\u00e4ufig gestellte Fragen (FAQ) \u2013 Movieix.com<\/h3>\n<h4 data-section-id=\"9u3cr7\" data-start=\"228\" data-end=\"254\">1. Was ist Movieix.com?<\/h4>\n<p data-start=\"256\" data-end=\"328\">Movieix.com ist eine Website, die Inhalte rund um Filme anbietet, darunter:<\/p>\n<ul data-start=\"329\" data-end=\"401\">\n<li data-section-id=\"1opswch\" data-start=\"329\" data-end=\"340\">Bewertungen<\/li>\n<li data-section-id=\"1ae20jm\" data-start=\"341\" data-end=\"354\">Zusammenfassungen<\/li>\n<li data-section-id=\"1y4w4wi\" data-start=\"355\" data-end=\"374\">Empfehlungen<\/li>\n<li data-section-id=\"1k14s7p\" data-start=\"375\" data-end=\"401\">Unterhaltungseinblicke<\/li>\n<\/ul>\n<p data-start=\"403\" data-end=\"497\">Unser Ziel ist es, Benutzern auf einfache und informative Weise zu helfen, Filme zu entdecken und mehr \u00fcber sie zu erfahren.<\/p>\n<hr data-start=\"499\" data-end=\"502\" \/>\n<h4 data-section-id=\"1pq02k7\" data-start=\"504\" data-end=\"549\">2. Hostet oder streamt Movieix.com Filme?<\/h4>\n<p data-start=\"551\" data-end=\"611\">Nein. Movieix.com schon. <strong data-start=\"572\" data-end=\"610\">nicht hosten, hochladen oder Filme streamen<\/strong>.<\/p>\n<p data-start=\"613\" data-end=\"733\">Wir bieten ausschlie\u00dflich informative und redaktionelle Inhalte \u00fcber Filme. Wir speichern oder verteilen keine urheberrechtlich gesch\u00fctzten Mediendateien.<\/p>\n<hr data-start=\"735\" data-end=\"738\" \/>\n<h4 data-section-id=\"1wr5a2f\" data-start=\"740\" data-end=\"773\">3. Ist Movieix.com kostenlos zu nutzen?<\/h4>\n<p data-start=\"775\" data-end=\"835\">Ja. Movieix.com ist f\u00fcr alle Benutzer komplett kostenlos zug\u00e4nglich.<\/p>\n<hr data-start=\"837\" data-end=\"840\" \/>\n<h4 data-section-id=\"1oo1o1l\" data-start=\"842\" data-end=\"880\">4. Wie verdient Movieix.com Geld?<\/h4>\n<p data-start=\"882\" data-end=\"968\">Wir nutzen Werbedienste von Drittanbietern, einschlie\u00dflich <strong data-start=\"933\" data-end=\"951\">Google AdSense<\/strong>, um Anzeigen zu schalten.<\/p>\n<p data-start=\"970\" data-end=\"988\">Diese Anzeigen helfen uns:<\/p>\n<ul data-start=\"989\" data-end=\"1076\">\n<li data-section-id=\"1g6kdir\" data-start=\"989\" data-end=\"1013\">Die Website pflegen<\/li>\n<li data-section-id=\"6a99d7\" data-start=\"1014\" data-end=\"1045\">Erstellen Sie hochwertige Inhalte<\/li>\n<li data-section-id=\"qw04a\" data-start=\"1046\" data-end=\"1076\">Den Zugang f\u00fcr Nutzer kostenlos halten<\/li>\n<\/ul>\n<hr data-start=\"1078\" data-end=\"1081\" \/>\n<h4 data-section-id=\"tu0d38\" data-start=\"1083\" data-end=\"1124\">5. Warum sehe ich Werbung auf der Webseite?<\/h4>\n<p data-start=\"1126\" data-end=\"1184\">Werbung wird geschaltet, um den Betrieb der Website zu unterst\u00fctzen.<\/p>\n<p data-start=\"1186\" data-end=\"1232\">Google und seine Partner k\u00f6nnen Anzeigen basierend auf Folgendem schalten:<\/p>\n<ul data-start=\"1233\" data-end=\"1301\">\n<li data-section-id=\"1ra0zbi\" data-start=\"1233\" data-end=\"1259\">Ihr Surfverhalten<\/li>\n<li data-section-id=\"9inqkd\" data-start=\"1260\" data-end=\"1273\">Interessen<\/li>\n<li data-section-id=\"n0d3z4\" data-start=\"1274\" data-end=\"1301\">Fr\u00fchere Website-Besuche<\/li>\n<\/ul>\n<p data-start=\"1303\" data-end=\"1366\">Sie k\u00f6nnen Ihre Anzeigeneinstellungen \u00fcber die Google Ads-Einstellungen verwalten.<\/p>\n<hr data-start=\"1368\" data-end=\"1371\" \/>\n<h4 data-section-id=\"v9dbn3\" data-start=\"1373\" data-end=\"1418\">6. Sammelt Movieix.com pers\u00f6nliche Daten?<\/h4>\n<p data-start=\"1420\" data-end=\"1463\">Wir sammeln m\u00f6glicherweise begrenzte Informationen, wie zum Beispiel:<\/p>\n<ul data-start=\"1464\" data-end=\"1522\">\n<li data-section-id=\"1fduwkf\" data-start=\"1464\" data-end=\"1475\">Kekse<\/li>\n<li data-section-id=\"84uu4n\" data-start=\"1476\" data-end=\"1522\">Nutzungsdaten (z. B. besuchte Seiten, verbrachte Zeit)<\/li>\n<\/ul>\n<p data-start=\"1524\" data-end=\"1597\">Dies hilft uns, die Benutzererfahrung zu verbessern und relevante Inhalte und Anzeigen auszuspielen.<\/p>\n<p data-start=\"1599\" data-end=\"1650\">F\u00fcr vollst\u00e4ndige Details lesen Sie bitte unsere Datenschutzerkl\u00e4rung.<\/p>\n<hr data-start=\"1652\" data-end=\"1655\" \/>\n<h4 data-section-id=\"qm5vvp\" data-start=\"1657\" data-end=\"1685\">7. Kann ich Cookies deaktivieren?<\/h4>\n<p data-start=\"1687\" data-end=\"1746\">Ja. Sie k\u00f6nnen Cookies \u00fcber Ihre Browsereinstellungen deaktivieren.<\/p>\n<p data-start=\"1748\" data-end=\"1839\">Bitte beachten Sie, dass die Deaktivierung von Cookies die Funktionsweise bestimmter Website-Funktionen beeintr\u00e4chtigen kann.<\/p>\n<hr data-start=\"1841\" data-end=\"1844\" \/>\n<h4 data-section-id=\"4gd00n\" data-start=\"1846\" data-end=\"1891\">8. Sind die Inhalte auf Movieix.com korrekt?<\/h4>\n<p data-start=\"1893\" data-end=\"1959\">Wir bem\u00fchen uns, korrekte und aktuelle Informationen bereitzustellen. Jedoch:<\/p>\n<ul data-start=\"1960\" data-end=\"2048\">\n<li data-section-id=\"c03zvc\" data-start=\"1960\" data-end=\"2006\">Der Inhalt dient nur zu Informationszwecken<\/li>\n<li data-section-id=\"1qc4wve\" data-start=\"2007\" data-end=\"2048\">Wir \u00fcbernehmen keine Gew\u00e4hr f\u00fcr die vollst\u00e4ndige Richtigkeit<\/li>\n<\/ul>\n<p data-start=\"2050\" data-end=\"2111\">Benutzer sollten Informationen bei Bedarf unabh\u00e4ngig \u00fcberpr\u00fcfen.<\/p>\n<hr data-start=\"2113\" data-end=\"2116\" \/>\n<h4 data-section-id=\"1q6fl4i\" data-start=\"2118\" data-end=\"2159\">9. Darf ich Inhalte von Movieix.com verwenden?<\/h4>\n<p data-start=\"2161\" data-end=\"2214\">Alle Inhalte auf Movieix.com sind urheberrechtlich gesch\u00fctzt.<\/p>\n<p data-start=\"2216\" data-end=\"2224\">Sie d\u00fcrfen:<\/p>\n<ul data-start=\"2225\" data-end=\"2278\">\n<li data-section-id=\"6mxj3y\" data-start=\"2225\" data-end=\"2278\">Inhalte f\u00fcr private, nicht-kommerzielle Zwecke nutzen<\/li>\n<\/ul>\n<p data-start=\"2280\" data-end=\"2292\">Sie d\u00fcrfen nicht:<\/p>\n<ul data-start=\"2293\" data-end=\"2356\">\n<li data-section-id=\"12zc5ub\" data-start=\"2293\" data-end=\"2356\">Inhalte ohne Erlaubnis kopieren, vervielf\u00e4ltigen oder weiterverbreiten<\/li>\n<\/ul>\n<hr data-start=\"2358\" data-end=\"2361\" \/>\n<h4 data-section-id=\"2w1hlb\" data-start=\"2363\" data-end=\"2410\">10. Wie kann ich Urheberrechtsverletzungen melden?<\/h4>\n<p data-start=\"2412\" data-end=\"2502\">Wenn Sie der Meinung sind, dass Inhalte auf Movieix.com Urheberrechtsgesetze verletzen, kontaktieren Sie uns bitte mit folgendem:<\/p>\n<ul data-start=\"2503\" data-end=\"2606\">\n<li data-section-id=\"1rdje7p\" data-start=\"2503\" data-end=\"2531\">Ihre Kontaktinformationen<\/li>\n<li data-section-id=\"l23fmd\" data-start=\"2532\" data-end=\"2571\">Einzelheiten des urheberrechtlich gesch\u00fctzten Materials<\/li>\n<li data-section-id=\"o09utv\" data-start=\"2572\" data-end=\"2606\">URL des betreffenden Inhalts<\/li>\n<\/ul>\n<p data-start=\"2608\" data-end=\"2651\">Wir werden dies pr\u00fcfen und entsprechende Ma\u00dfnahmen ergreifen.<\/p>\n<hr data-start=\"2653\" data-end=\"2656\" \/>\n<h4 data-section-id=\"1wdmcc\" data-start=\"2658\" data-end=\"2711\">11. Verlinkt Movieix.com auf Webseiten Dritter?<\/h4>\n<p data-start=\"2713\" data-end=\"2790\">Ja, wir k\u00f6nnen Links zu Websites von Drittanbietern f\u00fcr zus\u00e4tzliche Informationen einf\u00fcgen.<\/p>\n<p data-start=\"2792\" data-end=\"2837\">Wir \u00fcbernehmen keine Kontrolle oder Verantwortung f\u00fcr:<\/p>\n<ul data-start=\"2838\" data-end=\"2883\">\n<li data-section-id=\"1j2ug2r\" data-start=\"2838\" data-end=\"2855\">Ihr Inhalt<\/li>\n<li data-section-id=\"x2tk78\" data-start=\"2856\" data-end=\"2883\">Ihre Datenschutzpraktiken<\/li>\n<\/ul>\n<hr data-start=\"2885\" data-end=\"2888\" \/>\n<h4 data-section-id=\"gwaybm\" data-start=\"2890\" data-end=\"2924\">12. Ist Movieix.com sicher zu benutzen?<\/h4>\n<p data-start=\"2926\" data-end=\"2976\">Ja. Wir sind bestrebt, ein sicheres Surferlebnis zu bieten.<\/p>\n<p data-start=\"2978\" data-end=\"3000\">Benutzer sollten jedoch:<\/p>\n<ul data-start=\"3001\" data-end=\"3095\">\n<li data-section-id=\"170wf2m\" data-start=\"3001\" data-end=\"3051\">Klicken Sie nicht auf verd\u00e4chtige Links von Drittanbietern<\/li>\n<li data-section-id=\"1pnim2f\" data-start=\"3052\" data-end=\"3095\">Aktualisierte Browser und Sicherheitstools verwenden<\/li>\n<\/ul>\n<hr data-start=\"3097\" data-end=\"3100\" \/>\n<h4 data-section-id=\"1atnmnp\" data-start=\"3102\" data-end=\"3135\">13. Kann ich Movieix.com kontaktieren?<\/h4>\n<p data-start=\"3137\" data-end=\"3221\">Ja! Wenn Sie Fragen, Feedback oder gesch\u00e4ftliche Anfragen haben, k\u00f6nnen Sie uns kontaktieren \u00fcber:<\/p>\n<p data-start=\"3223\" data-end=\"3285\"><strong data-start=\"3223\" data-end=\"3233\">E-Mail:<\/strong> <strong data-start=\"4791\" data-end=\"4814\"><a class=\"decorated-link cursor-pointer\" rel=\"noopener\" data-start=\"4793\" data-end=\"4812\">info@movieix.com<\/a><\/strong><br data-start=\"3248\" data-end=\"3251\" \/><strong data-start=\"3251\" data-end=\"3263\">Webseite<\/strong> <a class=\"decorated-link\" href=\"https:\/\/movieix.com\/de\/\" target=\"_new\" rel=\"noopener\" data-start=\"3264\" data-end=\"3283\">https:\/\/movieix.com<\/a><\/p>\n<hr data-start=\"3287\" data-end=\"3290\" \/>\n<h4 data-section-id=\"xtr9pz\" data-start=\"3292\" data-end=\"3326\">14. Werden diese FAQs aktualisiert?<\/h4>\n<p data-start=\"3328\" data-end=\"3384\">Ja. Wir k\u00f6nnen diese FAQ-Seite im Zuge der Weiterentwicklung der Website aktualisieren.<\/p>\n<p data-start=\"3386\" data-end=\"3446\">Wir ermutigen Benutzer, diese Seite regelm\u00e4\u00dfig auf Aktualisierungen zu \u00fcberpr\u00fcfen.<\/p>","protected":false},"excerpt":{"rendered":"<p>Frequently Asked Questions (FAQ) \u2013 Movieix.com 1. What is Movieix.com? Movieix.com is a website that provides movie-related content, including: Reviews Summaries Recommendations Entertainment insights Our goal is to help users discover and learn more about movies in an easy and [&hellip;]<\/p>\n","protected":false},"author":1,"featured_media":0,"parent":0,"menu_order":0,"comment_status":"closed","ping_status":"closed","template":"","meta":{"footnotes":""},"class_list":["post-6274","page","type-page","status-publish","hentry"],"acf":[],"yoast_head":"<!-- This site is optimized with the Yoast SEO plugin v27.5 - https:\/\/yoast.com\/product\/yoast-seo-wordpress\/ -->\n<title>FAQ - Movieix<\/title>\n<meta name=\"robots\" content=\"index, follow, max-snippet:-1, max-image-preview:large, max-video-preview:-1\" \/>\n<link rel=\"canonical\" href=\"https:\/\/movieix.com\/de\/faq\/\" \/>\n<meta property=\"og:locale\" content=\"de_DE\" \/>\n<meta property=\"og:type\" content=\"article\" \/>\n<meta property=\"og:title\" content=\"FAQ - Movieix\" \/>\n<meta property=\"og:description\" content=\"Frequently Asked Questions (FAQ) \u2013 Movieix.com 1. What is Movieix.com? Movieix.com is a website that provides movie-related content, including: Reviews Summaries Recommendations Entertainment insights Our goal is to help users discover and learn more about movies in an easy and [&hellip;]\" \/>\n<meta property=\"og:url\" content=\"https:\/\/movieix.com\/de\/faq\/\" \/>\n<meta property=\"og:site_name\" content=\"Movieix\" \/>\n<meta name=\"twitter:card\" content=\"summary_large_image\" \/>\n<meta name=\"twitter:label1\" content=\"Gesch\u00e4tzte Lesezeit\" \/>\n\t<meta name=\"twitter:data1\" content=\"3\u00a0Minuten\" \/>\n<script type=\"application\/ld+json\" class=\"yoast-schema-graph\">{\"@context\":\"https:\\\/\\\/schema.org\",\"@graph\":[{\"@type\":\"WebPage\",\"@id\":\"https:\\\/\\\/movieix.com\\\/faq\\\/\",\"url\":\"https:\\\/\\\/movieix.com\\\/faq\\\/\",\"name\":\"FAQ - Movieix\",\"isPartOf\":{\"@id\":\"https:\\\/\\\/movieix.com\\\/#website\"},\"datePublished\":\"2026-04-08T05:13:38+00:00\",\"breadcrumb\":{\"@id\":\"https:\\\/\\\/movieix.com\\\/faq\\\/#breadcrumb\"},\"inLanguage\":\"de\",\"potentialAction\":[{\"@type\":\"ReadAction\",\"target\":[\"https:\\\/\\\/movieix.com\\\/faq\\\/\"]}]},{\"@type\":\"BreadcrumbList\",\"@id\":\"https:\\\/\\\/movieix.com\\\/faq\\\/#breadcrumb\",\"itemListElement\":[{\"@type\":\"ListItem\",\"position\":1,\"name\":\"\u0413\u043b\u0430\u0432\u043d\u0430\u044f \u0441\u0442\u0440\u0430\u043d\u0438\u0446\u0430\",\"item\":\"https:\\\/\\\/movieix.com\\\/\"},{\"@type\":\"ListItem\",\"position\":2,\"name\":\"FAQ\"}]},{\"@type\":\"WebSite\",\"@id\":\"https:\\\/\\\/movieix.com\\\/#website\",\"url\":\"https:\\\/\\\/movieix.com\\\/\",\"name\":\"Movieix\",\"description\":\"\",\"potentialAction\":[{\"@type\":\"SearchAction\",\"target\":{\"@type\":\"EntryPoint\",\"urlTemplate\":\"https:\\\/\\\/movieix.com\\\/?s={search_term_string}\"},\"query-input\":{\"@type\":\"PropertyValueSpecification\",\"valueRequired\":true,\"valueName\":\"search_term_string\"}}],\"inLanguage\":\"de\"}]}<\/script>\n<!-- \/ Yoast SEO plugin. -->","yoast_head_json":{"title":"FAQ - Movieix","robots":{"index":"index","follow":"follow","max-snippet":"max-snippet:-1","max-image-preview":"max-image-preview:large","max-video-preview":"max-video-preview:-1"},"canonical":"https:\/\/movieix.com\/de\/faq\/","og_locale":"de_DE","og_type":"article","og_title":"FAQ - Movieix","og_description":"Frequently Asked Questions (FAQ) \u2013 Movieix.com 1. What is Movieix.com? Movieix.com is a website that provides movie-related content, including: Reviews Summaries Recommendations Entertainment insights Our goal is to help users discover and learn more about movies in an easy and [&hellip;]","og_url":"https:\/\/movieix.com\/de\/faq\/","og_site_name":"Movieix","twitter_card":"summary_large_image","twitter_misc":{"Gesch\u00e4tzte Lesezeit":"3\u00a0Minuten"},"schema":{"@context":"https:\/\/schema.org","@graph":[{"@type":"WebPage","@id":"https:\/\/movieix.com\/faq\/","url":"https:\/\/movieix.com\/faq\/","name":"FAQ - Movieix","isPartOf":{"@id":"https:\/\/movieix.com\/#website"},"datePublished":"2026-04-08T05:13:38+00:00","breadcrumb":{"@id":"https:\/\/movieix.com\/faq\/#breadcrumb"},"inLanguage":"de","potentialAction":[{"@type":"ReadAction","target":["https:\/\/movieix.com\/faq\/"]}]},{"@type":"BreadcrumbList","@id":"https:\/\/movieix.com\/faq\/#breadcrumb","itemListElement":[{"@type":"ListItem","position":1,"name":"\u0413\u043b\u0430\u0432\u043d\u0430\u044f \u0441\u0442\u0440\u0430\u043d\u0438\u0446\u0430","item":"https:\/\/movieix.com\/"},{"@type":"ListItem","position":2,"name":"FAQ"}]},{"@type":"WebSite","@id":"https:\/\/movieix.com\/#website","url":"https:\/\/movieix.com\/","name":"Movieix","description":"","potentialAction":[{"@type":"SearchAction","target":{"@type":"EntryPoint","urlTemplate":"https:\/\/movieix.com\/?s={search_term_string}"},"query-input":{"@type":"PropertyValueSpecification","valueRequired":true,"valueName":"search_term_string"}}],"inLanguage":"de"}]}},"_links":{"self":[{"href":"https:\/\/movieix.com\/de\/wp-json\/wp\/v2\/pages\/6274","targetHints":{"allow":["GET"]}}],"collection":[{"href":"https:\/\/movieix.com\/de\/wp-json\/wp\/v2\/pages"}],"about":[{"href":"https:\/\/movieix.com\/de\/wp-json\/wp\/v2\/types\/page"}],"author":[{"embeddable":true,"href":"https:\/\/movieix.com\/de\/wp-json\/wp\/v2\/users\/1"}],"replies":[{"embeddable":true,"href":"https:\/\/movieix.com\/de\/wp-json\/wp\/v2\/comments?post=6274"}],"version-history":[{"count":1,"href":"https:\/\/movieix.com\/de\/wp-json\/wp\/v2\/pages\/6274\/revisions"}],"predecessor-version":[{"id":6275,"href":"https:\/\/movieix.com\/de\/wp-json\/wp\/v2\/pages\/6274\/revisions\/6275"}],"wp:attachment":[{"href":"https:\/\/movieix.com\/de\/wp-json\/wp\/v2\/media?parent=6274"}],"curies":[{"name":"wp","href":"https:\/\/api.w.org\/{rel}","templated":true}]}}