{"id":6202,"date":"2026-02-11T06:32:45","date_gmt":"2026-02-11T03:32:45","guid":{"rendered":"https:\/\/movieix.com\/?page_id=6202"},"modified":"2026-05-13T08:07:05","modified_gmt":"2026-05-13T05:07:05","slug":"actor-recommendations","status":"publish","type":"page","link":"https:\/\/movieix.com\/de\/actor-recommendations\/","title":{"rendered":"Actor Recommendations"},"content":{"rendered":"<section class=\"wpb-content-wrapper\"><div class=\"vc_row wpb_row vc_row-fluid\" ><div class=\"wpb_column vc_column_container vc_col-sm-12\"><div class=\"vc_column-inner\"><div class=\"wpb_wrapper\"><div class=\"edgtf-blog-list-holder edgtf-bl-boxed edgtf-bl-three-columns edgtf-large-space  edgtf-bl-has-image edgtf-bl-pag-load-more\"  data-type=\"boxed\" data-number-of-posts=\"9\" data-number-of-columns=\"3\" data-space-between-items=\"large\" data-category=\"actors\" data-orderby=\"date\" data-order=\"DESC\" data-image-size=\"full\" data-title-tag=\"h4\" data-excerpt-length=\"40\" data-post-info-section=\"no\" data-post-info-image=\"yes\" data-post-info-author=\"yes\" data-post-info-date=\"yes\" data-post-info-category=\"yes\" data-post-info-comments=\"no\" data-post-info-like=\"no\" data-post-info-share=\"no\" data-post-read-more=\"yes\" data-pagination-type=\"load-more\" data-max-num-pages=\"2\" data-next-page=\"2\">\n\t<div class=\"edgtf-bl-wrapper edgtf-outer-space\">\n\t\t<ul class=\"edgtf-blog-list\">\n\t\t\t<li class=\"edgtf-bl-item edgtf-item-space clearfix\">\n\t<div class=\"edgtf-bli-inner\">\n\t\t\n\t<div class=\"edgtf-post-image\">\n\t\t            <a itemprop=\"url\" href=\"https:\/\/movieix.com\/de\/jim-carrey-10-best-movies\/\" title=\"Jim Carrey \u2013 10 beste Filme\">\n\t\t\t\t\t<img loading=\"lazy\" decoding=\"async\" width=\"633\" height=\"841\" src=\"https:\/\/movieix.com\/wp-content\/uploads\/2026\/04\/jim-carrey.jpg\" class=\"attachment-full size-full wp-post-image\" alt=\"\" srcset=\"https:\/\/movieix.com\/wp-content\/uploads\/2026\/04\/jim-carrey.jpg 633w, https:\/\/movieix.com\/wp-content\/uploads\/2026\/04\/jim-carrey-226x300.jpg 226w, https:\/\/movieix.com\/wp-content\/uploads\/2026\/04\/jim-carrey-9x12.jpg 9w\" sizes=\"auto, (max-width: 633px) 100vw, 633px\" \/>\t\t\t\t\t\t\t\t\t<\/a>\n\t\t\t\t\t<\/div>\n        <div class=\"edgtf-bli-content\">\n            \t\n\t        \n<h4 itemprop=\"name\" class=\"entry-title edgtf-post-title\" >\n            <a itemprop=\"url\" href=\"https:\/\/movieix.com\/de\/jim-carrey-10-best-movies\/\" title=\"Jim Carrey \u2013 10 beste Filme\">\n            Jim Carrey \u2013 10 beste Filme            <\/a>\n    <\/h4>\t\n\t        <div class=\"edgtf-bli-excerpt\">\n\t\t        \t\t<div class=\"edgtf-post-excerpt-holder\">\n\t\t\t<p itemprop=\"description\" class=\"edgtf-post-excerpt\">\n\t\t\t\t\r\n\r\n\r\n\r\n\r\n\r\n\r\n\r\n\r\n\r\n\r\n\r\nNur wenige Schauspieler haben es so geschafft, ausgelassene Komik und tiefgr\u00fcndige emotionale Darbietungen so gekonnt zu vereinen wie Jim Carrey. Bekannt f\u00fcr seine ausdrucksstarke Mimik und seine unvergleichliche Energie, wurde Carrey in den 1990er-Jahren zu einem pr\u00e4genden Gesicht der Kom\u00f6die, bevor er sich zu einem angesehenen Charakterdarsteller entwickelte. Hier sind\t\t\t<\/p>\n\t\t<\/div>\n\t\t<div class=\"edgtf-post-read-more-button\">\n\t\t<a itemprop=\"url\" href=\"https:\/\/movieix.com\/de\/jim-carrey-10-best-movies\/\" target=\"_self\"  class=\"edgtf-btn edgtf-btn-medium edgtf-btn-simple edgtf-btn- edgtf-blog-list-button edgtf-hover-animation\"  >    <span class=\"edgtf-btn-text\">Read More<\/span>    <\/a>\t<\/div>\n\t        <\/div>\n        <\/div>\n\t<\/div>\n<\/li><li class=\"edgtf-bl-item edgtf-item-space clearfix\">\n\t<div class=\"edgtf-bli-inner\">\n\t\t\n\t<div class=\"edgtf-post-image\">\n\t\t            <a itemprop=\"url\" href=\"https:\/\/movieix.com\/de\/jean-reno-10-best-movies\/\" title=\"Jean Reno \u2013 10 beste Filme\">\n\t\t\t\t\t<img loading=\"lazy\" decoding=\"async\" width=\"633\" height=\"841\" src=\"https:\/\/movieix.com\/wp-content\/uploads\/2026\/04\/Jean-Reno.jpg\" class=\"attachment-full size-full wp-post-image\" alt=\"\" srcset=\"https:\/\/movieix.com\/wp-content\/uploads\/2026\/04\/Jean-Reno.jpg 633w, https:\/\/movieix.com\/wp-content\/uploads\/2026\/04\/Jean-Reno-226x300.jpg 226w, https:\/\/movieix.com\/wp-content\/uploads\/2026\/04\/Jean-Reno-9x12.jpg 9w\" sizes=\"auto, (max-width: 633px) 100vw, 633px\" \/>\t\t\t\t\t\t\t\t\t<\/a>\n\t\t\t\t\t<\/div>\n        <div class=\"edgtf-bli-content\">\n            \t\n\t        \n<h4 itemprop=\"name\" class=\"entry-title edgtf-post-title\" >\n            <a itemprop=\"url\" href=\"https:\/\/movieix.com\/de\/jean-reno-10-best-movies\/\" title=\"Jean Reno \u2013 10 beste Filme\">\n            Jean Reno \u2013 10 beste Filme            <\/a>\n    <\/h4>\t\n\t        <div class=\"edgtf-bli-excerpt\">\n\t\t        \t\t<div class=\"edgtf-post-excerpt-holder\">\n\t\t\t<p itemprop=\"description\" class=\"edgtf-post-excerpt\">\n\t\t\t\t\r\n\r\n\r\n\r\n\r\n\r\n\r\n\r\n\r\n\r\n\r\n\r\nMit einer jahrzehntelangen Karriere hat sich Jean Reno einen Namen als einer der markantesten Schauspieler des internationalen Kinos gemacht. Bekannt f\u00fcr seine ruhige Intensit\u00e4t, seine tiefe Stimme und seine emotionale Tiefe, wechselt er m\u00fchelos zwischen franz\u00f6sischen Klassikern und Hollywood-Blockbustern.\t\t\t<\/p>\n\t\t<\/div>\n\t\t<div class=\"edgtf-post-read-more-button\">\n\t\t<a itemprop=\"url\" href=\"https:\/\/movieix.com\/de\/jean-reno-10-best-movies\/\" target=\"_self\"  class=\"edgtf-btn edgtf-btn-medium edgtf-btn-simple edgtf-btn- edgtf-blog-list-button edgtf-hover-animation\"  >    <span class=\"edgtf-btn-text\">Read More<\/span>    <\/a>\t<\/div>\n\t        <\/div>\n        <\/div>\n\t<\/div>\n<\/li><li class=\"edgtf-bl-item edgtf-item-space clearfix\">\n\t<div class=\"edgtf-bli-inner\">\n\t\t\n\t<div class=\"edgtf-post-image\">\n\t\t            <a itemprop=\"url\" href=\"https:\/\/movieix.com\/de\/richard-gere-and-julia-roberts\/\" title=\"Richard Gere und Julia Roberts \u2013 Beste Filme\">\n\t\t\t\t\t<img loading=\"lazy\" decoding=\"async\" width=\"633\" height=\"841\" src=\"https:\/\/movieix.com\/wp-content\/uploads\/2025\/08\/Richard-Gere-and-Julia-Roberts.jpg\" class=\"attachment-full size-full wp-post-image\" alt=\"\" srcset=\"https:\/\/movieix.com\/wp-content\/uploads\/2025\/08\/Richard-Gere-and-Julia-Roberts.jpg 633w, https:\/\/movieix.com\/wp-content\/uploads\/2025\/08\/Richard-Gere-and-Julia-Roberts-226x300.jpg 226w, https:\/\/movieix.com\/wp-content\/uploads\/2025\/08\/Richard-Gere-and-Julia-Roberts-9x12.jpg 9w\" sizes=\"auto, (max-width: 633px) 100vw, 633px\" \/>\t\t\t\t\t\t\t\t\t<\/a>\n\t\t\t\t\t<\/div>\n        <div class=\"edgtf-bli-content\">\n            \t\n\t        \n<h4 itemprop=\"name\" class=\"entry-title edgtf-post-title\" >\n            <a itemprop=\"url\" href=\"https:\/\/movieix.com\/de\/richard-gere-and-julia-roberts\/\" title=\"Richard Gere und Julia Roberts \u2013 Beste Filme\">\n            Richard Gere und Julia Roberts \u2013 Beste Filme            <\/a>\n    <\/h4>\t\n\t        <div class=\"edgtf-bli-excerpt\">\n\t\t        \t\t<div class=\"edgtf-post-excerpt-holder\">\n\t\t\t<p itemprop=\"description\" class=\"edgtf-post-excerpt\">\n\t\t\t\t\r\n\r\n\r\n\r\n\r\n\r\n\r\n\r\n\r\n\r\n\r\n\r\n\r\nRichard Gere und Julia Roberts z\u00e4hlen zu den beliebtesten Paaren der romantischen Kom\u00f6die, und ihre besten gemeinsamen Leistungen zeigen sie in zwei Kinohits von Garry Marshall. In \u201eDie Sch\u00f6ne und das Biest\u201c (1990) brilliert Roberts als Vivian Ward, eine schlagfertige Hollywood-Escortdame, an der Seite von Gere als charmantem Firmenj\u00e4ger.\t\t\t<\/p>\n\t\t<\/div>\n\t\t<div class=\"edgtf-post-read-more-button\">\n\t\t<a itemprop=\"url\" href=\"https:\/\/movieix.com\/de\/richard-gere-and-julia-roberts\/\" target=\"_self\"  class=\"edgtf-btn edgtf-btn-medium edgtf-btn-simple edgtf-btn- edgtf-blog-list-button edgtf-hover-animation\"  >    <span class=\"edgtf-btn-text\">Read More<\/span>    <\/a>\t<\/div>\n\t        <\/div>\n        <\/div>\n\t<\/div>\n<\/li><li class=\"edgtf-bl-item edgtf-item-space clearfix\">\n\t<div class=\"edgtf-bli-inner\">\n\t\t\n\t<div class=\"edgtf-post-image\">\n\t\t            <a itemprop=\"url\" href=\"https:\/\/movieix.com\/de\/best-adam-sandler-movies\/\" title=\"Adam Sandler \u2013 10 beste Filme\">\n\t\t\t\t\t<img loading=\"lazy\" decoding=\"async\" width=\"633\" height=\"843\" src=\"https:\/\/movieix.com\/wp-content\/uploads\/2025\/05\/Adam-Sandler.jpg\" class=\"attachment-full size-full wp-post-image\" alt=\"\" srcset=\"https:\/\/movieix.com\/wp-content\/uploads\/2025\/05\/Adam-Sandler.jpg 633w, https:\/\/movieix.com\/wp-content\/uploads\/2025\/05\/Adam-Sandler-225x300.jpg 225w\" sizes=\"auto, (max-width: 633px) 100vw, 633px\" \/>\t\t\t\t\t\t\t\t\t<\/a>\n\t\t\t\t\t<\/div>\n        <div class=\"edgtf-bli-content\">\n            \t\n\t        \n<h4 itemprop=\"name\" class=\"entry-title edgtf-post-title\" >\n            <a itemprop=\"url\" href=\"https:\/\/movieix.com\/de\/best-adam-sandler-movies\/\" title=\"Adam Sandler \u2013 10 beste Filme\">\n            Adam Sandler \u2013 10 beste Filme            <\/a>\n    <\/h4>\t\n\t        <div class=\"edgtf-bli-excerpt\">\n\t\t        \t\t<div class=\"edgtf-post-excerpt-holder\">\n\t\t\t<p itemprop=\"description\" class=\"edgtf-post-excerpt\">\n\t\t\t\tAdam Sandlers Top 10 seiner fr\u00fchen Filme zeichnen den Aufstieg einer einzigartigen kom\u00f6diantischen Stimme nach, die Herz, Absurdit\u00e4t und frische Energie nach Hollywood brachte. Vom schr\u00e4gen Charme von \u201cBilly Madison\u201d bis zur unerwarteten emotionalen Tiefe von \u201cPunch-Drunk Love\u201d \u2013 jeder Film ist ein Meisterwerk.\t\t\t<\/p>\n\t\t<\/div>\n\t\t<div class=\"edgtf-post-read-more-button\">\n\t\t<a itemprop=\"url\" href=\"https:\/\/movieix.com\/de\/best-adam-sandler-movies\/\" target=\"_self\"  class=\"edgtf-btn edgtf-btn-medium edgtf-btn-simple edgtf-btn- edgtf-blog-list-button edgtf-hover-animation\"  >    <span class=\"edgtf-btn-text\">Read More<\/span>    <\/a>\t<\/div>\n\t        <\/div>\n        <\/div>\n\t<\/div>\n<\/li><li class=\"edgtf-bl-item edgtf-item-space clearfix\">\n\t<div class=\"edgtf-bli-inner\">\n\t\t\n\t<div class=\"edgtf-post-image\">\n\t\t            <a itemprop=\"url\" href=\"https:\/\/movieix.com\/de\/ken-watanabe-10-best-movies\/\" title=\"Ken Watanabe \u2013 10 beste Filme\">\n\t\t\t\t\t<img loading=\"lazy\" decoding=\"async\" width=\"633\" height=\"843\" src=\"https:\/\/movieix.com\/wp-content\/uploads\/2023\/11\/Ken-Watanabe-1.jpg\" class=\"attachment-full size-full wp-post-image\" alt=\"\" srcset=\"https:\/\/movieix.com\/wp-content\/uploads\/2023\/11\/Ken-Watanabe-1.jpg 633w, https:\/\/movieix.com\/wp-content\/uploads\/2023\/11\/Ken-Watanabe-1-225x300.jpg 225w\" sizes=\"auto, (max-width: 633px) 100vw, 633px\" \/>\t\t\t\t\t\t\t\t\t<\/a>\n\t\t\t\t\t<\/div>\n        <div class=\"edgtf-bli-content\">\n            \t\n\t        \n<h4 itemprop=\"name\" class=\"entry-title edgtf-post-title\" >\n            <a itemprop=\"url\" href=\"https:\/\/movieix.com\/de\/ken-watanabe-10-best-movies\/\" title=\"Ken Watanabe \u2013 10 beste Filme\">\n            Ken Watanabe \u2013 10 beste Filme            <\/a>\n    <\/h4>\t\n\t        <div class=\"edgtf-bli-excerpt\">\n\t\t        \t\t<div class=\"edgtf-post-excerpt-holder\">\n\t\t\t<p itemprop=\"description\" class=\"edgtf-post-excerpt\">\n\t\t\t\tDie Top 10 Filme von Ken Watanabe, einem hochgelobten japanischen Schauspieler, der f\u00fcr seine fesselnden Darbietungen in verschiedensten Filmen bekannt ist. Mit einer Karriere, die sowohl das japanische als auch das internationale Kino umfasst, hat Watanabe die Branche ma\u00dfgeblich gepr\u00e4gt. Bemerkenswerte Filme\t\t\t<\/p>\n\t\t<\/div>\n\t\t<div class=\"edgtf-post-read-more-button\">\n\t\t<a itemprop=\"url\" href=\"https:\/\/movieix.com\/de\/ken-watanabe-10-best-movies\/\" target=\"_self\"  class=\"edgtf-btn edgtf-btn-medium edgtf-btn-simple edgtf-btn- edgtf-blog-list-button edgtf-hover-animation\"  >    <span class=\"edgtf-btn-text\">Read More<\/span>    <\/a>\t<\/div>\n\t        <\/div>\n        <\/div>\n\t<\/div>\n<\/li><li class=\"edgtf-bl-item edgtf-item-space clearfix\">\n\t<div class=\"edgtf-bli-inner\">\n\t\t\n\t<div class=\"edgtf-post-image\">\n\t\t            <a itemprop=\"url\" href=\"https:\/\/movieix.com\/de\/nicoletta-braschi-10-best-movies\/\" title=\"Nicoletta Braschi \u2013 10 beste Filme\">\n\t\t\t\t\t<img loading=\"lazy\" decoding=\"async\" width=\"633\" height=\"841\" src=\"https:\/\/movieix.com\/wp-content\/uploads\/2023\/11\/nicoletta-braschi-1.jpg\" class=\"attachment-full size-full wp-post-image\" alt=\"\" srcset=\"https:\/\/movieix.com\/wp-content\/uploads\/2023\/11\/nicoletta-braschi-1.jpg 633w, https:\/\/movieix.com\/wp-content\/uploads\/2023\/11\/nicoletta-braschi-1-226x300.jpg 226w\" sizes=\"auto, (max-width: 633px) 100vw, 633px\" \/>\t\t\t\t\t\t\t\t\t<\/a>\n\t\t\t\t\t<\/div>\n        <div class=\"edgtf-bli-content\">\n            \t\n\t        \n<h4 itemprop=\"name\" class=\"entry-title edgtf-post-title\" >\n            <a itemprop=\"url\" href=\"https:\/\/movieix.com\/de\/nicoletta-braschi-10-best-movies\/\" title=\"Nicoletta Braschi \u2013 10 beste Filme\">\n            Nicoletta Braschi \u2013 10 beste Filme            <\/a>\n    <\/h4>\t\n\t        <div class=\"edgtf-bli-excerpt\">\n\t\t        \t\t<div class=\"edgtf-post-excerpt-holder\">\n\t\t\t<p itemprop=\"description\" class=\"edgtf-post-excerpt\">\n\t\t\t\t\r\n\r\n\r\n\r\n\r\n\r\n\r\n\r\n\r\nNicoletta Braschis Top 10 Filme \u2013 entdecken Sie die fesselnden Darbietungen und das vielseitige Talent der Schauspielerin in einem breiten Spektrum von Genres, vom skurrilen Charme von \"Das Leben ist sch\u00f6n\" bis zum poetischen Drama von \"Der Garten der Finzi-Continis\".\t\t\t<\/p>\n\t\t<\/div>\n\t\t<div class=\"edgtf-post-read-more-button\">\n\t\t<a itemprop=\"url\" href=\"https:\/\/movieix.com\/de\/nicoletta-braschi-10-best-movies\/\" target=\"_self\"  class=\"edgtf-btn edgtf-btn-medium edgtf-btn-simple edgtf-btn- edgtf-blog-list-button edgtf-hover-animation\"  >    <span class=\"edgtf-btn-text\">Read More<\/span>    <\/a>\t<\/div>\n\t        <\/div>\n        <\/div>\n\t<\/div>\n<\/li><li class=\"edgtf-bl-item edgtf-item-space clearfix\">\n\t<div class=\"edgtf-bli-inner\">\n\t\t\n\t<div class=\"edgtf-post-image\">\n\t\t            <a itemprop=\"url\" href=\"https:\/\/movieix.com\/de\/roberto-benigni-10-best-movies\/\" title=\"Roberto Benigni \u2013 10 beste Filme\">\n\t\t\t\t\t<img loading=\"lazy\" decoding=\"async\" width=\"633\" height=\"841\" src=\"https:\/\/movieix.com\/wp-content\/uploads\/2023\/11\/roberto-benigni.jpg\" class=\"attachment-full size-full wp-post-image\" alt=\"\" srcset=\"https:\/\/movieix.com\/wp-content\/uploads\/2023\/11\/roberto-benigni.jpg 633w, https:\/\/movieix.com\/wp-content\/uploads\/2023\/11\/roberto-benigni-226x300.jpg 226w\" sizes=\"auto, (max-width: 633px) 100vw, 633px\" \/>\t\t\t\t\t\t\t\t\t<\/a>\n\t\t\t\t\t<\/div>\n        <div class=\"edgtf-bli-content\">\n            \t\n\t        \n<h4 itemprop=\"name\" class=\"entry-title edgtf-post-title\" >\n            <a itemprop=\"url\" href=\"https:\/\/movieix.com\/de\/roberto-benigni-10-best-movies\/\" title=\"Roberto Benigni \u2013 10 beste Filme\">\n            Roberto Benigni \u2013 10 beste Filme            <\/a>\n    <\/h4>\t\n\t        <div class=\"edgtf-bli-excerpt\">\n\t\t        \t\t<div class=\"edgtf-post-excerpt-holder\">\n\t\t\t<p itemprop=\"description\" class=\"edgtf-post-excerpt\">\n\t\t\t\t\r\n\r\n\r\n\r\n\r\n\r\n\r\n\r\n\r\nRoberto Benignis Top 10 Filme, die das au\u00dfergew\u00f6hnliche Talent des Schauspielers und seine einzigartigen Darbietungen in unterschiedlichsten Genres offenbaren. Von der herzerw\u00e4rmenden Kom\u00f6die \"Das Leben ist sch\u00f6n\" bis zum skurrilen Charme von \"Johnny Stecchino\" \u2013 jeder Film auf dieser Liste zeigt \u2026\t\t\t<\/p>\n\t\t<\/div>\n\t\t<div class=\"edgtf-post-read-more-button\">\n\t\t<a itemprop=\"url\" href=\"https:\/\/movieix.com\/de\/roberto-benigni-10-best-movies\/\" target=\"_self\"  class=\"edgtf-btn edgtf-btn-medium edgtf-btn-simple edgtf-btn- edgtf-blog-list-button edgtf-hover-animation\"  >    <span class=\"edgtf-btn-text\">Read More<\/span>    <\/a>\t<\/div>\n\t        <\/div>\n        <\/div>\n\t<\/div>\n<\/li><li class=\"edgtf-bl-item edgtf-item-space clearfix\">\n\t<div class=\"edgtf-bli-inner\">\n\t\t\n\t<div class=\"edgtf-post-image\">\n\t\t            <a itemprop=\"url\" href=\"https:\/\/movieix.com\/de\/pierre-richard-10-best-movies\/\" title=\"Pierre Richard \u2013 10 beste Filme\">\n\t\t\t\t\t<img loading=\"lazy\" decoding=\"async\" width=\"633\" height=\"841\" src=\"https:\/\/movieix.com\/wp-content\/uploads\/2023\/11\/Pierre-Richard.jpg\" class=\"attachment-full size-full wp-post-image\" alt=\"\" srcset=\"https:\/\/movieix.com\/wp-content\/uploads\/2023\/11\/Pierre-Richard.jpg 633w, https:\/\/movieix.com\/wp-content\/uploads\/2023\/11\/Pierre-Richard-226x300.jpg 226w\" sizes=\"auto, (max-width: 633px) 100vw, 633px\" \/>\t\t\t\t\t\t\t\t\t<\/a>\n\t\t\t\t\t<\/div>\n        <div class=\"edgtf-bli-content\">\n            \t\n\t        \n<h4 itemprop=\"name\" class=\"entry-title edgtf-post-title\" >\n            <a itemprop=\"url\" href=\"https:\/\/movieix.com\/de\/pierre-richard-10-best-movies\/\" title=\"Pierre Richard \u2013 10 beste Filme\">\n            Pierre Richard \u2013 10 beste Filme            <\/a>\n    <\/h4>\t\n\t        <div class=\"edgtf-bli-excerpt\">\n\t\t        \t\t<div class=\"edgtf-post-excerpt-holder\">\n\t\t\t<p itemprop=\"description\" class=\"edgtf-post-excerpt\">\n\t\t\t\t\r\n\r\n\r\n\r\n\r\n\r\n\r\n\r\n\r\n\r\n\r\n\r\n\r\nPierre Richards Top 10 Filme offenbaren das bemerkenswerte Talent des Schauspielers und seine bezaubernden Darbietungen \u2013 vom kom\u00f6diantischen Charme von \"Der gro\u00dfe blonde Mann mit dem einen schwarzen Schuh\" bis hin zum herzerw\u00e4rmenden \"La Chevre\". Jeder Film auf der Liste demonstriert Richards F\u00e4higkeit\u2026\t\t\t<\/p>\n\t\t<\/div>\n\t\t<div class=\"edgtf-post-read-more-button\">\n\t\t<a itemprop=\"url\" href=\"https:\/\/movieix.com\/de\/pierre-richard-10-best-movies\/\" target=\"_self\"  class=\"edgtf-btn edgtf-btn-medium edgtf-btn-simple edgtf-btn- edgtf-blog-list-button edgtf-hover-animation\"  >    <span class=\"edgtf-btn-text\">Read More<\/span>    <\/a>\t<\/div>\n\t        <\/div>\n        <\/div>\n\t<\/div>\n<\/li><li class=\"edgtf-bl-item edgtf-item-space clearfix\">\n\t<div class=\"edgtf-bli-inner\">\n\t\t\n\t<div class=\"edgtf-post-image\">\n\t\t            <a itemprop=\"url\" href=\"https:\/\/movieix.com\/de\/marion-cotillard-10-best-movies\/\" title=\"Marion Cotillard &#8211; 10 Best Movies\">\n\t\t\t\t\t<img loading=\"lazy\" decoding=\"async\" width=\"633\" height=\"841\" src=\"https:\/\/movieix.com\/wp-content\/uploads\/2023\/11\/Marion-Cotillard.jpg\" class=\"attachment-full size-full wp-post-image\" alt=\"\" srcset=\"https:\/\/movieix.com\/wp-content\/uploads\/2023\/11\/Marion-Cotillard.jpg 633w, https:\/\/movieix.com\/wp-content\/uploads\/2023\/11\/Marion-Cotillard-226x300.jpg 226w\" sizes=\"auto, (max-width: 633px) 100vw, 633px\" \/>\t\t\t\t\t\t\t\t\t<\/a>\n\t\t\t\t\t<\/div>\n        <div class=\"edgtf-bli-content\">\n            \t\n\t        \n<h4 itemprop=\"name\" class=\"entry-title edgtf-post-title\" >\n            <a itemprop=\"url\" href=\"https:\/\/movieix.com\/de\/marion-cotillard-10-best-movies\/\" title=\"Marion Cotillard &#8211; 10 Best Movies\">\n            Marion Cotillard &#8211; 10 Best Movies            <\/a>\n    <\/h4>\t\n\t        <div class=\"edgtf-bli-excerpt\">\n\t\t        \t\t<div class=\"edgtf-post-excerpt-holder\">\n\t\t\t<p itemprop=\"description\" class=\"edgtf-post-excerpt\">\n\t\t\t\t\r\n\r\n\r\n\r\n\r\n\r\n\r\n\r\n\r\nMarion Cotillard's compilation of top 10 films, uncovering the actress's exceptional talent and captivating performances across a diverse range of genres. From the transformative role in \"La Vie en Rose\" to the spellbinding \"Inception,\" each film on the list showcases\t\t\t<\/p>\n\t\t<\/div>\n\t\t<div class=\"edgtf-post-read-more-button\">\n\t\t<a itemprop=\"url\" href=\"https:\/\/movieix.com\/de\/marion-cotillard-10-best-movies\/\" target=\"_self\"  class=\"edgtf-btn edgtf-btn-medium edgtf-btn-simple edgtf-btn- edgtf-blog-list-button edgtf-hover-animation\"  >    <span class=\"edgtf-btn-text\">Read More<\/span>    <\/a>\t<\/div>\n\t        <\/div>\n        <\/div>\n\t<\/div>\n<\/li>\t\t<\/ul>\n\t<\/div>\n\t\t<div class=\"edgtf-blog-pag-loading\">\n\t\t<div class=\"edgtf-blog-pag-bounce1\"><\/div>\n\t\t<div class=\"edgtf-blog-pag-bounce2\"><\/div>\n\t\t<div class=\"edgtf-blog-pag-bounce3\"><\/div>\n\t<\/div>\n\t<div class=\"edgtf-blog-pag-load-more\">\n\t\t<a itemprop=\"url\" href=\"#\" target=\"_self\"  class=\"edgtf-btn edgtf-btn-medium edgtf-btn-outline edgtf-btn- edgtf-hover-animation\"  >    <span class=\"edgtf-btn-text\">Load More<\/span>    <\/a>\t<\/div>\n<input type=\"hidden\" id=\"edgtf_blog_load_more_nonce_7201\" name=\"edgtf_blog_load_more_nonce_7201\" value=\"3aa0adab93\" \/><input type=\"hidden\" name=\"_wp_http_referer\" value=\"\/de\/wp-json\/wp\/v2\/pages\/6202\" \/><\/div><\/div><\/div><\/div><\/div>\n<\/section>","protected":false},"excerpt":{"rendered":"Marion Cotillard's compilation of top 10 films, uncovering the actress's exceptional talent and captivating performances across a diverse range of genres. From the transformative role in \"La Vie en Rose\" to the spellbinding \"Inception,\" each film on the list showcases [...]","protected":false},"author":1,"featured_media":0,"parent":0,"menu_order":0,"comment_status":"closed","ping_status":"closed","template":"","meta":{"footnotes":""},"class_list":["post-6202","page","type-page","status-publish","hentry"],"acf":[],"yoast_head":"<!-- This site is optimized with the Yoast SEO plugin v27.5 - https:\/\/yoast.com\/product\/yoast-seo-wordpress\/ -->\n<title>Actor Recommendations - Movieix<\/title>\n<meta name=\"robots\" content=\"index, follow, max-snippet:-1, max-image-preview:large, max-video-preview:-1\" \/>\n<link rel=\"canonical\" href=\"https:\/\/movieix.com\/de\/actor-recommendations\/\" \/>\n<meta property=\"og:locale\" content=\"de_DE\" \/>\n<meta property=\"og:type\" content=\"article\" \/>\n<meta property=\"og:title\" content=\"Actor Recommendations - Movieix\" \/>\n<meta property=\"og:url\" content=\"https:\/\/movieix.com\/de\/actor-recommendations\/\" \/>\n<meta property=\"og:site_name\" content=\"Movieix\" \/>\n<meta property=\"article:modified_time\" content=\"2026-05-13T05:07:05+00:00\" \/>\n<meta name=\"twitter:card\" content=\"summary_large_image\" \/>\n<meta name=\"twitter:label1\" content=\"Gesch\u00e4tzte Lesezeit\" \/>\n\t<meta name=\"twitter:data1\" content=\"1\u00a0Minute\" \/>\n<script type=\"application\/ld+json\" class=\"yoast-schema-graph\">{\"@context\":\"https:\\\/\\\/schema.org\",\"@graph\":[{\"@type\":\"WebPage\",\"@id\":\"https:\\\/\\\/movieix.com\\\/actor-recommendations\\\/\",\"url\":\"https:\\\/\\\/movieix.com\\\/actor-recommendations\\\/\",\"name\":\"Actor Recommendations - Movieix\",\"isPartOf\":{\"@id\":\"https:\\\/\\\/movieix.com\\\/#website\"},\"datePublished\":\"2026-02-11T03:32:45+00:00\",\"dateModified\":\"2026-05-13T05:07:05+00:00\",\"breadcrumb\":{\"@id\":\"https:\\\/\\\/movieix.com\\\/actor-recommendations\\\/#breadcrumb\"},\"inLanguage\":\"de\",\"potentialAction\":[{\"@type\":\"ReadAction\",\"target\":[\"https:\\\/\\\/movieix.com\\\/actor-recommendations\\\/\"]}]},{\"@type\":\"BreadcrumbList\",\"@id\":\"https:\\\/\\\/movieix.com\\\/actor-recommendations\\\/#breadcrumb\",\"itemListElement\":[{\"@type\":\"ListItem\",\"position\":1,\"name\":\"\u0413\u043b\u0430\u0432\u043d\u0430\u044f \u0441\u0442\u0440\u0430\u043d\u0438\u0446\u0430\",\"item\":\"https:\\\/\\\/movieix.com\\\/\"},{\"@type\":\"ListItem\",\"position\":2,\"name\":\"Actor Recommendations\"}]},{\"@type\":\"WebSite\",\"@id\":\"https:\\\/\\\/movieix.com\\\/#website\",\"url\":\"https:\\\/\\\/movieix.com\\\/\",\"name\":\"Movieix\",\"description\":\"\",\"potentialAction\":[{\"@type\":\"SearchAction\",\"target\":{\"@type\":\"EntryPoint\",\"urlTemplate\":\"https:\\\/\\\/movieix.com\\\/?s={search_term_string}\"},\"query-input\":{\"@type\":\"PropertyValueSpecification\",\"valueRequired\":true,\"valueName\":\"search_term_string\"}}],\"inLanguage\":\"de\"}]}<\/script>\n<!-- \/ Yoast SEO plugin. -->","yoast_head_json":{"title":"Actor Recommendations - Movieix","robots":{"index":"index","follow":"follow","max-snippet":"max-snippet:-1","max-image-preview":"max-image-preview:large","max-video-preview":"max-video-preview:-1"},"canonical":"https:\/\/movieix.com\/de\/actor-recommendations\/","og_locale":"de_DE","og_type":"article","og_title":"Actor Recommendations - Movieix","og_url":"https:\/\/movieix.com\/de\/actor-recommendations\/","og_site_name":"Movieix","article_modified_time":"2026-05-13T05:07:05+00:00","twitter_card":"summary_large_image","twitter_misc":{"Gesch\u00e4tzte Lesezeit":"1\u00a0Minute"},"schema":{"@context":"https:\/\/schema.org","@graph":[{"@type":"WebPage","@id":"https:\/\/movieix.com\/actor-recommendations\/","url":"https:\/\/movieix.com\/actor-recommendations\/","name":"Actor Recommendations - Movieix","isPartOf":{"@id":"https:\/\/movieix.com\/#website"},"datePublished":"2026-02-11T03:32:45+00:00","dateModified":"2026-05-13T05:07:05+00:00","breadcrumb":{"@id":"https:\/\/movieix.com\/actor-recommendations\/#breadcrumb"},"inLanguage":"de","potentialAction":[{"@type":"ReadAction","target":["https:\/\/movieix.com\/actor-recommendations\/"]}]},{"@type":"BreadcrumbList","@id":"https:\/\/movieix.com\/actor-recommendations\/#breadcrumb","itemListElement":[{"@type":"ListItem","position":1,"name":"\u0413\u043b\u0430\u0432\u043d\u0430\u044f \u0441\u0442\u0440\u0430\u043d\u0438\u0446\u0430","item":"https:\/\/movieix.com\/"},{"@type":"ListItem","position":2,"name":"Actor Recommendations"}]},{"@type":"WebSite","@id":"https:\/\/movieix.com\/#website","url":"https:\/\/movieix.com\/","name":"Movieix","description":"","potentialAction":[{"@type":"SearchAction","target":{"@type":"EntryPoint","urlTemplate":"https:\/\/movieix.com\/?s={search_term_string}"},"query-input":{"@type":"PropertyValueSpecification","valueRequired":true,"valueName":"search_term_string"}}],"inLanguage":"de"}]}},"_links":{"self":[{"href":"https:\/\/movieix.com\/de\/wp-json\/wp\/v2\/pages\/6202","targetHints":{"allow":["GET"]}}],"collection":[{"href":"https:\/\/movieix.com\/de\/wp-json\/wp\/v2\/pages"}],"about":[{"href":"https:\/\/movieix.com\/de\/wp-json\/wp\/v2\/types\/page"}],"author":[{"embeddable":true,"href":"https:\/\/movieix.com\/de\/wp-json\/wp\/v2\/users\/1"}],"replies":[{"embeddable":true,"href":"https:\/\/movieix.com\/de\/wp-json\/wp\/v2\/comments?post=6202"}],"version-history":[{"count":7,"href":"https:\/\/movieix.com\/de\/wp-json\/wp\/v2\/pages\/6202\/revisions"}],"predecessor-version":[{"id":6506,"href":"https:\/\/movieix.com\/de\/wp-json\/wp\/v2\/pages\/6202\/revisions\/6506"}],"wp:attachment":[{"href":"https:\/\/movieix.com\/de\/wp-json\/wp\/v2\/media?parent=6202"}],"curies":[{"name":"wp","href":"https:\/\/api.w.org\/{rel}","templated":true}]}}